{"id":21518,"date":"2026-03-30T19:44:07","date_gmt":"2026-03-31T00:44:07","guid":{"rendered":"https:\/\/www.liana.com.co\/?post_type=product&#038;p=21518"},"modified":"2026-04-08T09:29:57","modified_gmt":"2026-04-08T14:29:57","slug":"lampara-matamba","status":"publish","type":"product","link":"https:\/\/www.liana.com.co\/en\/product\/lampara-matamba\/","title":{"rendered":"LA  MATAMBA"},"content":{"rendered":"<ul>\n<li id=\"p-rc_e1e41d4f7ae7fdee-32\" data-path-to-node=\"13\"><span data-path-to-node=\"13,0\"><b data-path-to-node=\"13,0\" data-index-in-node=\"28\"><span class=\"citation-39\">Measurements<\/span><\/b><span class=\"citation-39\"> <span class=\"citation-131\">\u00a0Di\u00e1metro 20 cm \/ Alto 30 cm<\/span>.<\/span><\/span><\/li>\n<li>\n<p id=\"p-rc_e1e41d4f7ae7fdee-33\" data-path-to-node=\"14,0,1\"><span data-path-to-node=\"14,0,1,0\"><b data-path-to-node=\"14,0,1,0\" data-index-in-node=\"0\"><span class=\"citation-38\">Materiales:<\/span><\/b><span class=\"citation-38\"> <span class=\"citation-130\">Fibra natural de Matamba<\/span>.<\/span><\/span><\/p>\n<\/li>\n<li>\n<p id=\"p-rc_e1e41d4f7ae7fdee-33\" data-path-to-node=\"14,0,1\"><span data-path-to-node=\"14,1,1,0\"><b data-path-to-node=\"14,1,1,0\" data-index-in-node=\"0\"><span class=\"citation-37\">Technique<\/span><\/b><span class=\"citation-37\"> Cester\u00eda manual tradicional. <\/span><\/span><\/p>\n<\/li>\n<li>\n<p id=\"p-rc_e1e41d4f7ae7fdee-35\" data-path-to-node=\"14,2,1\"><span data-path-to-node=\"14,2,1,0\"><b data-path-to-node=\"14,2,1,0\" data-index-in-node=\"0\"><span class=\"citation-36\">Origen:<\/span><\/b><span class=\"citation-36\">\u00a0 Cartagena <span class=\"citation-128\">Colombia<\/span>.<\/span><\/span><span data-path-to-node=\"14,3,1,0\"><span class=\"citation-35\">\u00a0<\/span><\/span><\/p>\n<\/li>\n<li><span data-path-to-node=\"17,0\"><b data-path-to-node=\"17,0\" data-index-in-node=\"0\">Cuidados y Mantenimiento<\/b> Limpiar con un pa\u00f1o seco para eliminar el polvo. <\/span><span data-path-to-node=\"17,2\"><span class=\"citation-33\">Evitar la exposici\u00f3n prolongada a la humedad directa y a la luz solar intensa para preservar los tonos naturales de la fibra<\/span><\/span><\/li>\n<li><span data-path-to-node=\"12,0,1,3\"><span class=\"citation-134\">Esta pieza nace en el coraz\u00f3n de las zonas h\u00famedas de Colombia, donde la fibra de matamba es recolectada y transformada mediante t\u00e9cnicas de cester\u00eda ancestral<\/span><\/span><span data-path-to-node=\"12,0,1,5\">. <\/span><span data-path-to-node=\"12,0,1,7\"><span class=\"citation-133\">Cada l\u00e1mpara es un tributo a la biodiversidad y al conocimiento de comunidades que han convertido esta resistente fibra de palma en un elemento de dise\u00f1o contempor\u00e1neo, llevando la serenidad de la selva directamente a tu hogar<\/span><\/span><span data-path-to-node=\"12,0,1,9\">.<\/span><\/li>\n<\/ul>","protected":false},"excerpt":{"rendered":"<p>A basket full of tradition<\/p>","protected":false},"featured_media":21507,"template":"","meta":{"content-type":""},"product_brand":[],"product_cat":[6644,15],"product_tag":[6592,6593,6684],"class_list":{"0":"post-21518","1":"product","2":"type-product","3":"status-publish","4":"has-post-thumbnail","6":"product_cat-canastos","7":"product_cat-todos","8":"product_tag-canasto","9":"product_tag-cesteria","10":"product_tag-okaina","12":"first","13":"instock","14":"shipping-taxable","15":"product-type-simple"},"yoast_head":"<!-- This site is optimized with the Yoast SEO plugin v27.4 - https:\/\/yoast.com\/product\/yoast-seo-wordpress\/ -->\n<title>LA MATAMBA | LIANA<\/title>\n<meta name=\"description\" content=\"Descubre la L\u00e1mpara Matamba de Liana. Tejida a mano con fibras naturales de la selva. Dise\u00f1o org\u00e1nico y sostenible para iluminar con alma.\" \/>\n<meta name=\"robots\" content=\"index, follow, max-snippet:-1, max-image-preview:large, max-video-preview:-1\" \/>\n<link rel=\"canonical\" href=\"https:\/\/www.liana.com.co\/en\/product\/lampara-matamba\/\" \/>\n<meta property=\"og:locale\" content=\"en_US\" \/>\n<meta property=\"og:type\" content=\"article\" \/>\n<meta property=\"og:title\" content=\"LA MATAMBA | LIANA\" \/>\n<meta property=\"og:description\" content=\"Descubre la L\u00e1mpara Matamba de Liana. Tejida a mano con fibras naturales de la selva. Dise\u00f1o org\u00e1nico y sostenible para iluminar con alma.\" \/>\n<meta property=\"og:url\" content=\"https:\/\/www.liana.com.co\/en\/product\/lampara-matamba\/\" \/>\n<meta property=\"og:site_name\" content=\"LIANA\" \/>\n<meta property=\"article:publisher\" content=\"https:\/\/www.facebook.com\/LIANAcreativa\" \/>\n<meta property=\"article:modified_time\" content=\"2026-04-08T14:29:57+00:00\" \/>\n<meta property=\"og:image\" content=\"https:\/\/www.liana.com.co\/wp-content\/uploads\/2022\/10\/WhatsApp-Image-2026-03-28-at-8.33.03-PM.jpeg\" \/>\n\t<meta property=\"og:image:width\" content=\"1024\" \/>\n\t<meta property=\"og:image:height\" content=\"1024\" \/>\n\t<meta property=\"og:image:type\" content=\"image\/jpeg\" \/>\n<meta name=\"twitter:card\" content=\"summary_large_image\" \/>\n<meta name=\"twitter:label1\" content=\"Est. reading time\" \/>\n\t<meta name=\"twitter:data1\" content=\"1 minute\" \/>\n<script type=\"application\/ld+json\" class=\"yoast-schema-graph\">{\"@context\":\"https:\\\/\\\/schema.org\",\"@graph\":[{\"@type\":\"WebPage\",\"@id\":\"https:\\\/\\\/www.liana.com.co\\\/producto\\\/lampara-matamba\\\/\",\"url\":\"https:\\\/\\\/www.liana.com.co\\\/producto\\\/lampara-matamba\\\/\",\"name\":\"LA MATAMBA | LIANA\",\"isPartOf\":{\"@id\":\"https:\\\/\\\/www.liana.com.co\\\/#website\"},\"primaryImageOfPage\":{\"@id\":\"https:\\\/\\\/www.liana.com.co\\\/producto\\\/lampara-matamba\\\/#primaryimage\"},\"image\":{\"@id\":\"https:\\\/\\\/www.liana.com.co\\\/producto\\\/lampara-matamba\\\/#primaryimage\"},\"thumbnailUrl\":\"https:\\\/\\\/www.liana.com.co\\\/wp-content\\\/uploads\\\/2022\\\/10\\\/WhatsApp-Image-2026-03-28-at-8.33.03-PM.jpeg\",\"datePublished\":\"2026-03-31T00:44:07+00:00\",\"dateModified\":\"2026-04-08T14:29:57+00:00\",\"description\":\"Descubre la L\u00e1mpara Matamba de Liana. Tejida a mano con fibras naturales de la selva. Dise\u00f1o org\u00e1nico y sostenible para iluminar con alma.\",\"breadcrumb\":{\"@id\":\"https:\\\/\\\/www.liana.com.co\\\/producto\\\/lampara-matamba\\\/#breadcrumb\"},\"inLanguage\":\"en-US\",\"potentialAction\":[{\"@type\":\"ReadAction\",\"target\":[\"https:\\\/\\\/www.liana.com.co\\\/producto\\\/lampara-matamba\\\/\"]}]},{\"@type\":\"ImageObject\",\"inLanguage\":\"en-US\",\"@id\":\"https:\\\/\\\/www.liana.com.co\\\/producto\\\/lampara-matamba\\\/#primaryimage\",\"url\":\"https:\\\/\\\/www.liana.com.co\\\/wp-content\\\/uploads\\\/2022\\\/10\\\/WhatsApp-Image-2026-03-28-at-8.33.03-PM.jpeg\",\"contentUrl\":\"https:\\\/\\\/www.liana.com.co\\\/wp-content\\\/uploads\\\/2022\\\/10\\\/WhatsApp-Image-2026-03-28-at-8.33.03-PM.jpeg\",\"width\":1024,\"height\":1024},{\"@type\":\"BreadcrumbList\",\"@id\":\"https:\\\/\\\/www.liana.com.co\\\/producto\\\/lampara-matamba\\\/#breadcrumb\",\"itemListElement\":[{\"@type\":\"ListItem\",\"position\":1,\"name\":\"Portada\",\"item\":\"https:\\\/\\\/www.liana.com.co\\\/\"},{\"@type\":\"ListItem\",\"position\":2,\"name\":\"Shop\",\"item\":\"https:\\\/\\\/www.liana.com.co\\\/shop\\\/\"},{\"@type\":\"ListItem\",\"position\":3,\"name\":\"LA MATAMBA\"}]},{\"@type\":\"WebSite\",\"@id\":\"https:\\\/\\\/www.liana.com.co\\\/#website\",\"url\":\"https:\\\/\\\/www.liana.com.co\\\/\",\"name\":\"LIANA\",\"description\":\"Artesanos Contempor\u00e1neos\",\"publisher\":{\"@id\":\"https:\\\/\\\/www.liana.com.co\\\/#organization\"},\"potentialAction\":[{\"@type\":\"SearchAction\",\"target\":{\"@type\":\"EntryPoint\",\"urlTemplate\":\"https:\\\/\\\/www.liana.com.co\\\/?s={search_term_string}\"},\"query-input\":{\"@type\":\"PropertyValueSpecification\",\"valueRequired\":true,\"valueName\":\"search_term_string\"}}],\"inLanguage\":\"en-US\"},{\"@type\":\"Organization\",\"@id\":\"https:\\\/\\\/www.liana.com.co\\\/#organization\",\"name\":\"LIANA\",\"url\":\"https:\\\/\\\/www.liana.com.co\\\/\",\"logo\":{\"@type\":\"ImageObject\",\"inLanguage\":\"en-US\",\"@id\":\"https:\\\/\\\/www.liana.com.co\\\/#\\\/schema\\\/logo\\\/image\\\/\",\"url\":\"https:\\\/\\\/www.liana.com.co\\\/wp-content\\\/uploads\\\/2022\\\/11\\\/LIANA-BLACK.png\",\"contentUrl\":\"https:\\\/\\\/www.liana.com.co\\\/wp-content\\\/uploads\\\/2022\\\/11\\\/LIANA-BLACK.png\",\"width\":339,\"height\":98,\"caption\":\"LIANA\"},\"image\":{\"@id\":\"https:\\\/\\\/www.liana.com.co\\\/#\\\/schema\\\/logo\\\/image\\\/\"},\"sameAs\":[\"https:\\\/\\\/www.facebook.com\\\/LIANAcreativa\",\"https:\\\/\\\/www.instagram.com\\\/LIANA_creativa\"]}]}<\/script>\n<!-- \/ Yoast SEO plugin. -->","yoast_head_json":{"title":"LA MATAMBA | LIANA","description":"Descubre la L\u00e1mpara Matamba de Liana. Tejida a mano con fibras naturales de la selva. Dise\u00f1o org\u00e1nico y sostenible para iluminar con alma.","robots":{"index":"index","follow":"follow","max-snippet":"max-snippet:-1","max-image-preview":"max-image-preview:large","max-video-preview":"max-video-preview:-1"},"canonical":"https:\/\/www.liana.com.co\/en\/product\/lampara-matamba\/","og_locale":"en_US","og_type":"article","og_title":"LA MATAMBA | LIANA","og_description":"Descubre la L\u00e1mpara Matamba de Liana. Tejida a mano con fibras naturales de la selva. Dise\u00f1o org\u00e1nico y sostenible para iluminar con alma.","og_url":"https:\/\/www.liana.com.co\/en\/product\/lampara-matamba\/","og_site_name":"LIANA","article_publisher":"https:\/\/www.facebook.com\/LIANAcreativa","article_modified_time":"2026-04-08T14:29:57+00:00","og_image":[{"width":1024,"height":1024,"url":"https:\/\/www.liana.com.co\/wp-content\/uploads\/2022\/10\/WhatsApp-Image-2026-03-28-at-8.33.03-PM.jpeg","type":"image\/jpeg"}],"twitter_card":"summary_large_image","twitter_misc":{"Est. reading time":"1 minute"},"schema":{"@context":"https:\/\/schema.org","@graph":[{"@type":"WebPage","@id":"https:\/\/www.liana.com.co\/producto\/lampara-matamba\/","url":"https:\/\/www.liana.com.co\/producto\/lampara-matamba\/","name":"LA MATAMBA | LIANA","isPartOf":{"@id":"https:\/\/www.liana.com.co\/#website"},"primaryImageOfPage":{"@id":"https:\/\/www.liana.com.co\/producto\/lampara-matamba\/#primaryimage"},"image":{"@id":"https:\/\/www.liana.com.co\/producto\/lampara-matamba\/#primaryimage"},"thumbnailUrl":"https:\/\/www.liana.com.co\/wp-content\/uploads\/2022\/10\/WhatsApp-Image-2026-03-28-at-8.33.03-PM.jpeg","datePublished":"2026-03-31T00:44:07+00:00","dateModified":"2026-04-08T14:29:57+00:00","description":"Descubre la L\u00e1mpara Matamba de Liana. Tejida a mano con fibras naturales de la selva. Dise\u00f1o org\u00e1nico y sostenible para iluminar con alma.","breadcrumb":{"@id":"https:\/\/www.liana.com.co\/producto\/lampara-matamba\/#breadcrumb"},"inLanguage":"en-US","potentialAction":[{"@type":"ReadAction","target":["https:\/\/www.liana.com.co\/producto\/lampara-matamba\/"]}]},{"@type":"ImageObject","inLanguage":"en-US","@id":"https:\/\/www.liana.com.co\/producto\/lampara-matamba\/#primaryimage","url":"https:\/\/www.liana.com.co\/wp-content\/uploads\/2022\/10\/WhatsApp-Image-2026-03-28-at-8.33.03-PM.jpeg","contentUrl":"https:\/\/www.liana.com.co\/wp-content\/uploads\/2022\/10\/WhatsApp-Image-2026-03-28-at-8.33.03-PM.jpeg","width":1024,"height":1024},{"@type":"BreadcrumbList","@id":"https:\/\/www.liana.com.co\/producto\/lampara-matamba\/#breadcrumb","itemListElement":[{"@type":"ListItem","position":1,"name":"Portada","item":"https:\/\/www.liana.com.co\/"},{"@type":"ListItem","position":2,"name":"Shop","item":"https:\/\/www.liana.com.co\/shop\/"},{"@type":"ListItem","position":3,"name":"LA MATAMBA"}]},{"@type":"WebSite","@id":"https:\/\/www.liana.com.co\/#website","url":"https:\/\/www.liana.com.co\/","name":"LIANA","description":"Contemporary Artisans","publisher":{"@id":"https:\/\/www.liana.com.co\/#organization"},"potentialAction":[{"@type":"SearchAction","target":{"@type":"EntryPoint","urlTemplate":"https:\/\/www.liana.com.co\/?s={search_term_string}"},"query-input":{"@type":"PropertyValueSpecification","valueRequired":true,"valueName":"search_term_string"}}],"inLanguage":"en-US"},{"@type":"Organization","@id":"https:\/\/www.liana.com.co\/#organization","name":"LIANA","url":"https:\/\/www.liana.com.co\/","logo":{"@type":"ImageObject","inLanguage":"en-US","@id":"https:\/\/www.liana.com.co\/#\/schema\/logo\/image\/","url":"https:\/\/www.liana.com.co\/wp-content\/uploads\/2022\/11\/LIANA-BLACK.png","contentUrl":"https:\/\/www.liana.com.co\/wp-content\/uploads\/2022\/11\/LIANA-BLACK.png","width":339,"height":98,"caption":"LIANA"},"image":{"@id":"https:\/\/www.liana.com.co\/#\/schema\/logo\/image\/"},"sameAs":["https:\/\/www.facebook.com\/LIANAcreativa","https:\/\/www.instagram.com\/LIANA_creativa"]}]}},"jetpack_sharing_enabled":true,"_links":{"self":[{"href":"https:\/\/www.liana.com.co\/en\/wp-json\/wp\/v2\/product\/21518","targetHints":{"allow":["GET"]}}],"collection":[{"href":"https:\/\/www.liana.com.co\/en\/wp-json\/wp\/v2\/product"}],"about":[{"href":"https:\/\/www.liana.com.co\/en\/wp-json\/wp\/v2\/types\/product"}],"wp:featuredmedia":[{"embeddable":true,"href":"https:\/\/www.liana.com.co\/en\/wp-json\/wp\/v2\/media\/21507"}],"wp:attachment":[{"href":"https:\/\/www.liana.com.co\/en\/wp-json\/wp\/v2\/media?parent=21518"}],"wp:term":[{"taxonomy":"product_brand","embeddable":true,"href":"https:\/\/www.liana.com.co\/en\/wp-json\/wp\/v2\/product_brand?post=21518"},{"taxonomy":"product_cat","embeddable":true,"href":"https:\/\/www.liana.com.co\/en\/wp-json\/wp\/v2\/product_cat?post=21518"},{"taxonomy":"product_tag","embeddable":true,"href":"https:\/\/www.liana.com.co\/en\/wp-json\/wp\/v2\/product_tag?post=21518"}],"curies":[{"name":"wp","href":"https:\/\/api.w.org\/{rel}","templated":true}]}}