{"id":21517,"date":"2026-03-30T19:38:20","date_gmt":"2026-03-31T00:38:20","guid":{"rendered":"https:\/\/www.liana.com.co\/?post_type=product&#038;p=21517"},"modified":"2026-03-30T19:41:07","modified_gmt":"2026-03-31T00:41:07","slug":"canasto-okaina-m-2","status":"publish","type":"product","link":"https:\/\/www.liana.com.co\/en\/product\/canasto-okaina-m-2\/","title":{"rendered":"CANASTO OKAINA M"},"content":{"rendered":"<ul>\n<li id=\"p-rc_e1e41d4f7ae7fdee-22\" data-path-to-node=\"13\"><span data-path-to-node=\"13,0\"> <b data-path-to-node=\"13,0\" data-index-in-node=\"28\"><span class=\"citation-39\">Measurements<\/span><\/b><span class=\"citation-39\"> Di\u00e1metro 22 cm \/ Alto 18 cm. <\/span><\/span><\/li>\n<li>\n<p id=\"p-rc_e1e41d4f7ae7fdee-23\" data-path-to-node=\"14,0,1\"><span data-path-to-node=\"14,0,1,0\"><b data-path-to-node=\"14,0,1,0\" data-index-in-node=\"0\"><span class=\"citation-38\">Materiales:<\/span><\/b><span class=\"citation-38\"> Fibras naturales de Guarumo y Cumare. <\/span><\/span><\/p>\n<\/li>\n<li>\n<p id=\"p-rc_e1e41d4f7ae7fdee-24\" data-path-to-node=\"14,1,1\"><span data-path-to-node=\"14,1,1,0\"><b data-path-to-node=\"14,1,1,0\" data-index-in-node=\"0\"><span class=\"citation-37\">Technique<\/span><\/b><span class=\"citation-37\"> Cester\u00eda manual tradicional. <\/span><\/span><\/p>\n<\/li>\n<li>\n<p id=\"p-rc_e1e41d4f7ae7fdee-25\" data-path-to-node=\"14,2,1\"><span data-path-to-node=\"14,2,1,0\"><b data-path-to-node=\"14,2,1,0\" data-index-in-node=\"0\"><span class=\"citation-36\">Origen:<\/span><\/b><span class=\"citation-36\"> Amazonas, Colombia. <\/span><\/span><\/p>\n<\/li>\n<li>\n<p id=\"p-rc_e1e41d4f7ae7fdee-26\" data-path-to-node=\"14,3,1\"><span data-path-to-node=\"14,3,1,0\"><b data-path-to-node=\"14,3,1,0\" data-index-in-node=\"0\"><span class=\"citation-35\">Tribe<\/span><\/b><span class=\"citation-35\"> Okaina. <\/span><\/span><\/p>\n<\/li>\n<\/ul>\n<p><span data-path-to-node=\"11,0\"><b data-path-to-node=\"17,0\" data-index-in-node=\"0\">Cuidados y Mantenimiento<\/b> Limpiar con un pa\u00f1o seco para eliminar el polvo. <span class=\"citation-33\">Evitar la exposici\u00f3n prolongada a la humedad directa y a la luz solar intensa para preservar los tonos naturales de la fibra.<\/span><\/span><\/p>\n<p><span data-path-to-node=\"11,0\">\u00a0Cada una de estas piezas es un fragmento vivo de la Amazon\u00eda. <\/span><span data-path-to-node=\"11,2\"><span class=\"citation-41\">Los artesanos Okaina transforman fibras naturales recolectadas en el coraz\u00f3n de la selva en objetos que narran su estrecha conexi\u00f3n con la naturaleza. <\/span><\/span><span data-path-to-node=\"11,5\"><span class=\"citation-40\">Al integrar este canasto en tu espacio, llevas contigo siglos de saber ancestral y apoyas la preservaci\u00f3n cultural de una comunidad que hace del tejido su lenguaje cotidiano.<\/span><\/span><\/p>","protected":false},"excerpt":{"rendered":"<p>Tejido a mano por artesanos de la selva amaz\u00f3nica, este canasto en fibras de guarumo y cumare fusiona la resistencia ancestral con un dise\u00f1o org\u00e1nico y vers\u00e1til.<\/p>","protected":false},"featured_media":21515,"template":"","meta":{"content-type":""},"product_brand":[],"product_cat":[6644,15],"product_tag":[6592,6593,6717,6684],"class_list":{"0":"post-21517","1":"product","2":"type-product","3":"status-publish","4":"has-post-thumbnail","6":"product_cat-canastos","7":"product_cat-todos","8":"product_tag-canasto","9":"product_tag-cesteria","10":"product_tag-guarumo","11":"product_tag-okaina","13":"first","14":"instock","15":"shipping-taxable","16":"purchasable","17":"product-type-simple"},"yoast_head":"<!-- This site is optimized with the Yoast SEO plugin v27.4 - https:\/\/yoast.com\/product\/yoast-seo-wordpress\/ -->\n<title>CANASTO OKAINA M | LIANA<\/title>\n<meta name=\"description\" content=\"Descubre el canasto Okaina peque\u00f1o de Liana. Tejido a mano con fibras de la selva amaz\u00f3nica. Dise\u00f1o sostenible y \u00fanico. \u00a1Dale vida a tu hogar!\" \/>\n<meta name=\"robots\" content=\"index, follow, max-snippet:-1, max-image-preview:large, max-video-preview:-1\" \/>\n<link rel=\"canonical\" href=\"https:\/\/www.liana.com.co\/en\/product\/canasto-okaina-m-2\/\" \/>\n<meta property=\"og:locale\" content=\"en_US\" \/>\n<meta property=\"og:type\" content=\"article\" \/>\n<meta property=\"og:title\" content=\"CANASTO OKAINA M | LIANA\" \/>\n<meta property=\"og:description\" content=\"Descubre el canasto Okaina peque\u00f1o de Liana. Tejido a mano con fibras de la selva amaz\u00f3nica. Dise\u00f1o sostenible y \u00fanico. \u00a1Dale vida a tu hogar!\" \/>\n<meta property=\"og:url\" content=\"https:\/\/www.liana.com.co\/en\/product\/canasto-okaina-m-2\/\" \/>\n<meta property=\"og:site_name\" content=\"LIANA\" \/>\n<meta property=\"article:publisher\" content=\"https:\/\/www.facebook.com\/LIANAcreativa\" \/>\n<meta property=\"article:modified_time\" content=\"2026-03-31T00:41:07+00:00\" \/>\n<meta property=\"og:image\" content=\"https:\/\/www.liana.com.co\/wp-content\/uploads\/2025\/10\/WhatsApp-Image-2026-03-28-at-8.40.03-PM.jpeg\" \/>\n\t<meta property=\"og:image:width\" content=\"1024\" \/>\n\t<meta property=\"og:image:height\" content=\"1024\" \/>\n\t<meta property=\"og:image:type\" content=\"image\/jpeg\" \/>\n<meta name=\"twitter:card\" content=\"summary_large_image\" \/>\n<meta name=\"twitter:label1\" content=\"Est. reading time\" \/>\n\t<meta name=\"twitter:data1\" content=\"1 minute\" \/>\n<script type=\"application\/ld+json\" class=\"yoast-schema-graph\">{\"@context\":\"https:\\\/\\\/schema.org\",\"@graph\":[{\"@type\":\"WebPage\",\"@id\":\"https:\\\/\\\/www.liana.com.co\\\/producto\\\/canasto-okaina-m-2\\\/\",\"url\":\"https:\\\/\\\/www.liana.com.co\\\/producto\\\/canasto-okaina-m-2\\\/\",\"name\":\"CANASTO OKAINA M | LIANA\",\"isPartOf\":{\"@id\":\"https:\\\/\\\/www.liana.com.co\\\/#website\"},\"primaryImageOfPage\":{\"@id\":\"https:\\\/\\\/www.liana.com.co\\\/producto\\\/canasto-okaina-m-2\\\/#primaryimage\"},\"image\":{\"@id\":\"https:\\\/\\\/www.liana.com.co\\\/producto\\\/canasto-okaina-m-2\\\/#primaryimage\"},\"thumbnailUrl\":\"https:\\\/\\\/www.liana.com.co\\\/wp-content\\\/uploads\\\/2025\\\/10\\\/WhatsApp-Image-2026-03-28-at-8.40.03-PM.jpeg\",\"datePublished\":\"2026-03-31T00:38:20+00:00\",\"dateModified\":\"2026-03-31T00:41:07+00:00\",\"description\":\"Descubre el canasto Okaina peque\u00f1o de Liana. Tejido a mano con fibras de la selva amaz\u00f3nica. Dise\u00f1o sostenible y \u00fanico. \u00a1Dale vida a tu hogar!\",\"breadcrumb\":{\"@id\":\"https:\\\/\\\/www.liana.com.co\\\/producto\\\/canasto-okaina-m-2\\\/#breadcrumb\"},\"inLanguage\":\"en-US\",\"potentialAction\":[{\"@type\":\"ReadAction\",\"target\":[\"https:\\\/\\\/www.liana.com.co\\\/producto\\\/canasto-okaina-m-2\\\/\"]}]},{\"@type\":\"ImageObject\",\"inLanguage\":\"en-US\",\"@id\":\"https:\\\/\\\/www.liana.com.co\\\/producto\\\/canasto-okaina-m-2\\\/#primaryimage\",\"url\":\"https:\\\/\\\/www.liana.com.co\\\/wp-content\\\/uploads\\\/2025\\\/10\\\/WhatsApp-Image-2026-03-28-at-8.40.03-PM.jpeg\",\"contentUrl\":\"https:\\\/\\\/www.liana.com.co\\\/wp-content\\\/uploads\\\/2025\\\/10\\\/WhatsApp-Image-2026-03-28-at-8.40.03-PM.jpeg\",\"width\":1024,\"height\":1024},{\"@type\":\"BreadcrumbList\",\"@id\":\"https:\\\/\\\/www.liana.com.co\\\/producto\\\/canasto-okaina-m-2\\\/#breadcrumb\",\"itemListElement\":[{\"@type\":\"ListItem\",\"position\":1,\"name\":\"Portada\",\"item\":\"https:\\\/\\\/www.liana.com.co\\\/\"},{\"@type\":\"ListItem\",\"position\":2,\"name\":\"Shop\",\"item\":\"https:\\\/\\\/www.liana.com.co\\\/shop\\\/\"},{\"@type\":\"ListItem\",\"position\":3,\"name\":\"CANASTO OKAINA M\"}]},{\"@type\":\"WebSite\",\"@id\":\"https:\\\/\\\/www.liana.com.co\\\/#website\",\"url\":\"https:\\\/\\\/www.liana.com.co\\\/\",\"name\":\"LIANA\",\"description\":\"Artesanos Contempor\u00e1neos\",\"publisher\":{\"@id\":\"https:\\\/\\\/www.liana.com.co\\\/#organization\"},\"potentialAction\":[{\"@type\":\"SearchAction\",\"target\":{\"@type\":\"EntryPoint\",\"urlTemplate\":\"https:\\\/\\\/www.liana.com.co\\\/?s={search_term_string}\"},\"query-input\":{\"@type\":\"PropertyValueSpecification\",\"valueRequired\":true,\"valueName\":\"search_term_string\"}}],\"inLanguage\":\"en-US\"},{\"@type\":\"Organization\",\"@id\":\"https:\\\/\\\/www.liana.com.co\\\/#organization\",\"name\":\"LIANA\",\"url\":\"https:\\\/\\\/www.liana.com.co\\\/\",\"logo\":{\"@type\":\"ImageObject\",\"inLanguage\":\"en-US\",\"@id\":\"https:\\\/\\\/www.liana.com.co\\\/#\\\/schema\\\/logo\\\/image\\\/\",\"url\":\"https:\\\/\\\/www.liana.com.co\\\/wp-content\\\/uploads\\\/2022\\\/11\\\/LIANA-BLACK.png\",\"contentUrl\":\"https:\\\/\\\/www.liana.com.co\\\/wp-content\\\/uploads\\\/2022\\\/11\\\/LIANA-BLACK.png\",\"width\":339,\"height\":98,\"caption\":\"LIANA\"},\"image\":{\"@id\":\"https:\\\/\\\/www.liana.com.co\\\/#\\\/schema\\\/logo\\\/image\\\/\"},\"sameAs\":[\"https:\\\/\\\/www.facebook.com\\\/LIANAcreativa\",\"https:\\\/\\\/www.instagram.com\\\/LIANA_creativa\"]}]}<\/script>\n<!-- \/ Yoast SEO plugin. -->","yoast_head_json":{"title":"CANASTO OKAINA M | LIANA","description":"Descubre el canasto Okaina peque\u00f1o de Liana. Tejido a mano con fibras de la selva amaz\u00f3nica. Dise\u00f1o sostenible y \u00fanico. \u00a1Dale vida a tu hogar!","robots":{"index":"index","follow":"follow","max-snippet":"max-snippet:-1","max-image-preview":"max-image-preview:large","max-video-preview":"max-video-preview:-1"},"canonical":"https:\/\/www.liana.com.co\/en\/product\/canasto-okaina-m-2\/","og_locale":"en_US","og_type":"article","og_title":"CANASTO OKAINA M | LIANA","og_description":"Descubre el canasto Okaina peque\u00f1o de Liana. Tejido a mano con fibras de la selva amaz\u00f3nica. Dise\u00f1o sostenible y \u00fanico. \u00a1Dale vida a tu hogar!","og_url":"https:\/\/www.liana.com.co\/en\/product\/canasto-okaina-m-2\/","og_site_name":"LIANA","article_publisher":"https:\/\/www.facebook.com\/LIANAcreativa","article_modified_time":"2026-03-31T00:41:07+00:00","og_image":[{"width":1024,"height":1024,"url":"https:\/\/www.liana.com.co\/wp-content\/uploads\/2025\/10\/WhatsApp-Image-2026-03-28-at-8.40.03-PM.jpeg","type":"image\/jpeg"}],"twitter_card":"summary_large_image","twitter_misc":{"Est. reading time":"1 minute"},"schema":{"@context":"https:\/\/schema.org","@graph":[{"@type":"WebPage","@id":"https:\/\/www.liana.com.co\/producto\/canasto-okaina-m-2\/","url":"https:\/\/www.liana.com.co\/producto\/canasto-okaina-m-2\/","name":"CANASTO OKAINA M | LIANA","isPartOf":{"@id":"https:\/\/www.liana.com.co\/#website"},"primaryImageOfPage":{"@id":"https:\/\/www.liana.com.co\/producto\/canasto-okaina-m-2\/#primaryimage"},"image":{"@id":"https:\/\/www.liana.com.co\/producto\/canasto-okaina-m-2\/#primaryimage"},"thumbnailUrl":"https:\/\/www.liana.com.co\/wp-content\/uploads\/2025\/10\/WhatsApp-Image-2026-03-28-at-8.40.03-PM.jpeg","datePublished":"2026-03-31T00:38:20+00:00","dateModified":"2026-03-31T00:41:07+00:00","description":"Descubre el canasto Okaina peque\u00f1o de Liana. Tejido a mano con fibras de la selva amaz\u00f3nica. Dise\u00f1o sostenible y \u00fanico. \u00a1Dale vida a tu hogar!","breadcrumb":{"@id":"https:\/\/www.liana.com.co\/producto\/canasto-okaina-m-2\/#breadcrumb"},"inLanguage":"en-US","potentialAction":[{"@type":"ReadAction","target":["https:\/\/www.liana.com.co\/producto\/canasto-okaina-m-2\/"]}]},{"@type":"ImageObject","inLanguage":"en-US","@id":"https:\/\/www.liana.com.co\/producto\/canasto-okaina-m-2\/#primaryimage","url":"https:\/\/www.liana.com.co\/wp-content\/uploads\/2025\/10\/WhatsApp-Image-2026-03-28-at-8.40.03-PM.jpeg","contentUrl":"https:\/\/www.liana.com.co\/wp-content\/uploads\/2025\/10\/WhatsApp-Image-2026-03-28-at-8.40.03-PM.jpeg","width":1024,"height":1024},{"@type":"BreadcrumbList","@id":"https:\/\/www.liana.com.co\/producto\/canasto-okaina-m-2\/#breadcrumb","itemListElement":[{"@type":"ListItem","position":1,"name":"Portada","item":"https:\/\/www.liana.com.co\/"},{"@type":"ListItem","position":2,"name":"Shop","item":"https:\/\/www.liana.com.co\/shop\/"},{"@type":"ListItem","position":3,"name":"CANASTO OKAINA M"}]},{"@type":"WebSite","@id":"https:\/\/www.liana.com.co\/#website","url":"https:\/\/www.liana.com.co\/","name":"LIANA","description":"Contemporary Artisans","publisher":{"@id":"https:\/\/www.liana.com.co\/#organization"},"potentialAction":[{"@type":"SearchAction","target":{"@type":"EntryPoint","urlTemplate":"https:\/\/www.liana.com.co\/?s={search_term_string}"},"query-input":{"@type":"PropertyValueSpecification","valueRequired":true,"valueName":"search_term_string"}}],"inLanguage":"en-US"},{"@type":"Organization","@id":"https:\/\/www.liana.com.co\/#organization","name":"LIANA","url":"https:\/\/www.liana.com.co\/","logo":{"@type":"ImageObject","inLanguage":"en-US","@id":"https:\/\/www.liana.com.co\/#\/schema\/logo\/image\/","url":"https:\/\/www.liana.com.co\/wp-content\/uploads\/2022\/11\/LIANA-BLACK.png","contentUrl":"https:\/\/www.liana.com.co\/wp-content\/uploads\/2022\/11\/LIANA-BLACK.png","width":339,"height":98,"caption":"LIANA"},"image":{"@id":"https:\/\/www.liana.com.co\/#\/schema\/logo\/image\/"},"sameAs":["https:\/\/www.facebook.com\/LIANAcreativa","https:\/\/www.instagram.com\/LIANA_creativa"]}]}},"jetpack_sharing_enabled":true,"_links":{"self":[{"href":"https:\/\/www.liana.com.co\/en\/wp-json\/wp\/v2\/product\/21517","targetHints":{"allow":["GET"]}}],"collection":[{"href":"https:\/\/www.liana.com.co\/en\/wp-json\/wp\/v2\/product"}],"about":[{"href":"https:\/\/www.liana.com.co\/en\/wp-json\/wp\/v2\/types\/product"}],"wp:featuredmedia":[{"embeddable":true,"href":"https:\/\/www.liana.com.co\/en\/wp-json\/wp\/v2\/media\/21515"}],"wp:attachment":[{"href":"https:\/\/www.liana.com.co\/en\/wp-json\/wp\/v2\/media?parent=21517"}],"wp:term":[{"taxonomy":"product_brand","embeddable":true,"href":"https:\/\/www.liana.com.co\/en\/wp-json\/wp\/v2\/product_brand?post=21517"},{"taxonomy":"product_cat","embeddable":true,"href":"https:\/\/www.liana.com.co\/en\/wp-json\/wp\/v2\/product_cat?post=21517"},{"taxonomy":"product_tag","embeddable":true,"href":"https:\/\/www.liana.com.co\/en\/wp-json\/wp\/v2\/product_tag?post=21517"}],"curies":[{"name":"wp","href":"https:\/\/api.w.org\/{rel}","templated":true}]}}