{"id":21361,"date":"2026-02-05T11:30:53","date_gmt":"2026-02-05T16:30:53","guid":{"rendered":"https:\/\/www.liana.com.co\/?post_type=product&#038;p=21361"},"modified":"2026-02-05T11:33:13","modified_gmt":"2026-02-05T16:33:13","slug":"set-pulseras-vino-tinto","status":"publish","type":"product","link":"https:\/\/www.liana.com.co\/en\/product\/set-pulseras-vino-tinto\/","title":{"rendered":"SET PULSERAS VINO TINTO"},"content":{"rendered":"<ul>\n<li style=\"list-style-type: none;\">\n<ul data-path-to-node=\"12\">\n<li>\n<p data-path-to-node=\"12,0,0\"><b data-path-to-node=\"12,0,0\" data-index-in-node=\"0\">Contenido:<\/b> Combo de 3 pulseras (2 de 1 cm y 1 de 0.5 cm de ancho).<\/p>\n<\/li>\n<li>\n<p data-path-to-node=\"12,1,0\"><b data-path-to-node=\"12,1,0\" data-index-in-node=\"0\">Measurements<\/b> Di\u00e1metro 6 cms.<\/p>\n<\/li>\n<li>\n<p data-path-to-node=\"12,2,0\"><b data-path-to-node=\"12,2,0\" data-index-in-node=\"0\">Materiales:<\/b> Fibra natural de Werregue e hilo dorado.<\/p>\n<\/li>\n<li>\n<p data-path-to-node=\"12,3,0\"><b data-path-to-node=\"12,3,0\" data-index-in-node=\"0\">Technique<\/b> Tejedur\u00eda manual en espiral.<\/p>\n<\/li>\n<li>\n<p data-path-to-node=\"12,4,0\"><b data-path-to-node=\"12,4,0\" data-index-in-node=\"0\">Origen:<\/b> Choc\u00f3, Colombia.<\/p>\n<\/li>\n<\/ul>\n<p data-path-to-node=\"13\"><b data-path-to-node=\"13\" data-index-in-node=\"0\">Cuidados y Mantenimiento<\/b><\/p>\n<ul data-path-to-node=\"14\">\n<li>\n<p data-path-to-node=\"14,0,0\">Evitar el contacto directo con agua, perfumes o sustancias qu\u00edmicas que puedan afectar el hilo dorado.<\/p>\n<\/li>\n<li>\n<p data-path-to-node=\"14,1,0\">Limpiar con un pa\u00f1o seco y suave.<\/p>\n<\/li>\n<li>\n<p data-path-to-node=\"14,2,0\">Al ser fibras naturales, se recomienda guardarlas en un lugar seco y ventilado.<\/p>\n<\/li>\n<\/ul>\n<\/li>\n<\/ul>\n<hr \/>\n<p>La maestr\u00eda de las comunidades del Choc\u00f3 se manifiesta en el tejido apretado y perfecto de la fibra de Werregue. Este set de tres piezas ha sido dise\u00f1ado para ofrecer versatilidad y elegancia: la combinaci\u00f3n de diferentes grosores permite un juego de texturas \u00fanico en la mu\u00f1eca. Al entrelazar la fibra natural con hilos dorados, cada pulsera se convierte en una joya atemporal que rinde tributo a la paciencia de las artesanas que transforman la palma en arte portable.<\/p>","protected":false},"excerpt":{"rendered":"<p>Tr\u00edo de pulseras artesanales tejidas en fibra de Werregue con finos detalles en hilo dorado. Un conjunto vers\u00e1til que equilibra la tradici\u00f3n \u00e9tnica con el lujo moderno.<\/p>","protected":false},"featured_media":21351,"template":"","meta":{"content-type":""},"product_brand":[],"product_cat":[6725,15],"product_tag":[6762],"class_list":{"0":"post-21361","1":"product","2":"type-product","3":"status-publish","4":"has-post-thumbnail","6":"product_cat-accesorios","7":"product_cat-todos","8":"product_tag-wounaan","10":"first","11":"instock","12":"shipping-taxable","13":"purchasable","14":"product-type-simple"},"yoast_head":"<!-- This site is optimized with the Yoast SEO plugin v27.4 - https:\/\/yoast.com\/product\/yoast-seo-wordpress\/ -->\n<title>SET PULSERAS VINO TINTO | LIANA<\/title>\n<meta name=\"description\" content=\"Exclusivo set de 3 pulseras tejidas en fibra de Werregue e hilo dorado. Elegancia artesanal del Choc\u00f3 para un look sofisticado. \u00a1Hecho a mano en Colombia!\" \/>\n<meta name=\"robots\" content=\"index, follow, max-snippet:-1, max-image-preview:large, max-video-preview:-1\" \/>\n<link rel=\"canonical\" href=\"https:\/\/www.liana.com.co\/en\/product\/set-pulseras-vino-tinto\/\" \/>\n<meta property=\"og:locale\" content=\"en_US\" \/>\n<meta property=\"og:type\" content=\"article\" \/>\n<meta property=\"og:title\" content=\"SET PULSERAS VINO TINTO | LIANA\" \/>\n<meta property=\"og:description\" content=\"Exclusivo set de 3 pulseras tejidas en fibra de Werregue e hilo dorado. Elegancia artesanal del Choc\u00f3 para un look sofisticado. \u00a1Hecho a mano en Colombia!\" \/>\n<meta property=\"og:url\" content=\"https:\/\/www.liana.com.co\/en\/product\/set-pulseras-vino-tinto\/\" \/>\n<meta property=\"og:site_name\" content=\"LIANA\" \/>\n<meta property=\"article:publisher\" content=\"https:\/\/www.facebook.com\/LIANAcreativa\" \/>\n<meta property=\"article:modified_time\" content=\"2026-02-05T16:33:13+00:00\" \/>\n<meta property=\"og:image\" content=\"https:\/\/www.liana.com.co\/wp-content\/uploads\/2025\/08\/WhatsApp-Image-2026-02-04-at-9.20.05-PM-4.jpeg\" \/>\n\t<meta property=\"og:image:width\" content=\"1024\" \/>\n\t<meta property=\"og:image:height\" content=\"1024\" \/>\n\t<meta property=\"og:image:type\" content=\"image\/jpeg\" \/>\n<meta name=\"twitter:card\" content=\"summary_large_image\" \/>\n<meta name=\"twitter:label1\" content=\"Est. reading time\" \/>\n\t<meta name=\"twitter:data1\" content=\"1 minute\" \/>\n<script type=\"application\/ld+json\" class=\"yoast-schema-graph\">{\"@context\":\"https:\\\/\\\/schema.org\",\"@graph\":[{\"@type\":\"WebPage\",\"@id\":\"https:\\\/\\\/www.liana.com.co\\\/producto\\\/set-pulseras-vino-tinto\\\/\",\"url\":\"https:\\\/\\\/www.liana.com.co\\\/producto\\\/set-pulseras-vino-tinto\\\/\",\"name\":\"SET PULSERAS VINO TINTO | LIANA\",\"isPartOf\":{\"@id\":\"https:\\\/\\\/www.liana.com.co\\\/#website\"},\"primaryImageOfPage\":{\"@id\":\"https:\\\/\\\/www.liana.com.co\\\/producto\\\/set-pulseras-vino-tinto\\\/#primaryimage\"},\"image\":{\"@id\":\"https:\\\/\\\/www.liana.com.co\\\/producto\\\/set-pulseras-vino-tinto\\\/#primaryimage\"},\"thumbnailUrl\":\"https:\\\/\\\/www.liana.com.co\\\/wp-content\\\/uploads\\\/2025\\\/08\\\/WhatsApp-Image-2026-02-04-at-9.20.05-PM-4.jpeg\",\"datePublished\":\"2026-02-05T16:30:53+00:00\",\"dateModified\":\"2026-02-05T16:33:13+00:00\",\"description\":\"Exclusivo set de 3 pulseras tejidas en fibra de Werregue e hilo dorado. Elegancia artesanal del Choc\u00f3 para un look sofisticado. \u00a1Hecho a mano en Colombia!\",\"breadcrumb\":{\"@id\":\"https:\\\/\\\/www.liana.com.co\\\/producto\\\/set-pulseras-vino-tinto\\\/#breadcrumb\"},\"inLanguage\":\"en-US\",\"potentialAction\":[{\"@type\":\"ReadAction\",\"target\":[\"https:\\\/\\\/www.liana.com.co\\\/producto\\\/set-pulseras-vino-tinto\\\/\"]}]},{\"@type\":\"ImageObject\",\"inLanguage\":\"en-US\",\"@id\":\"https:\\\/\\\/www.liana.com.co\\\/producto\\\/set-pulseras-vino-tinto\\\/#primaryimage\",\"url\":\"https:\\\/\\\/www.liana.com.co\\\/wp-content\\\/uploads\\\/2025\\\/08\\\/WhatsApp-Image-2026-02-04-at-9.20.05-PM-4.jpeg\",\"contentUrl\":\"https:\\\/\\\/www.liana.com.co\\\/wp-content\\\/uploads\\\/2025\\\/08\\\/WhatsApp-Image-2026-02-04-at-9.20.05-PM-4.jpeg\",\"width\":1024,\"height\":1024},{\"@type\":\"BreadcrumbList\",\"@id\":\"https:\\\/\\\/www.liana.com.co\\\/producto\\\/set-pulseras-vino-tinto\\\/#breadcrumb\",\"itemListElement\":[{\"@type\":\"ListItem\",\"position\":1,\"name\":\"Portada\",\"item\":\"https:\\\/\\\/www.liana.com.co\\\/\"},{\"@type\":\"ListItem\",\"position\":2,\"name\":\"Shop\",\"item\":\"https:\\\/\\\/www.liana.com.co\\\/shop\\\/\"},{\"@type\":\"ListItem\",\"position\":3,\"name\":\"SET PULSERAS VINO TINTO\"}]},{\"@type\":\"WebSite\",\"@id\":\"https:\\\/\\\/www.liana.com.co\\\/#website\",\"url\":\"https:\\\/\\\/www.liana.com.co\\\/\",\"name\":\"LIANA\",\"description\":\"Artesanos Contempor\u00e1neos\",\"publisher\":{\"@id\":\"https:\\\/\\\/www.liana.com.co\\\/#organization\"},\"potentialAction\":[{\"@type\":\"SearchAction\",\"target\":{\"@type\":\"EntryPoint\",\"urlTemplate\":\"https:\\\/\\\/www.liana.com.co\\\/?s={search_term_string}\"},\"query-input\":{\"@type\":\"PropertyValueSpecification\",\"valueRequired\":true,\"valueName\":\"search_term_string\"}}],\"inLanguage\":\"en-US\"},{\"@type\":\"Organization\",\"@id\":\"https:\\\/\\\/www.liana.com.co\\\/#organization\",\"name\":\"LIANA\",\"url\":\"https:\\\/\\\/www.liana.com.co\\\/\",\"logo\":{\"@type\":\"ImageObject\",\"inLanguage\":\"en-US\",\"@id\":\"https:\\\/\\\/www.liana.com.co\\\/#\\\/schema\\\/logo\\\/image\\\/\",\"url\":\"https:\\\/\\\/www.liana.com.co\\\/wp-content\\\/uploads\\\/2022\\\/11\\\/LIANA-BLACK.png\",\"contentUrl\":\"https:\\\/\\\/www.liana.com.co\\\/wp-content\\\/uploads\\\/2022\\\/11\\\/LIANA-BLACK.png\",\"width\":339,\"height\":98,\"caption\":\"LIANA\"},\"image\":{\"@id\":\"https:\\\/\\\/www.liana.com.co\\\/#\\\/schema\\\/logo\\\/image\\\/\"},\"sameAs\":[\"https:\\\/\\\/www.facebook.com\\\/LIANAcreativa\",\"https:\\\/\\\/www.instagram.com\\\/LIANA_creativa\"]}]}<\/script>\n<!-- \/ Yoast SEO plugin. -->","yoast_head_json":{"title":"SET PULSERAS VINO TINTO | LIANA","description":"Exclusivo set de 3 pulseras tejidas en fibra de Werregue e hilo dorado. Elegancia artesanal del Choc\u00f3 para un look sofisticado. \u00a1Hecho a mano en Colombia!","robots":{"index":"index","follow":"follow","max-snippet":"max-snippet:-1","max-image-preview":"max-image-preview:large","max-video-preview":"max-video-preview:-1"},"canonical":"https:\/\/www.liana.com.co\/en\/product\/set-pulseras-vino-tinto\/","og_locale":"en_US","og_type":"article","og_title":"SET PULSERAS VINO TINTO | LIANA","og_description":"Exclusivo set de 3 pulseras tejidas en fibra de Werregue e hilo dorado. Elegancia artesanal del Choc\u00f3 para un look sofisticado. \u00a1Hecho a mano en Colombia!","og_url":"https:\/\/www.liana.com.co\/en\/product\/set-pulseras-vino-tinto\/","og_site_name":"LIANA","article_publisher":"https:\/\/www.facebook.com\/LIANAcreativa","article_modified_time":"2026-02-05T16:33:13+00:00","og_image":[{"width":1024,"height":1024,"url":"https:\/\/www.liana.com.co\/wp-content\/uploads\/2025\/08\/WhatsApp-Image-2026-02-04-at-9.20.05-PM-4.jpeg","type":"image\/jpeg"}],"twitter_card":"summary_large_image","twitter_misc":{"Est. reading time":"1 minute"},"schema":{"@context":"https:\/\/schema.org","@graph":[{"@type":"WebPage","@id":"https:\/\/www.liana.com.co\/producto\/set-pulseras-vino-tinto\/","url":"https:\/\/www.liana.com.co\/producto\/set-pulseras-vino-tinto\/","name":"SET PULSERAS VINO TINTO | LIANA","isPartOf":{"@id":"https:\/\/www.liana.com.co\/#website"},"primaryImageOfPage":{"@id":"https:\/\/www.liana.com.co\/producto\/set-pulseras-vino-tinto\/#primaryimage"},"image":{"@id":"https:\/\/www.liana.com.co\/producto\/set-pulseras-vino-tinto\/#primaryimage"},"thumbnailUrl":"https:\/\/www.liana.com.co\/wp-content\/uploads\/2025\/08\/WhatsApp-Image-2026-02-04-at-9.20.05-PM-4.jpeg","datePublished":"2026-02-05T16:30:53+00:00","dateModified":"2026-02-05T16:33:13+00:00","description":"Exclusivo set de 3 pulseras tejidas en fibra de Werregue e hilo dorado. Elegancia artesanal del Choc\u00f3 para un look sofisticado. \u00a1Hecho a mano en Colombia!","breadcrumb":{"@id":"https:\/\/www.liana.com.co\/producto\/set-pulseras-vino-tinto\/#breadcrumb"},"inLanguage":"en-US","potentialAction":[{"@type":"ReadAction","target":["https:\/\/www.liana.com.co\/producto\/set-pulseras-vino-tinto\/"]}]},{"@type":"ImageObject","inLanguage":"en-US","@id":"https:\/\/www.liana.com.co\/producto\/set-pulseras-vino-tinto\/#primaryimage","url":"https:\/\/www.liana.com.co\/wp-content\/uploads\/2025\/08\/WhatsApp-Image-2026-02-04-at-9.20.05-PM-4.jpeg","contentUrl":"https:\/\/www.liana.com.co\/wp-content\/uploads\/2025\/08\/WhatsApp-Image-2026-02-04-at-9.20.05-PM-4.jpeg","width":1024,"height":1024},{"@type":"BreadcrumbList","@id":"https:\/\/www.liana.com.co\/producto\/set-pulseras-vino-tinto\/#breadcrumb","itemListElement":[{"@type":"ListItem","position":1,"name":"Portada","item":"https:\/\/www.liana.com.co\/"},{"@type":"ListItem","position":2,"name":"Shop","item":"https:\/\/www.liana.com.co\/shop\/"},{"@type":"ListItem","position":3,"name":"SET PULSERAS VINO TINTO"}]},{"@type":"WebSite","@id":"https:\/\/www.liana.com.co\/#website","url":"https:\/\/www.liana.com.co\/","name":"LIANA","description":"Contemporary Artisans","publisher":{"@id":"https:\/\/www.liana.com.co\/#organization"},"potentialAction":[{"@type":"SearchAction","target":{"@type":"EntryPoint","urlTemplate":"https:\/\/www.liana.com.co\/?s={search_term_string}"},"query-input":{"@type":"PropertyValueSpecification","valueRequired":true,"valueName":"search_term_string"}}],"inLanguage":"en-US"},{"@type":"Organization","@id":"https:\/\/www.liana.com.co\/#organization","name":"LIANA","url":"https:\/\/www.liana.com.co\/","logo":{"@type":"ImageObject","inLanguage":"en-US","@id":"https:\/\/www.liana.com.co\/#\/schema\/logo\/image\/","url":"https:\/\/www.liana.com.co\/wp-content\/uploads\/2022\/11\/LIANA-BLACK.png","contentUrl":"https:\/\/www.liana.com.co\/wp-content\/uploads\/2022\/11\/LIANA-BLACK.png","width":339,"height":98,"caption":"LIANA"},"image":{"@id":"https:\/\/www.liana.com.co\/#\/schema\/logo\/image\/"},"sameAs":["https:\/\/www.facebook.com\/LIANAcreativa","https:\/\/www.instagram.com\/LIANA_creativa"]}]}},"jetpack_sharing_enabled":true,"_links":{"self":[{"href":"https:\/\/www.liana.com.co\/en\/wp-json\/wp\/v2\/product\/21361","targetHints":{"allow":["GET"]}}],"collection":[{"href":"https:\/\/www.liana.com.co\/en\/wp-json\/wp\/v2\/product"}],"about":[{"href":"https:\/\/www.liana.com.co\/en\/wp-json\/wp\/v2\/types\/product"}],"wp:featuredmedia":[{"embeddable":true,"href":"https:\/\/www.liana.com.co\/en\/wp-json\/wp\/v2\/media\/21351"}],"wp:attachment":[{"href":"https:\/\/www.liana.com.co\/en\/wp-json\/wp\/v2\/media?parent=21361"}],"wp:term":[{"taxonomy":"product_brand","embeddable":true,"href":"https:\/\/www.liana.com.co\/en\/wp-json\/wp\/v2\/product_brand?post=21361"},{"taxonomy":"product_cat","embeddable":true,"href":"https:\/\/www.liana.com.co\/en\/wp-json\/wp\/v2\/product_cat?post=21361"},{"taxonomy":"product_tag","embeddable":true,"href":"https:\/\/www.liana.com.co\/en\/wp-json\/wp\/v2\/product_tag?post=21361"}],"curies":[{"name":"wp","href":"https:\/\/api.w.org\/{rel}","templated":true}]}}