{"id":21358,"date":"2026-02-05T10:51:24","date_gmt":"2026-02-05T15:51:24","guid":{"rendered":"https:\/\/www.liana.com.co\/?post_type=product&#038;p=21358"},"modified":"2026-04-20T18:17:48","modified_gmt":"2026-04-20T23:17:48","slug":"pulsera-azul","status":"publish","type":"product","link":"https:\/\/www.liana.com.co\/en\/product\/pulsera-azul\/","title":{"rendered":"PULSERA NEGRA"},"content":{"rendered":"<ul>\n<li style=\"list-style-type:none\">\n<ul data-path-to-node=\"12\">\n<li>\n<p data-path-to-node=\"12,0,0\"><b data-path-to-node=\"12,0,0\" data-index-in-node=\"0\">Measurements<\/b> Di\u00e1metro 6 cm \/ Ancho 2.5 cm.<\/p>\n<\/li>\n<li>\n<p data-path-to-node=\"12,1,0\"><b data-path-to-node=\"12,1,0\" data-index-in-node=\"0\">Materiales:<\/b> Fibra de Werregue e hilo plata.<\/p>\n<\/li>\n<li>\n<p data-path-to-node=\"12,2,0\"><b data-path-to-node=\"12,2,0\" data-index-in-node=\"0\">Technique<\/b> Tejedur\u00eda en fibra de palma.<\/p>\n<\/li>\n<li>\n<p data-path-to-node=\"12,3,0\"><b data-path-to-node=\"12,3,0\" data-index-in-node=\"0\">Origen:<\/b> Choc\u00f3, Colombia.<\/p>\n<\/li>\n<\/ul>\n<p data-path-to-node=\"13\"><b data-path-to-node=\"13\" data-index-in-node=\"0\">Cuidados y Mantenimiento<\/b><\/p>\n<ul data-path-to-node=\"14\">\n<li>\n<p data-path-to-node=\"14,0,0\">Evitar el contacto con perfumes, cremas o agua para proteger el brillo del hilo dorado y la integridad de la fibra natural.<\/p>\n<\/li>\n<li>\n<p data-path-to-node=\"14,1,0\">Limpiar suavemente con un pa\u00f1o seco si es necesario<\/p>\n<\/li>\n<\/ul>\n<hr data-path-to-node=\"15\"><\/li>\n<\/ul>\n<p>La fibra de Werregue, extra\u00edda de una palma espinosa en las selvas del Choc\u00f3, es tejida con una maestr\u00eda inigualable por comunidades que guardan el secreto de su delicadeza. En esta pieza, el tejido tradicional se eleva al combinarse con hilos dorados, creando un accesorio que no solo adorna, sino que rinde homenaje al tiempo y la paciencia del trabajo manual. Es una joya artesanal pensada para quienes buscan exclusividad y una conexi\u00f3n profunda con las ra\u00edces de nuestro territorio.<\/p>","protected":false},"excerpt":{"rendered":"<p>Sofisticada pulsera tejida a mano en fibra de Werregue con acentos de hilo dorado. Una pieza de lujo artesanal que fusiona tradici\u00f3n \u00e9tnica y brillo moderno.<\/p>","protected":false},"featured_media":21541,"template":"","meta":{"content-type":""},"product_brand":[],"product_cat":[6725,15],"product_tag":[],"class_list":{"0":"post-21358","1":"product","2":"type-product","3":"status-publish","4":"has-post-thumbnail","6":"product_cat-accesorios","7":"product_cat-todos","9":"first","10":"instock","11":"shipping-taxable","12":"purchasable","13":"product-type-simple"},"yoast_head":"<!-- This site is optimized with the Yoast SEO plugin v27.4 - https:\/\/yoast.com\/product\/yoast-seo-wordpress\/ -->\n<title>PULSERA NEGRA | LIANA<\/title>\n<meta name=\"description\" content=\"Pulsera artesanal en fibra de Werregue e hilo dorado. Elegancia ancestral y dise\u00f1o contempor\u00e1neo hecho a mano. \u00a1Lleva una pieza \u00fanica de LIANA!\" \/>\n<meta name=\"robots\" content=\"index, follow, max-snippet:-1, max-image-preview:large, max-video-preview:-1\" \/>\n<link rel=\"canonical\" href=\"https:\/\/www.liana.com.co\/en\/product\/pulsera-azul\/\" \/>\n<meta property=\"og:locale\" content=\"en_US\" \/>\n<meta property=\"og:type\" content=\"article\" \/>\n<meta property=\"og:title\" content=\"PULSERA NEGRA | LIANA\" \/>\n<meta property=\"og:description\" content=\"Pulsera artesanal en fibra de Werregue e hilo dorado. Elegancia ancestral y dise\u00f1o contempor\u00e1neo hecho a mano. \u00a1Lleva una pieza \u00fanica de LIANA!\" \/>\n<meta property=\"og:url\" content=\"https:\/\/www.liana.com.co\/en\/product\/pulsera-azul\/\" \/>\n<meta property=\"og:site_name\" content=\"LIANA\" \/>\n<meta property=\"article:publisher\" content=\"https:\/\/www.facebook.com\/LIANAcreativa\" \/>\n<meta property=\"article:modified_time\" content=\"2026-04-20T23:17:48+00:00\" \/>\n<meta property=\"og:image\" content=\"https:\/\/www.liana.com.co\/wp-content\/uploads\/2026\/02\/WhatsApp-Image-2026-04-17-at-11.21.43-AM-1.jpeg\" \/>\n\t<meta property=\"og:image:width\" content=\"1024\" \/>\n\t<meta property=\"og:image:height\" content=\"1024\" \/>\n\t<meta property=\"og:image:type\" content=\"image\/jpeg\" \/>\n<meta name=\"twitter:card\" content=\"summary_large_image\" \/>\n<meta name=\"twitter:label1\" content=\"Est. reading time\" \/>\n\t<meta name=\"twitter:data1\" content=\"1 minute\" \/>\n<script type=\"application\/ld+json\" class=\"yoast-schema-graph\">{\"@context\":\"https:\\\/\\\/schema.org\",\"@graph\":[{\"@type\":\"WebPage\",\"@id\":\"https:\\\/\\\/www.liana.com.co\\\/producto\\\/pulsera-azul\\\/\",\"url\":\"https:\\\/\\\/www.liana.com.co\\\/producto\\\/pulsera-azul\\\/\",\"name\":\"PULSERA NEGRA | LIANA\",\"isPartOf\":{\"@id\":\"https:\\\/\\\/www.liana.com.co\\\/#website\"},\"primaryImageOfPage\":{\"@id\":\"https:\\\/\\\/www.liana.com.co\\\/producto\\\/pulsera-azul\\\/#primaryimage\"},\"image\":{\"@id\":\"https:\\\/\\\/www.liana.com.co\\\/producto\\\/pulsera-azul\\\/#primaryimage\"},\"thumbnailUrl\":\"https:\\\/\\\/www.liana.com.co\\\/wp-content\\\/uploads\\\/2026\\\/02\\\/WhatsApp-Image-2026-04-17-at-11.21.43-AM-1.jpeg\",\"datePublished\":\"2026-02-05T15:51:24+00:00\",\"dateModified\":\"2026-04-20T23:17:48+00:00\",\"description\":\"Pulsera artesanal en fibra de Werregue e hilo dorado. Elegancia ancestral y dise\u00f1o contempor\u00e1neo hecho a mano. \u00a1Lleva una pieza \u00fanica de LIANA!\",\"breadcrumb\":{\"@id\":\"https:\\\/\\\/www.liana.com.co\\\/producto\\\/pulsera-azul\\\/#breadcrumb\"},\"inLanguage\":\"en-US\",\"potentialAction\":[{\"@type\":\"ReadAction\",\"target\":[\"https:\\\/\\\/www.liana.com.co\\\/producto\\\/pulsera-azul\\\/\"]}]},{\"@type\":\"ImageObject\",\"inLanguage\":\"en-US\",\"@id\":\"https:\\\/\\\/www.liana.com.co\\\/producto\\\/pulsera-azul\\\/#primaryimage\",\"url\":\"https:\\\/\\\/www.liana.com.co\\\/wp-content\\\/uploads\\\/2026\\\/02\\\/WhatsApp-Image-2026-04-17-at-11.21.43-AM-1.jpeg\",\"contentUrl\":\"https:\\\/\\\/www.liana.com.co\\\/wp-content\\\/uploads\\\/2026\\\/02\\\/WhatsApp-Image-2026-04-17-at-11.21.43-AM-1.jpeg\",\"width\":1024,\"height\":1024},{\"@type\":\"BreadcrumbList\",\"@id\":\"https:\\\/\\\/www.liana.com.co\\\/producto\\\/pulsera-azul\\\/#breadcrumb\",\"itemListElement\":[{\"@type\":\"ListItem\",\"position\":1,\"name\":\"Portada\",\"item\":\"https:\\\/\\\/www.liana.com.co\\\/\"},{\"@type\":\"ListItem\",\"position\":2,\"name\":\"Shop\",\"item\":\"https:\\\/\\\/www.liana.com.co\\\/shop\\\/\"},{\"@type\":\"ListItem\",\"position\":3,\"name\":\"PULSERA NEGRA\"}]},{\"@type\":\"WebSite\",\"@id\":\"https:\\\/\\\/www.liana.com.co\\\/#website\",\"url\":\"https:\\\/\\\/www.liana.com.co\\\/\",\"name\":\"LIANA\",\"description\":\"Artesanos Contempor\u00e1neos\",\"publisher\":{\"@id\":\"https:\\\/\\\/www.liana.com.co\\\/#organization\"},\"potentialAction\":[{\"@type\":\"SearchAction\",\"target\":{\"@type\":\"EntryPoint\",\"urlTemplate\":\"https:\\\/\\\/www.liana.com.co\\\/?s={search_term_string}\"},\"query-input\":{\"@type\":\"PropertyValueSpecification\",\"valueRequired\":true,\"valueName\":\"search_term_string\"}}],\"inLanguage\":\"en-US\"},{\"@type\":\"Organization\",\"@id\":\"https:\\\/\\\/www.liana.com.co\\\/#organization\",\"name\":\"LIANA\",\"url\":\"https:\\\/\\\/www.liana.com.co\\\/\",\"logo\":{\"@type\":\"ImageObject\",\"inLanguage\":\"en-US\",\"@id\":\"https:\\\/\\\/www.liana.com.co\\\/#\\\/schema\\\/logo\\\/image\\\/\",\"url\":\"https:\\\/\\\/www.liana.com.co\\\/wp-content\\\/uploads\\\/2022\\\/11\\\/LIANA-BLACK.png\",\"contentUrl\":\"https:\\\/\\\/www.liana.com.co\\\/wp-content\\\/uploads\\\/2022\\\/11\\\/LIANA-BLACK.png\",\"width\":339,\"height\":98,\"caption\":\"LIANA\"},\"image\":{\"@id\":\"https:\\\/\\\/www.liana.com.co\\\/#\\\/schema\\\/logo\\\/image\\\/\"},\"sameAs\":[\"https:\\\/\\\/www.facebook.com\\\/LIANAcreativa\",\"https:\\\/\\\/www.instagram.com\\\/LIANA_creativa\"]}]}<\/script>\n<!-- \/ Yoast SEO plugin. -->","yoast_head_json":{"title":"PULSERA NEGRA | LIANA","description":"Pulsera artesanal en fibra de Werregue e hilo dorado. Elegancia ancestral y dise\u00f1o contempor\u00e1neo hecho a mano. \u00a1Lleva una pieza \u00fanica de LIANA!","robots":{"index":"index","follow":"follow","max-snippet":"max-snippet:-1","max-image-preview":"max-image-preview:large","max-video-preview":"max-video-preview:-1"},"canonical":"https:\/\/www.liana.com.co\/en\/product\/pulsera-azul\/","og_locale":"en_US","og_type":"article","og_title":"PULSERA NEGRA | LIANA","og_description":"Pulsera artesanal en fibra de Werregue e hilo dorado. Elegancia ancestral y dise\u00f1o contempor\u00e1neo hecho a mano. \u00a1Lleva una pieza \u00fanica de LIANA!","og_url":"https:\/\/www.liana.com.co\/en\/product\/pulsera-azul\/","og_site_name":"LIANA","article_publisher":"https:\/\/www.facebook.com\/LIANAcreativa","article_modified_time":"2026-04-20T23:17:48+00:00","og_image":[{"width":1024,"height":1024,"url":"https:\/\/www.liana.com.co\/wp-content\/uploads\/2026\/02\/WhatsApp-Image-2026-04-17-at-11.21.43-AM-1.jpeg","type":"image\/jpeg"}],"twitter_card":"summary_large_image","twitter_misc":{"Est. reading time":"1 minute"},"schema":{"@context":"https:\/\/schema.org","@graph":[{"@type":"WebPage","@id":"https:\/\/www.liana.com.co\/producto\/pulsera-azul\/","url":"https:\/\/www.liana.com.co\/producto\/pulsera-azul\/","name":"PULSERA NEGRA | LIANA","isPartOf":{"@id":"https:\/\/www.liana.com.co\/#website"},"primaryImageOfPage":{"@id":"https:\/\/www.liana.com.co\/producto\/pulsera-azul\/#primaryimage"},"image":{"@id":"https:\/\/www.liana.com.co\/producto\/pulsera-azul\/#primaryimage"},"thumbnailUrl":"https:\/\/www.liana.com.co\/wp-content\/uploads\/2026\/02\/WhatsApp-Image-2026-04-17-at-11.21.43-AM-1.jpeg","datePublished":"2026-02-05T15:51:24+00:00","dateModified":"2026-04-20T23:17:48+00:00","description":"Pulsera artesanal en fibra de Werregue e hilo dorado. Elegancia ancestral y dise\u00f1o contempor\u00e1neo hecho a mano. \u00a1Lleva una pieza \u00fanica de LIANA!","breadcrumb":{"@id":"https:\/\/www.liana.com.co\/producto\/pulsera-azul\/#breadcrumb"},"inLanguage":"en-US","potentialAction":[{"@type":"ReadAction","target":["https:\/\/www.liana.com.co\/producto\/pulsera-azul\/"]}]},{"@type":"ImageObject","inLanguage":"en-US","@id":"https:\/\/www.liana.com.co\/producto\/pulsera-azul\/#primaryimage","url":"https:\/\/www.liana.com.co\/wp-content\/uploads\/2026\/02\/WhatsApp-Image-2026-04-17-at-11.21.43-AM-1.jpeg","contentUrl":"https:\/\/www.liana.com.co\/wp-content\/uploads\/2026\/02\/WhatsApp-Image-2026-04-17-at-11.21.43-AM-1.jpeg","width":1024,"height":1024},{"@type":"BreadcrumbList","@id":"https:\/\/www.liana.com.co\/producto\/pulsera-azul\/#breadcrumb","itemListElement":[{"@type":"ListItem","position":1,"name":"Portada","item":"https:\/\/www.liana.com.co\/"},{"@type":"ListItem","position":2,"name":"Shop","item":"https:\/\/www.liana.com.co\/shop\/"},{"@type":"ListItem","position":3,"name":"PULSERA NEGRA"}]},{"@type":"WebSite","@id":"https:\/\/www.liana.com.co\/#website","url":"https:\/\/www.liana.com.co\/","name":"LIANA","description":"Contemporary Artisans","publisher":{"@id":"https:\/\/www.liana.com.co\/#organization"},"potentialAction":[{"@type":"SearchAction","target":{"@type":"EntryPoint","urlTemplate":"https:\/\/www.liana.com.co\/?s={search_term_string}"},"query-input":{"@type":"PropertyValueSpecification","valueRequired":true,"valueName":"search_term_string"}}],"inLanguage":"en-US"},{"@type":"Organization","@id":"https:\/\/www.liana.com.co\/#organization","name":"LIANA","url":"https:\/\/www.liana.com.co\/","logo":{"@type":"ImageObject","inLanguage":"en-US","@id":"https:\/\/www.liana.com.co\/#\/schema\/logo\/image\/","url":"https:\/\/www.liana.com.co\/wp-content\/uploads\/2022\/11\/LIANA-BLACK.png","contentUrl":"https:\/\/www.liana.com.co\/wp-content\/uploads\/2022\/11\/LIANA-BLACK.png","width":339,"height":98,"caption":"LIANA"},"image":{"@id":"https:\/\/www.liana.com.co\/#\/schema\/logo\/image\/"},"sameAs":["https:\/\/www.facebook.com\/LIANAcreativa","https:\/\/www.instagram.com\/LIANA_creativa"]}]}},"jetpack_sharing_enabled":true,"_links":{"self":[{"href":"https:\/\/www.liana.com.co\/en\/wp-json\/wp\/v2\/product\/21358","targetHints":{"allow":["GET"]}}],"collection":[{"href":"https:\/\/www.liana.com.co\/en\/wp-json\/wp\/v2\/product"}],"about":[{"href":"https:\/\/www.liana.com.co\/en\/wp-json\/wp\/v2\/types\/product"}],"wp:featuredmedia":[{"embeddable":true,"href":"https:\/\/www.liana.com.co\/en\/wp-json\/wp\/v2\/media\/21541"}],"wp:attachment":[{"href":"https:\/\/www.liana.com.co\/en\/wp-json\/wp\/v2\/media?parent=21358"}],"wp:term":[{"taxonomy":"product_brand","embeddable":true,"href":"https:\/\/www.liana.com.co\/en\/wp-json\/wp\/v2\/product_brand?post=21358"},{"taxonomy":"product_cat","embeddable":true,"href":"https:\/\/www.liana.com.co\/en\/wp-json\/wp\/v2\/product_cat?post=21358"},{"taxonomy":"product_tag","embeddable":true,"href":"https:\/\/www.liana.com.co\/en\/wp-json\/wp\/v2\/product_tag?post=21358"}],"curies":[{"name":"wp","href":"https:\/\/api.w.org\/{rel}","templated":true}]}}