{"id":21323,"date":"2026-02-02T15:48:16","date_gmt":"2026-02-02T20:48:16","guid":{"rendered":"https:\/\/www.liana.com.co\/?post_type=product&#038;p=21323"},"modified":"2026-02-02T15:49:38","modified_gmt":"2026-02-02T20:49:38","slug":"mochila-cobra-crudo-s","status":"publish","type":"product","link":"https:\/\/www.liana.com.co\/en\/product\/mochila-cobra-crudo-s\/","title":{"rendered":"MOCHILA COBRA CRUDO S"},"content":{"rendered":"<p data-path-to-node=\"10\">Esta mochila es una pieza \u00fanica tejida a mano por artesanas colombianas en fibra natural de fique. Los detalles en cobre integrados en el tejido le otorgan un brillo sutil y especial, logrando una armon\u00eda perfecta entre lo ancestral y lo contempor\u00e1neo. Cada mochila es el resultado de horas de dedicaci\u00f3n, t\u00e9cnica y tradici\u00f3n en el coraz\u00f3n de la Sierra Nevada, pensada para acompa\u00f1arte con estilo y autenticidad. Es el accesorio ideal para darle un toque artesanal sofisticado a cualquier look.<\/p>\n<p data-path-to-node=\"11\"><b data-path-to-node=\"11\" data-index-in-node=\"0\">Especificaciones T\u00e9cnicas<\/b><\/p>\n<ul data-path-to-node=\"12\">\n<li>\n<p data-path-to-node=\"12,0,0\"><b data-path-to-node=\"12,0,0\" data-index-in-node=\"0\">Measurements<\/b> Di\u00e1metro 15 cm \/ Alto 19 cm.<\/p>\n<\/li>\n<li>\n<p data-path-to-node=\"12,1,0\"><b data-path-to-node=\"12,1,0\" data-index-in-node=\"0\">Largo de Manija:<\/b> 95 cm.<\/p>\n<\/li>\n<li>\n<p data-path-to-node=\"12,2,0\"><b data-path-to-node=\"12,2,0\" data-index-in-node=\"0\">Materiales:<\/b> Fique premium e hilos de cobre.<\/p>\n<\/li>\n<li>\n<p data-path-to-node=\"12,3,0\"><b data-path-to-node=\"12,3,0\" data-index-in-node=\"0\">Technique<\/b> Tejedur\u00eda manual de un solo hilo.<\/p>\n<\/li>\n<li>\n<p data-path-to-node=\"12,4,0\"><b data-path-to-node=\"12,4,0\" data-index-in-node=\"0\">Origen:<\/b> Valledupar (Sierra Nevada), Colombia.<\/p>\n<\/li>\n<li>\n<p data-path-to-node=\"12,5,0\"><b data-path-to-node=\"12,5,0\" data-index-in-node=\"0\">Tribe<\/b> Kankuamo.<\/p>\n<\/li>\n<\/ul>\n<p data-path-to-node=\"13\"><b data-path-to-node=\"13\" data-index-in-node=\"0\">Cuidados y Mantenimiento<\/b><\/p>\n<ul>\n<li style=\"list-style-type: none;\">\n<ul data-path-to-node=\"14\">\n<li>\n<p data-path-to-node=\"14,0,0\">Limpiar con un pa\u00f1o ligeramente h\u00famedo o cepillo de cerdas suaves.<\/p>\n<\/li>\n<li>\n<p data-path-to-node=\"14,1,0\">El cobre puede presentar un cambio natural de tono con el tiempo; esto es parte de la naturaleza del material.<\/p>\n<\/li>\n<li>\n<p data-path-to-node=\"14,2,0\">No sumergir en agua ni lavar en m\u00e1quina<\/p>\n<\/li>\n<\/ul>\n<\/li>\n<\/ul>","protected":false},"excerpt":{"rendered":"<p data-path-to-node=\"8\">Mochila de lujo tejida a mano en fibra de fique con delicados hilos de cobre. Una pieza ic\u00f3nica que fusiona el brillo contempor\u00e1neo con el saber ancestral Kankuamo.<\/p>\n<p data-path-to-node=\"10\">Esta mochila es una pieza \u00fanica tejida a mano por artesanas colombianas en fibra natural de fique. Los detalles en cobre integrados en el tejido le otorgan un brillo sutil y especial, logrando una armon\u00eda perfecta entre lo ancestral y lo contempor\u00e1neo. Cada mochila es el resultado de horas de dedicaci\u00f3n, t\u00e9cnica y tradici\u00f3n en el coraz\u00f3n de la Sierra Nevada, pensada para acompa\u00f1arte con estilo y autenticidad. Es el accesorio ideal para darle un toque artesanal sofisticado a cualquier look.<\/p>\n<p data-path-to-node=\"11\"><b data-path-to-node=\"11\" data-index-in-node=\"0\">Especificaciones T\u00e9cnicas<\/b><\/p>\n<ul data-path-to-node=\"12\">\n<li>\n<p data-path-to-node=\"12,0,0\"><b data-path-to-node=\"12,0,0\" data-index-in-node=\"0\">Measurements<\/b> Di\u00e1metro 18 cm \/ Alto 22 cm.<\/p>\n<\/li>\n<li>\n<p data-path-to-node=\"12,1,0\"><b data-path-to-node=\"12,1,0\" data-index-in-node=\"0\">Largo de Manija:<\/b> 92 cm.<\/p>\n<\/li>\n<li>\n<p data-path-to-node=\"12,2,0\"><b data-path-to-node=\"12,2,0\" data-index-in-node=\"0\">Materiales:<\/b> Fique premium e hilos de cobre.<\/p>\n<\/li>\n<li>\n<p data-path-to-node=\"12,3,0\"><b data-path-to-node=\"12,3,0\" data-index-in-node=\"0\">Technique<\/b> Tejedur\u00eda manual de un solo hilo.<\/p>\n<\/li>\n<li>\n<p data-path-to-node=\"12,4,0\"><b data-path-to-node=\"12,4,0\" data-index-in-node=\"0\">Origen:<\/b> Valledupar (Sierra Nevada), Colombia.<\/p>\n<\/li>\n<li>\n<p data-path-to-node=\"12,5,0\"><b data-path-to-node=\"12,5,0\" data-index-in-node=\"0\">Tribe<\/b> Kankuamo.<\/p>\n<\/li>\n<\/ul>\n<p data-path-to-node=\"13\"><b data-path-to-node=\"13\" data-index-in-node=\"0\">Cuidados y Mantenimiento<\/b><\/p>\n<ul data-path-to-node=\"14\">\n<li>\n<p data-path-to-node=\"14,0,0\">Limpiar con un pa\u00f1o ligeramente h\u00famedo o cepillo de cerdas suaves.<\/p>\n<\/li>\n<li>\n<p data-path-to-node=\"14,1,0\">El cobre puede presentar un cambio natural de tono con el tiempo; esto es parte de la naturaleza del material.<\/p>\n<\/li>\n<li>\n<p data-path-to-node=\"14,2,0\">No sumergir en agua ni lavar en m\u00e1quina<\/p>\n<\/li>\n<\/ul>","protected":false},"featured_media":21270,"template":"","meta":{"content-type":""},"product_brand":[],"product_cat":[6643,15],"product_tag":[6686,6701,6700],"class_list":{"0":"post-21323","1":"product","2":"type-product","3":"status-publish","4":"has-post-thumbnail","6":"product_cat-mochilas","7":"product_cat-todos","8":"product_tag-fique","9":"product_tag-kankuamo","10":"product_tag-mochila","12":"first","13":"instock","14":"shipping-taxable","15":"purchasable","16":"product-type-simple"},"yoast_head":"<!-- This site is optimized with the Yoast SEO plugin v27.4 - https:\/\/yoast.com\/product\/yoast-seo-wordpress\/ -->\n<title>MOCHILA COBRA CRUDO S | LIANA<\/title>\n<meta name=\"description\" content=\"Compra la Mochila Kankuama de LIANA. Tejida en fique y cobre por artesanas de Valledupar. Dise\u00f1o ancestral y contempor\u00e1neo \u00fanico. \u00a1Env\u00edos nacionales!\" \/>\n<meta name=\"robots\" content=\"index, follow, max-snippet:-1, max-image-preview:large, max-video-preview:-1\" \/>\n<link rel=\"canonical\" href=\"https:\/\/www.liana.com.co\/en\/product\/mochila-cobra-crudo-s\/\" \/>\n<meta property=\"og:locale\" content=\"en_US\" \/>\n<meta property=\"og:type\" content=\"article\" \/>\n<meta property=\"og:title\" content=\"MOCHILA COBRA CRUDO S | LIANA\" \/>\n<meta property=\"og:description\" content=\"Compra la Mochila Kankuama de LIANA. Tejida en fique y cobre por artesanas de Valledupar. Dise\u00f1o ancestral y contempor\u00e1neo \u00fanico. \u00a1Env\u00edos nacionales!\" \/>\n<meta property=\"og:url\" content=\"https:\/\/www.liana.com.co\/en\/product\/mochila-cobra-crudo-s\/\" \/>\n<meta property=\"og:site_name\" content=\"LIANA\" \/>\n<meta property=\"article:publisher\" content=\"https:\/\/www.facebook.com\/LIANAcreativa\" \/>\n<meta property=\"article:modified_time\" content=\"2026-02-02T20:49:38+00:00\" \/>\n<meta property=\"og:image\" content=\"https:\/\/www.liana.com.co\/wp-content\/uploads\/2026\/02\/WhatsApp-Image-2026-01-29-at-8.51.31-PM-1.jpeg\" \/>\n\t<meta property=\"og:image:width\" content=\"1024\" \/>\n\t<meta property=\"og:image:height\" content=\"1024\" \/>\n\t<meta property=\"og:image:type\" content=\"image\/jpeg\" \/>\n<meta name=\"twitter:card\" content=\"summary_large_image\" \/>\n<meta name=\"twitter:label1\" content=\"Est. reading time\" \/>\n\t<meta name=\"twitter:data1\" content=\"1 minute\" \/>\n<script type=\"application\/ld+json\" class=\"yoast-schema-graph\">{\"@context\":\"https:\\\/\\\/schema.org\",\"@graph\":[{\"@type\":\"WebPage\",\"@id\":\"https:\\\/\\\/www.liana.com.co\\\/producto\\\/mochila-cobra-crudo-s\\\/\",\"url\":\"https:\\\/\\\/www.liana.com.co\\\/producto\\\/mochila-cobra-crudo-s\\\/\",\"name\":\"MOCHILA COBRA CRUDO S | LIANA\",\"isPartOf\":{\"@id\":\"https:\\\/\\\/www.liana.com.co\\\/#website\"},\"primaryImageOfPage\":{\"@id\":\"https:\\\/\\\/www.liana.com.co\\\/producto\\\/mochila-cobra-crudo-s\\\/#primaryimage\"},\"image\":{\"@id\":\"https:\\\/\\\/www.liana.com.co\\\/producto\\\/mochila-cobra-crudo-s\\\/#primaryimage\"},\"thumbnailUrl\":\"https:\\\/\\\/www.liana.com.co\\\/wp-content\\\/uploads\\\/2026\\\/02\\\/WhatsApp-Image-2026-01-29-at-8.51.31-PM-1.jpeg\",\"datePublished\":\"2026-02-02T20:48:16+00:00\",\"dateModified\":\"2026-02-02T20:49:38+00:00\",\"description\":\"Compra la Mochila Kankuama de LIANA. Tejida en fique y cobre por artesanas de Valledupar. Dise\u00f1o ancestral y contempor\u00e1neo \u00fanico. \u00a1Env\u00edos nacionales!\",\"breadcrumb\":{\"@id\":\"https:\\\/\\\/www.liana.com.co\\\/producto\\\/mochila-cobra-crudo-s\\\/#breadcrumb\"},\"inLanguage\":\"en-US\",\"potentialAction\":[{\"@type\":\"ReadAction\",\"target\":[\"https:\\\/\\\/www.liana.com.co\\\/producto\\\/mochila-cobra-crudo-s\\\/\"]}]},{\"@type\":\"ImageObject\",\"inLanguage\":\"en-US\",\"@id\":\"https:\\\/\\\/www.liana.com.co\\\/producto\\\/mochila-cobra-crudo-s\\\/#primaryimage\",\"url\":\"https:\\\/\\\/www.liana.com.co\\\/wp-content\\\/uploads\\\/2026\\\/02\\\/WhatsApp-Image-2026-01-29-at-8.51.31-PM-1.jpeg\",\"contentUrl\":\"https:\\\/\\\/www.liana.com.co\\\/wp-content\\\/uploads\\\/2026\\\/02\\\/WhatsApp-Image-2026-01-29-at-8.51.31-PM-1.jpeg\",\"width\":1024,\"height\":1024},{\"@type\":\"BreadcrumbList\",\"@id\":\"https:\\\/\\\/www.liana.com.co\\\/producto\\\/mochila-cobra-crudo-s\\\/#breadcrumb\",\"itemListElement\":[{\"@type\":\"ListItem\",\"position\":1,\"name\":\"Portada\",\"item\":\"https:\\\/\\\/www.liana.com.co\\\/\"},{\"@type\":\"ListItem\",\"position\":2,\"name\":\"Shop\",\"item\":\"https:\\\/\\\/www.liana.com.co\\\/shop\\\/\"},{\"@type\":\"ListItem\",\"position\":3,\"name\":\"MOCHILA COBRA CRUDO S\"}]},{\"@type\":\"WebSite\",\"@id\":\"https:\\\/\\\/www.liana.com.co\\\/#website\",\"url\":\"https:\\\/\\\/www.liana.com.co\\\/\",\"name\":\"LIANA\",\"description\":\"Artesanos Contempor\u00e1neos\",\"publisher\":{\"@id\":\"https:\\\/\\\/www.liana.com.co\\\/#organization\"},\"potentialAction\":[{\"@type\":\"SearchAction\",\"target\":{\"@type\":\"EntryPoint\",\"urlTemplate\":\"https:\\\/\\\/www.liana.com.co\\\/?s={search_term_string}\"},\"query-input\":{\"@type\":\"PropertyValueSpecification\",\"valueRequired\":true,\"valueName\":\"search_term_string\"}}],\"inLanguage\":\"en-US\"},{\"@type\":\"Organization\",\"@id\":\"https:\\\/\\\/www.liana.com.co\\\/#organization\",\"name\":\"LIANA\",\"url\":\"https:\\\/\\\/www.liana.com.co\\\/\",\"logo\":{\"@type\":\"ImageObject\",\"inLanguage\":\"en-US\",\"@id\":\"https:\\\/\\\/www.liana.com.co\\\/#\\\/schema\\\/logo\\\/image\\\/\",\"url\":\"https:\\\/\\\/www.liana.com.co\\\/wp-content\\\/uploads\\\/2022\\\/11\\\/LIANA-BLACK.png\",\"contentUrl\":\"https:\\\/\\\/www.liana.com.co\\\/wp-content\\\/uploads\\\/2022\\\/11\\\/LIANA-BLACK.png\",\"width\":339,\"height\":98,\"caption\":\"LIANA\"},\"image\":{\"@id\":\"https:\\\/\\\/www.liana.com.co\\\/#\\\/schema\\\/logo\\\/image\\\/\"},\"sameAs\":[\"https:\\\/\\\/www.facebook.com\\\/LIANAcreativa\",\"https:\\\/\\\/www.instagram.com\\\/LIANA_creativa\"]}]}<\/script>\n<!-- \/ Yoast SEO plugin. -->","yoast_head_json":{"title":"MOCHILA COBRA CRUDO S | LIANA","description":"Compra la Mochila Kankuama de LIANA. Tejida en fique y cobre por artesanas de Valledupar. Dise\u00f1o ancestral y contempor\u00e1neo \u00fanico. \u00a1Env\u00edos nacionales!","robots":{"index":"index","follow":"follow","max-snippet":"max-snippet:-1","max-image-preview":"max-image-preview:large","max-video-preview":"max-video-preview:-1"},"canonical":"https:\/\/www.liana.com.co\/en\/product\/mochila-cobra-crudo-s\/","og_locale":"en_US","og_type":"article","og_title":"MOCHILA COBRA CRUDO S | LIANA","og_description":"Compra la Mochila Kankuama de LIANA. Tejida en fique y cobre por artesanas de Valledupar. Dise\u00f1o ancestral y contempor\u00e1neo \u00fanico. \u00a1Env\u00edos nacionales!","og_url":"https:\/\/www.liana.com.co\/en\/product\/mochila-cobra-crudo-s\/","og_site_name":"LIANA","article_publisher":"https:\/\/www.facebook.com\/LIANAcreativa","article_modified_time":"2026-02-02T20:49:38+00:00","og_image":[{"width":1024,"height":1024,"url":"https:\/\/www.liana.com.co\/wp-content\/uploads\/2026\/02\/WhatsApp-Image-2026-01-29-at-8.51.31-PM-1.jpeg","type":"image\/jpeg"}],"twitter_card":"summary_large_image","twitter_misc":{"Est. reading time":"1 minute"},"schema":{"@context":"https:\/\/schema.org","@graph":[{"@type":"WebPage","@id":"https:\/\/www.liana.com.co\/producto\/mochila-cobra-crudo-s\/","url":"https:\/\/www.liana.com.co\/producto\/mochila-cobra-crudo-s\/","name":"MOCHILA COBRA CRUDO S | LIANA","isPartOf":{"@id":"https:\/\/www.liana.com.co\/#website"},"primaryImageOfPage":{"@id":"https:\/\/www.liana.com.co\/producto\/mochila-cobra-crudo-s\/#primaryimage"},"image":{"@id":"https:\/\/www.liana.com.co\/producto\/mochila-cobra-crudo-s\/#primaryimage"},"thumbnailUrl":"https:\/\/www.liana.com.co\/wp-content\/uploads\/2026\/02\/WhatsApp-Image-2026-01-29-at-8.51.31-PM-1.jpeg","datePublished":"2026-02-02T20:48:16+00:00","dateModified":"2026-02-02T20:49:38+00:00","description":"Compra la Mochila Kankuama de LIANA. Tejida en fique y cobre por artesanas de Valledupar. Dise\u00f1o ancestral y contempor\u00e1neo \u00fanico. \u00a1Env\u00edos nacionales!","breadcrumb":{"@id":"https:\/\/www.liana.com.co\/producto\/mochila-cobra-crudo-s\/#breadcrumb"},"inLanguage":"en-US","potentialAction":[{"@type":"ReadAction","target":["https:\/\/www.liana.com.co\/producto\/mochila-cobra-crudo-s\/"]}]},{"@type":"ImageObject","inLanguage":"en-US","@id":"https:\/\/www.liana.com.co\/producto\/mochila-cobra-crudo-s\/#primaryimage","url":"https:\/\/www.liana.com.co\/wp-content\/uploads\/2026\/02\/WhatsApp-Image-2026-01-29-at-8.51.31-PM-1.jpeg","contentUrl":"https:\/\/www.liana.com.co\/wp-content\/uploads\/2026\/02\/WhatsApp-Image-2026-01-29-at-8.51.31-PM-1.jpeg","width":1024,"height":1024},{"@type":"BreadcrumbList","@id":"https:\/\/www.liana.com.co\/producto\/mochila-cobra-crudo-s\/#breadcrumb","itemListElement":[{"@type":"ListItem","position":1,"name":"Portada","item":"https:\/\/www.liana.com.co\/"},{"@type":"ListItem","position":2,"name":"Shop","item":"https:\/\/www.liana.com.co\/shop\/"},{"@type":"ListItem","position":3,"name":"MOCHILA COBRA CRUDO S"}]},{"@type":"WebSite","@id":"https:\/\/www.liana.com.co\/#website","url":"https:\/\/www.liana.com.co\/","name":"LIANA","description":"Contemporary Artisans","publisher":{"@id":"https:\/\/www.liana.com.co\/#organization"},"potentialAction":[{"@type":"SearchAction","target":{"@type":"EntryPoint","urlTemplate":"https:\/\/www.liana.com.co\/?s={search_term_string}"},"query-input":{"@type":"PropertyValueSpecification","valueRequired":true,"valueName":"search_term_string"}}],"inLanguage":"en-US"},{"@type":"Organization","@id":"https:\/\/www.liana.com.co\/#organization","name":"LIANA","url":"https:\/\/www.liana.com.co\/","logo":{"@type":"ImageObject","inLanguage":"en-US","@id":"https:\/\/www.liana.com.co\/#\/schema\/logo\/image\/","url":"https:\/\/www.liana.com.co\/wp-content\/uploads\/2022\/11\/LIANA-BLACK.png","contentUrl":"https:\/\/www.liana.com.co\/wp-content\/uploads\/2022\/11\/LIANA-BLACK.png","width":339,"height":98,"caption":"LIANA"},"image":{"@id":"https:\/\/www.liana.com.co\/#\/schema\/logo\/image\/"},"sameAs":["https:\/\/www.facebook.com\/LIANAcreativa","https:\/\/www.instagram.com\/LIANA_creativa"]}]}},"jetpack_sharing_enabled":true,"_links":{"self":[{"href":"https:\/\/www.liana.com.co\/en\/wp-json\/wp\/v2\/product\/21323","targetHints":{"allow":["GET"]}}],"collection":[{"href":"https:\/\/www.liana.com.co\/en\/wp-json\/wp\/v2\/product"}],"about":[{"href":"https:\/\/www.liana.com.co\/en\/wp-json\/wp\/v2\/types\/product"}],"wp:featuredmedia":[{"embeddable":true,"href":"https:\/\/www.liana.com.co\/en\/wp-json\/wp\/v2\/media\/21270"}],"wp:attachment":[{"href":"https:\/\/www.liana.com.co\/en\/wp-json\/wp\/v2\/media?parent=21323"}],"wp:term":[{"taxonomy":"product_brand","embeddable":true,"href":"https:\/\/www.liana.com.co\/en\/wp-json\/wp\/v2\/product_brand?post=21323"},{"taxonomy":"product_cat","embeddable":true,"href":"https:\/\/www.liana.com.co\/en\/wp-json\/wp\/v2\/product_cat?post=21323"},{"taxonomy":"product_tag","embeddable":true,"href":"https:\/\/www.liana.com.co\/en\/wp-json\/wp\/v2\/product_tag?post=21323"}],"curies":[{"name":"wp","href":"https:\/\/api.w.org\/{rel}","templated":true}]}}