{"id":21320,"date":"2026-02-02T15:41:49","date_gmt":"2026-02-02T20:41:49","guid":{"rendered":"https:\/\/www.liana.com.co\/?post_type=product&#038;p=21320"},"modified":"2026-02-02T16:10:24","modified_gmt":"2026-02-02T21:10:24","slug":"budare-infinito-l","status":"publish","type":"product","link":"https:\/\/www.liana.com.co\/en\/product\/budare-infinito-l\/","title":{"rendered":"BUDARE INFINITO  L"},"content":{"rendered":"<ul>\n<li>\n<p data-path-to-node=\"12,0,0\"><b data-path-to-node=\"12,0,0\" data-index-in-node=\"0\">Measurements<\/b> Di\u00e1metro 35\u00a0 cm.<\/p>\n<\/li>\n<li>\n<p data-path-to-node=\"12,1,0\"><b data-path-to-node=\"12,1,0\" data-index-in-node=\"0\">Materiales:<\/b> Fibra de Moriche y tintes naturales.<\/p>\n<\/li>\n<li>\n<p data-path-to-node=\"12,2,0\"><b data-path-to-node=\"12,2,0\" data-index-in-node=\"0\">Technique<\/b> Cester\u00eda de rollo.<\/p>\n<\/li>\n<li>\n<p data-path-to-node=\"12,3,0\"><b data-path-to-node=\"12,3,0\" data-index-in-node=\"0\">Region<\/b> Vichada, Colombia.<\/p>\n<\/li>\n<li>\n<p data-path-to-node=\"12,4,0\"><b data-path-to-node=\"12,4,0\" data-index-in-node=\"0\">Origen:<\/b> Comunidad Etnia Sikuani.<\/p>\n<\/li>\n<li>\n<p data-path-to-node=\"14,0,0\">Limpiar con un pa\u00f1o seco o un cepillo de cerdas suaves.<\/p>\n<\/li>\n<li>\n<p data-path-to-node=\"14,1,0\">Evitar la exposici\u00f3n directa y prolongada al sol para preservar los tonos de los tintes naturales.<\/p>\n<\/li>\n<li>\n<p data-path-to-node=\"14,2,0\">No sumergir en agua<\/p>\n<\/li>\n<\/ul>\n<hr \/>\n<p data-path-to-node=\"10\">En el Bajo Orinoco, la fibra de Moriche es mucho m\u00e1s que un material; es el v\u00ednculo entre la tierra y la identidad de la etnia Sikuani. A trav\u00e9s de la t\u00e9cnica de cester\u00eda de rollo, artesanas de esta comunidad preservan sus tradiciones, transformando la fibra mediante procesos de tintura natural que respetan los ciclos de la selva. Cada trazo y color en este disco es un reflejo de su cultura y un saber ancestral que hoy llega a tu espacio para contar una historia de resistencia y belleza natural.<\/p>\n<p data-path-to-node=\"11\">","protected":false},"excerpt":{"rendered":"<p>Disco decorativo tejido a mano en fibra de Moriche con tintes naturales. Una pieza de cester\u00eda de rollo que captura la esencia cultural de la etnia Sikuani.<\/p>","protected":false},"featured_media":21330,"template":"","meta":{"content-type":""},"product_brand":[],"product_cat":[6680,6729,15],"product_tag":[6592,6593,6688],"class_list":{"0":"post-21320","1":"product","2":"type-product","3":"status-publish","4":"has-post-thumbnail","6":"product_cat-decoracion","7":"product_cat-mesa","8":"product_cat-todos","9":"product_tag-canasto","10":"product_tag-cesteria","11":"product_tag-moriche","13":"first","14":"instock","15":"shipping-taxable","16":"purchasable","17":"product-type-simple"},"yoast_head":"<!-- This site is optimized with the Yoast SEO plugin v27.4 - https:\/\/yoast.com\/product\/yoast-seo-wordpress\/ -->\n<title>BUDARE INFINITO L | LIANA<\/title>\n<meta name=\"description\" content=\"Disco artesanal tejido en fibra de Moriche por la etnia Sikuani. Dise\u00f1o sostenible con tintes naturales del Vichada. \u00a1Lleva el alma del Orinoco a tu hogar!\" \/>\n<meta name=\"robots\" content=\"index, follow, max-snippet:-1, max-image-preview:large, max-video-preview:-1\" \/>\n<link rel=\"canonical\" href=\"https:\/\/www.liana.com.co\/en\/product\/budare-infinito-l\/\" \/>\n<meta property=\"og:locale\" content=\"en_US\" \/>\n<meta property=\"og:type\" content=\"article\" \/>\n<meta property=\"og:title\" content=\"BUDARE INFINITO L | LIANA\" \/>\n<meta property=\"og:description\" content=\"Disco artesanal tejido en fibra de Moriche por la etnia Sikuani. Dise\u00f1o sostenible con tintes naturales del Vichada. \u00a1Lleva el alma del Orinoco a tu hogar!\" \/>\n<meta property=\"og:url\" content=\"https:\/\/www.liana.com.co\/en\/product\/budare-infinito-l\/\" \/>\n<meta property=\"og:site_name\" content=\"LIANA\" \/>\n<meta property=\"article:publisher\" content=\"https:\/\/www.facebook.com\/LIANAcreativa\" \/>\n<meta property=\"article:modified_time\" content=\"2026-02-02T21:10:24+00:00\" \/>\n<meta property=\"og:image\" content=\"https:\/\/www.liana.com.co\/wp-content\/uploads\/2026\/02\/WhatsApp-Image-2026-02-02-at-4.06.03-PM.jpeg\" \/>\n\t<meta property=\"og:image:width\" content=\"1280\" \/>\n\t<meta property=\"og:image:height\" content=\"1280\" \/>\n\t<meta property=\"og:image:type\" content=\"image\/jpeg\" \/>\n<meta name=\"twitter:card\" content=\"summary_large_image\" \/>\n<meta name=\"twitter:label1\" content=\"Est. reading time\" \/>\n\t<meta name=\"twitter:data1\" content=\"1 minute\" \/>\n<script type=\"application\/ld+json\" class=\"yoast-schema-graph\">{\"@context\":\"https:\\\/\\\/schema.org\",\"@graph\":[{\"@type\":\"WebPage\",\"@id\":\"https:\\\/\\\/www.liana.com.co\\\/producto\\\/budare-infinito-l\\\/\",\"url\":\"https:\\\/\\\/www.liana.com.co\\\/producto\\\/budare-infinito-l\\\/\",\"name\":\"BUDARE INFINITO L | LIANA\",\"isPartOf\":{\"@id\":\"https:\\\/\\\/www.liana.com.co\\\/#website\"},\"primaryImageOfPage\":{\"@id\":\"https:\\\/\\\/www.liana.com.co\\\/producto\\\/budare-infinito-l\\\/#primaryimage\"},\"image\":{\"@id\":\"https:\\\/\\\/www.liana.com.co\\\/producto\\\/budare-infinito-l\\\/#primaryimage\"},\"thumbnailUrl\":\"https:\\\/\\\/www.liana.com.co\\\/wp-content\\\/uploads\\\/2026\\\/02\\\/WhatsApp-Image-2026-02-02-at-4.06.03-PM.jpeg\",\"datePublished\":\"2026-02-02T20:41:49+00:00\",\"dateModified\":\"2026-02-02T21:10:24+00:00\",\"description\":\"Disco artesanal tejido en fibra de Moriche por la etnia Sikuani. Dise\u00f1o sostenible con tintes naturales del Vichada. \u00a1Lleva el alma del Orinoco a tu hogar!\",\"breadcrumb\":{\"@id\":\"https:\\\/\\\/www.liana.com.co\\\/producto\\\/budare-infinito-l\\\/#breadcrumb\"},\"inLanguage\":\"en-US\",\"potentialAction\":[{\"@type\":\"ReadAction\",\"target\":[\"https:\\\/\\\/www.liana.com.co\\\/producto\\\/budare-infinito-l\\\/\"]}]},{\"@type\":\"ImageObject\",\"inLanguage\":\"en-US\",\"@id\":\"https:\\\/\\\/www.liana.com.co\\\/producto\\\/budare-infinito-l\\\/#primaryimage\",\"url\":\"https:\\\/\\\/www.liana.com.co\\\/wp-content\\\/uploads\\\/2026\\\/02\\\/WhatsApp-Image-2026-02-02-at-4.06.03-PM.jpeg\",\"contentUrl\":\"https:\\\/\\\/www.liana.com.co\\\/wp-content\\\/uploads\\\/2026\\\/02\\\/WhatsApp-Image-2026-02-02-at-4.06.03-PM.jpeg\",\"width\":1280,\"height\":1280},{\"@type\":\"BreadcrumbList\",\"@id\":\"https:\\\/\\\/www.liana.com.co\\\/producto\\\/budare-infinito-l\\\/#breadcrumb\",\"itemListElement\":[{\"@type\":\"ListItem\",\"position\":1,\"name\":\"Portada\",\"item\":\"https:\\\/\\\/www.liana.com.co\\\/\"},{\"@type\":\"ListItem\",\"position\":2,\"name\":\"Shop\",\"item\":\"https:\\\/\\\/www.liana.com.co\\\/shop\\\/\"},{\"@type\":\"ListItem\",\"position\":3,\"name\":\"BUDARE INFINITO L\"}]},{\"@type\":\"WebSite\",\"@id\":\"https:\\\/\\\/www.liana.com.co\\\/#website\",\"url\":\"https:\\\/\\\/www.liana.com.co\\\/\",\"name\":\"LIANA\",\"description\":\"Artesanos Contempor\u00e1neos\",\"publisher\":{\"@id\":\"https:\\\/\\\/www.liana.com.co\\\/#organization\"},\"potentialAction\":[{\"@type\":\"SearchAction\",\"target\":{\"@type\":\"EntryPoint\",\"urlTemplate\":\"https:\\\/\\\/www.liana.com.co\\\/?s={search_term_string}\"},\"query-input\":{\"@type\":\"PropertyValueSpecification\",\"valueRequired\":true,\"valueName\":\"search_term_string\"}}],\"inLanguage\":\"en-US\"},{\"@type\":\"Organization\",\"@id\":\"https:\\\/\\\/www.liana.com.co\\\/#organization\",\"name\":\"LIANA\",\"url\":\"https:\\\/\\\/www.liana.com.co\\\/\",\"logo\":{\"@type\":\"ImageObject\",\"inLanguage\":\"en-US\",\"@id\":\"https:\\\/\\\/www.liana.com.co\\\/#\\\/schema\\\/logo\\\/image\\\/\",\"url\":\"https:\\\/\\\/www.liana.com.co\\\/wp-content\\\/uploads\\\/2022\\\/11\\\/LIANA-BLACK.png\",\"contentUrl\":\"https:\\\/\\\/www.liana.com.co\\\/wp-content\\\/uploads\\\/2022\\\/11\\\/LIANA-BLACK.png\",\"width\":339,\"height\":98,\"caption\":\"LIANA\"},\"image\":{\"@id\":\"https:\\\/\\\/www.liana.com.co\\\/#\\\/schema\\\/logo\\\/image\\\/\"},\"sameAs\":[\"https:\\\/\\\/www.facebook.com\\\/LIANAcreativa\",\"https:\\\/\\\/www.instagram.com\\\/LIANA_creativa\"]}]}<\/script>\n<!-- \/ Yoast SEO plugin. -->","yoast_head_json":{"title":"BUDARE INFINITO L | LIANA","description":"Disco artesanal tejido en fibra de Moriche por la etnia Sikuani. Dise\u00f1o sostenible con tintes naturales del Vichada. \u00a1Lleva el alma del Orinoco a tu hogar!","robots":{"index":"index","follow":"follow","max-snippet":"max-snippet:-1","max-image-preview":"max-image-preview:large","max-video-preview":"max-video-preview:-1"},"canonical":"https:\/\/www.liana.com.co\/en\/product\/budare-infinito-l\/","og_locale":"en_US","og_type":"article","og_title":"BUDARE INFINITO L | LIANA","og_description":"Disco artesanal tejido en fibra de Moriche por la etnia Sikuani. Dise\u00f1o sostenible con tintes naturales del Vichada. \u00a1Lleva el alma del Orinoco a tu hogar!","og_url":"https:\/\/www.liana.com.co\/en\/product\/budare-infinito-l\/","og_site_name":"LIANA","article_publisher":"https:\/\/www.facebook.com\/LIANAcreativa","article_modified_time":"2026-02-02T21:10:24+00:00","og_image":[{"width":1280,"height":1280,"url":"https:\/\/www.liana.com.co\/wp-content\/uploads\/2026\/02\/WhatsApp-Image-2026-02-02-at-4.06.03-PM.jpeg","type":"image\/jpeg"}],"twitter_card":"summary_large_image","twitter_misc":{"Est. reading time":"1 minute"},"schema":{"@context":"https:\/\/schema.org","@graph":[{"@type":"WebPage","@id":"https:\/\/www.liana.com.co\/producto\/budare-infinito-l\/","url":"https:\/\/www.liana.com.co\/producto\/budare-infinito-l\/","name":"BUDARE INFINITO L | LIANA","isPartOf":{"@id":"https:\/\/www.liana.com.co\/#website"},"primaryImageOfPage":{"@id":"https:\/\/www.liana.com.co\/producto\/budare-infinito-l\/#primaryimage"},"image":{"@id":"https:\/\/www.liana.com.co\/producto\/budare-infinito-l\/#primaryimage"},"thumbnailUrl":"https:\/\/www.liana.com.co\/wp-content\/uploads\/2026\/02\/WhatsApp-Image-2026-02-02-at-4.06.03-PM.jpeg","datePublished":"2026-02-02T20:41:49+00:00","dateModified":"2026-02-02T21:10:24+00:00","description":"Disco artesanal tejido en fibra de Moriche por la etnia Sikuani. Dise\u00f1o sostenible con tintes naturales del Vichada. \u00a1Lleva el alma del Orinoco a tu hogar!","breadcrumb":{"@id":"https:\/\/www.liana.com.co\/producto\/budare-infinito-l\/#breadcrumb"},"inLanguage":"en-US","potentialAction":[{"@type":"ReadAction","target":["https:\/\/www.liana.com.co\/producto\/budare-infinito-l\/"]}]},{"@type":"ImageObject","inLanguage":"en-US","@id":"https:\/\/www.liana.com.co\/producto\/budare-infinito-l\/#primaryimage","url":"https:\/\/www.liana.com.co\/wp-content\/uploads\/2026\/02\/WhatsApp-Image-2026-02-02-at-4.06.03-PM.jpeg","contentUrl":"https:\/\/www.liana.com.co\/wp-content\/uploads\/2026\/02\/WhatsApp-Image-2026-02-02-at-4.06.03-PM.jpeg","width":1280,"height":1280},{"@type":"BreadcrumbList","@id":"https:\/\/www.liana.com.co\/producto\/budare-infinito-l\/#breadcrumb","itemListElement":[{"@type":"ListItem","position":1,"name":"Portada","item":"https:\/\/www.liana.com.co\/"},{"@type":"ListItem","position":2,"name":"Shop","item":"https:\/\/www.liana.com.co\/shop\/"},{"@type":"ListItem","position":3,"name":"BUDARE INFINITO L"}]},{"@type":"WebSite","@id":"https:\/\/www.liana.com.co\/#website","url":"https:\/\/www.liana.com.co\/","name":"LIANA","description":"Contemporary Artisans","publisher":{"@id":"https:\/\/www.liana.com.co\/#organization"},"potentialAction":[{"@type":"SearchAction","target":{"@type":"EntryPoint","urlTemplate":"https:\/\/www.liana.com.co\/?s={search_term_string}"},"query-input":{"@type":"PropertyValueSpecification","valueRequired":true,"valueName":"search_term_string"}}],"inLanguage":"en-US"},{"@type":"Organization","@id":"https:\/\/www.liana.com.co\/#organization","name":"LIANA","url":"https:\/\/www.liana.com.co\/","logo":{"@type":"ImageObject","inLanguage":"en-US","@id":"https:\/\/www.liana.com.co\/#\/schema\/logo\/image\/","url":"https:\/\/www.liana.com.co\/wp-content\/uploads\/2022\/11\/LIANA-BLACK.png","contentUrl":"https:\/\/www.liana.com.co\/wp-content\/uploads\/2022\/11\/LIANA-BLACK.png","width":339,"height":98,"caption":"LIANA"},"image":{"@id":"https:\/\/www.liana.com.co\/#\/schema\/logo\/image\/"},"sameAs":["https:\/\/www.facebook.com\/LIANAcreativa","https:\/\/www.instagram.com\/LIANA_creativa"]}]}},"jetpack_sharing_enabled":true,"_links":{"self":[{"href":"https:\/\/www.liana.com.co\/en\/wp-json\/wp\/v2\/product\/21320","targetHints":{"allow":["GET"]}}],"collection":[{"href":"https:\/\/www.liana.com.co\/en\/wp-json\/wp\/v2\/product"}],"about":[{"href":"https:\/\/www.liana.com.co\/en\/wp-json\/wp\/v2\/types\/product"}],"wp:featuredmedia":[{"embeddable":true,"href":"https:\/\/www.liana.com.co\/en\/wp-json\/wp\/v2\/media\/21330"}],"wp:attachment":[{"href":"https:\/\/www.liana.com.co\/en\/wp-json\/wp\/v2\/media?parent=21320"}],"wp:term":[{"taxonomy":"product_brand","embeddable":true,"href":"https:\/\/www.liana.com.co\/en\/wp-json\/wp\/v2\/product_brand?post=21320"},{"taxonomy":"product_cat","embeddable":true,"href":"https:\/\/www.liana.com.co\/en\/wp-json\/wp\/v2\/product_cat?post=21320"},{"taxonomy":"product_tag","embeddable":true,"href":"https:\/\/www.liana.com.co\/en\/wp-json\/wp\/v2\/product_tag?post=21320"}],"curies":[{"name":"wp","href":"https:\/\/api.w.org\/{rel}","templated":true}]}}