{"id":20937,"date":"2025-10-20T11:27:31","date_gmt":"2025-10-20T16:27:31","guid":{"rendered":"https:\/\/www.liana.com.co\/?post_type=product&#038;p=20937"},"modified":"2025-10-20T11:27:31","modified_gmt":"2025-10-20T16:27:31","slug":"mochila-fique-cobre-m-2-2-2","status":"publish","type":"product","link":"https:\/\/www.liana.com.co\/en\/product\/mochila-fique-cobre-m-2-2-2\/","title":{"rendered":"MOCHILA COBRA L ROMBOS"},"content":{"rendered":"<ul>\n<li><strong>Measurements<\/strong>: Di\u00e1metro 20 cms\/ Alto 30 cms\/Largo Manija 100 cms<\/li>\n<li><strong>Material<\/strong>: Fique y cobre<\/li>\n<li><strong>Region<\/strong>: Valledupar<\/li>\n<li><strong>T\u00e9cnica<\/strong>: Tejedur\u00eda<\/li>\n<li><strong>Etnia<\/strong>: Kankuamo<br \/>\n<hr \/>\n<\/li>\n<\/ul>\n<p>Una pieza \u00fanica tejida a mano por artesanas colombianas en fibra natural de fique. Sus detalles en cobre le dan un brillo sutil y especial, fusionando lo ancestral con lo contempor\u00e1neo. Cada mochila es el resultado de horas de dedicaci\u00f3n, t\u00e9cnica y tradici\u00f3n, pensada para acompa\u00f1arte con estilo y autenticidad.<\/p>","protected":false},"excerpt":{"rendered":"<p>An accessory to add an artisanal touch to all your outfits.<\/p>","protected":false},"featured_media":20630,"template":"","meta":{"content-type":""},"product_brand":[],"product_cat":[6643,15],"product_tag":[6686,6701,6700],"class_list":{"0":"post-20937","1":"product","2":"type-product","3":"status-publish","4":"has-post-thumbnail","6":"product_cat-mochilas","7":"product_cat-todos","8":"product_tag-fique","9":"product_tag-kankuamo","10":"product_tag-mochila","12":"first","13":"instock","14":"shipping-taxable","15":"purchasable","16":"product-type-simple"},"yoast_head":"<!-- This site is optimized with the Yoast SEO plugin v27.4 - https:\/\/yoast.com\/product\/yoast-seo-wordpress\/ -->\n<title>MOCHILA COBRA L ROMBOS | LIANA<\/title>\n<meta name=\"robots\" content=\"index, follow, max-snippet:-1, max-image-preview:large, max-video-preview:-1\" \/>\n<link rel=\"canonical\" href=\"https:\/\/www.liana.com.co\/en\/product\/mochila-fique-cobre-m-2-2-2\/\" \/>\n<meta property=\"og:locale\" content=\"en_US\" \/>\n<meta property=\"og:type\" content=\"article\" \/>\n<meta property=\"og:title\" content=\"MOCHILA COBRA L ROMBOS | LIANA\" \/>\n<meta property=\"og:description\" content=\"Una mochila para darle un toque artesanal a todas tus pintas.\" \/>\n<meta property=\"og:url\" content=\"https:\/\/www.liana.com.co\/en\/product\/mochila-fique-cobre-m-2-2-2\/\" \/>\n<meta property=\"og:site_name\" content=\"LIANA\" \/>\n<meta property=\"article:publisher\" content=\"https:\/\/www.facebook.com\/LIANAcreativa\" \/>\n<meta property=\"og:image\" content=\"https:\/\/www.liana.com.co\/wp-content\/uploads\/2023\/03\/WhatsApp-Image-2025-07-09-at-11.28.57-AM-2.jpeg\" \/>\n\t<meta property=\"og:image:width\" content=\"896\" \/>\n\t<meta property=\"og:image:height\" content=\"896\" \/>\n\t<meta property=\"og:image:type\" content=\"image\/jpeg\" \/>\n<meta name=\"twitter:card\" content=\"summary_large_image\" \/>\n<meta name=\"twitter:label1\" content=\"Est. reading time\" \/>\n\t<meta name=\"twitter:data1\" content=\"1 minute\" \/>\n<script type=\"application\/ld+json\" class=\"yoast-schema-graph\">{\"@context\":\"https:\\\/\\\/schema.org\",\"@graph\":[{\"@type\":\"WebPage\",\"@id\":\"https:\\\/\\\/www.liana.com.co\\\/producto\\\/mochila-fique-cobre-m-2-2-2\\\/\",\"url\":\"https:\\\/\\\/www.liana.com.co\\\/producto\\\/mochila-fique-cobre-m-2-2-2\\\/\",\"name\":\"MOCHILA COBRA L ROMBOS | LIANA\",\"isPartOf\":{\"@id\":\"https:\\\/\\\/www.liana.com.co\\\/#website\"},\"primaryImageOfPage\":{\"@id\":\"https:\\\/\\\/www.liana.com.co\\\/producto\\\/mochila-fique-cobre-m-2-2-2\\\/#primaryimage\"},\"image\":{\"@id\":\"https:\\\/\\\/www.liana.com.co\\\/producto\\\/mochila-fique-cobre-m-2-2-2\\\/#primaryimage\"},\"thumbnailUrl\":\"https:\\\/\\\/www.liana.com.co\\\/wp-content\\\/uploads\\\/2023\\\/03\\\/WhatsApp-Image-2025-07-09-at-11.28.57-AM-2.jpeg\",\"datePublished\":\"2025-10-20T16:27:31+00:00\",\"breadcrumb\":{\"@id\":\"https:\\\/\\\/www.liana.com.co\\\/producto\\\/mochila-fique-cobre-m-2-2-2\\\/#breadcrumb\"},\"inLanguage\":\"en-US\",\"potentialAction\":[{\"@type\":\"ReadAction\",\"target\":[\"https:\\\/\\\/www.liana.com.co\\\/producto\\\/mochila-fique-cobre-m-2-2-2\\\/\"]}]},{\"@type\":\"ImageObject\",\"inLanguage\":\"en-US\",\"@id\":\"https:\\\/\\\/www.liana.com.co\\\/producto\\\/mochila-fique-cobre-m-2-2-2\\\/#primaryimage\",\"url\":\"https:\\\/\\\/www.liana.com.co\\\/wp-content\\\/uploads\\\/2023\\\/03\\\/WhatsApp-Image-2025-07-09-at-11.28.57-AM-2.jpeg\",\"contentUrl\":\"https:\\\/\\\/www.liana.com.co\\\/wp-content\\\/uploads\\\/2023\\\/03\\\/WhatsApp-Image-2025-07-09-at-11.28.57-AM-2.jpeg\",\"width\":896,\"height\":896},{\"@type\":\"BreadcrumbList\",\"@id\":\"https:\\\/\\\/www.liana.com.co\\\/producto\\\/mochila-fique-cobre-m-2-2-2\\\/#breadcrumb\",\"itemListElement\":[{\"@type\":\"ListItem\",\"position\":1,\"name\":\"Portada\",\"item\":\"https:\\\/\\\/www.liana.com.co\\\/\"},{\"@type\":\"ListItem\",\"position\":2,\"name\":\"Shop\",\"item\":\"https:\\\/\\\/www.liana.com.co\\\/shop\\\/\"},{\"@type\":\"ListItem\",\"position\":3,\"name\":\"MOCHILA COBRA L ROMBOS\"}]},{\"@type\":\"WebSite\",\"@id\":\"https:\\\/\\\/www.liana.com.co\\\/#website\",\"url\":\"https:\\\/\\\/www.liana.com.co\\\/\",\"name\":\"LIANA\",\"description\":\"Artesanos Contempor\u00e1neos\",\"publisher\":{\"@id\":\"https:\\\/\\\/www.liana.com.co\\\/#organization\"},\"potentialAction\":[{\"@type\":\"SearchAction\",\"target\":{\"@type\":\"EntryPoint\",\"urlTemplate\":\"https:\\\/\\\/www.liana.com.co\\\/?s={search_term_string}\"},\"query-input\":{\"@type\":\"PropertyValueSpecification\",\"valueRequired\":true,\"valueName\":\"search_term_string\"}}],\"inLanguage\":\"en-US\"},{\"@type\":\"Organization\",\"@id\":\"https:\\\/\\\/www.liana.com.co\\\/#organization\",\"name\":\"LIANA\",\"url\":\"https:\\\/\\\/www.liana.com.co\\\/\",\"logo\":{\"@type\":\"ImageObject\",\"inLanguage\":\"en-US\",\"@id\":\"https:\\\/\\\/www.liana.com.co\\\/#\\\/schema\\\/logo\\\/image\\\/\",\"url\":\"https:\\\/\\\/www.liana.com.co\\\/wp-content\\\/uploads\\\/2022\\\/11\\\/LIANA-BLACK.png\",\"contentUrl\":\"https:\\\/\\\/www.liana.com.co\\\/wp-content\\\/uploads\\\/2022\\\/11\\\/LIANA-BLACK.png\",\"width\":339,\"height\":98,\"caption\":\"LIANA\"},\"image\":{\"@id\":\"https:\\\/\\\/www.liana.com.co\\\/#\\\/schema\\\/logo\\\/image\\\/\"},\"sameAs\":[\"https:\\\/\\\/www.facebook.com\\\/LIANAcreativa\",\"https:\\\/\\\/www.instagram.com\\\/LIANA_creativa\"]}]}<\/script>\n<!-- \/ Yoast SEO plugin. -->","yoast_head_json":{"title":"MOCHILA COBRA L ROMBOS | LIANA","robots":{"index":"index","follow":"follow","max-snippet":"max-snippet:-1","max-image-preview":"max-image-preview:large","max-video-preview":"max-video-preview:-1"},"canonical":"https:\/\/www.liana.com.co\/en\/product\/mochila-fique-cobre-m-2-2-2\/","og_locale":"en_US","og_type":"article","og_title":"MOCHILA COBRA L ROMBOS | LIANA","og_description":"Una mochila para darle un toque artesanal a todas tus pintas.","og_url":"https:\/\/www.liana.com.co\/en\/product\/mochila-fique-cobre-m-2-2-2\/","og_site_name":"LIANA","article_publisher":"https:\/\/www.facebook.com\/LIANAcreativa","og_image":[{"width":896,"height":896,"url":"https:\/\/www.liana.com.co\/wp-content\/uploads\/2023\/03\/WhatsApp-Image-2025-07-09-at-11.28.57-AM-2.jpeg","type":"image\/jpeg"}],"twitter_card":"summary_large_image","twitter_misc":{"Est. reading time":"1 minute"},"schema":{"@context":"https:\/\/schema.org","@graph":[{"@type":"WebPage","@id":"https:\/\/www.liana.com.co\/producto\/mochila-fique-cobre-m-2-2-2\/","url":"https:\/\/www.liana.com.co\/producto\/mochila-fique-cobre-m-2-2-2\/","name":"MOCHILA COBRA L ROMBOS | LIANA","isPartOf":{"@id":"https:\/\/www.liana.com.co\/#website"},"primaryImageOfPage":{"@id":"https:\/\/www.liana.com.co\/producto\/mochila-fique-cobre-m-2-2-2\/#primaryimage"},"image":{"@id":"https:\/\/www.liana.com.co\/producto\/mochila-fique-cobre-m-2-2-2\/#primaryimage"},"thumbnailUrl":"https:\/\/www.liana.com.co\/wp-content\/uploads\/2023\/03\/WhatsApp-Image-2025-07-09-at-11.28.57-AM-2.jpeg","datePublished":"2025-10-20T16:27:31+00:00","breadcrumb":{"@id":"https:\/\/www.liana.com.co\/producto\/mochila-fique-cobre-m-2-2-2\/#breadcrumb"},"inLanguage":"en-US","potentialAction":[{"@type":"ReadAction","target":["https:\/\/www.liana.com.co\/producto\/mochila-fique-cobre-m-2-2-2\/"]}]},{"@type":"ImageObject","inLanguage":"en-US","@id":"https:\/\/www.liana.com.co\/producto\/mochila-fique-cobre-m-2-2-2\/#primaryimage","url":"https:\/\/www.liana.com.co\/wp-content\/uploads\/2023\/03\/WhatsApp-Image-2025-07-09-at-11.28.57-AM-2.jpeg","contentUrl":"https:\/\/www.liana.com.co\/wp-content\/uploads\/2023\/03\/WhatsApp-Image-2025-07-09-at-11.28.57-AM-2.jpeg","width":896,"height":896},{"@type":"BreadcrumbList","@id":"https:\/\/www.liana.com.co\/producto\/mochila-fique-cobre-m-2-2-2\/#breadcrumb","itemListElement":[{"@type":"ListItem","position":1,"name":"Portada","item":"https:\/\/www.liana.com.co\/"},{"@type":"ListItem","position":2,"name":"Shop","item":"https:\/\/www.liana.com.co\/shop\/"},{"@type":"ListItem","position":3,"name":"MOCHILA COBRA L ROMBOS"}]},{"@type":"WebSite","@id":"https:\/\/www.liana.com.co\/#website","url":"https:\/\/www.liana.com.co\/","name":"LIANA","description":"Contemporary Artisans","publisher":{"@id":"https:\/\/www.liana.com.co\/#organization"},"potentialAction":[{"@type":"SearchAction","target":{"@type":"EntryPoint","urlTemplate":"https:\/\/www.liana.com.co\/?s={search_term_string}"},"query-input":{"@type":"PropertyValueSpecification","valueRequired":true,"valueName":"search_term_string"}}],"inLanguage":"en-US"},{"@type":"Organization","@id":"https:\/\/www.liana.com.co\/#organization","name":"LIANA","url":"https:\/\/www.liana.com.co\/","logo":{"@type":"ImageObject","inLanguage":"en-US","@id":"https:\/\/www.liana.com.co\/#\/schema\/logo\/image\/","url":"https:\/\/www.liana.com.co\/wp-content\/uploads\/2022\/11\/LIANA-BLACK.png","contentUrl":"https:\/\/www.liana.com.co\/wp-content\/uploads\/2022\/11\/LIANA-BLACK.png","width":339,"height":98,"caption":"LIANA"},"image":{"@id":"https:\/\/www.liana.com.co\/#\/schema\/logo\/image\/"},"sameAs":["https:\/\/www.facebook.com\/LIANAcreativa","https:\/\/www.instagram.com\/LIANA_creativa"]}]}},"jetpack_sharing_enabled":true,"_links":{"self":[{"href":"https:\/\/www.liana.com.co\/en\/wp-json\/wp\/v2\/product\/20937","targetHints":{"allow":["GET"]}}],"collection":[{"href":"https:\/\/www.liana.com.co\/en\/wp-json\/wp\/v2\/product"}],"about":[{"href":"https:\/\/www.liana.com.co\/en\/wp-json\/wp\/v2\/types\/product"}],"wp:featuredmedia":[{"embeddable":true,"href":"https:\/\/www.liana.com.co\/en\/wp-json\/wp\/v2\/media\/20630"}],"wp:attachment":[{"href":"https:\/\/www.liana.com.co\/en\/wp-json\/wp\/v2\/media?parent=20937"}],"wp:term":[{"taxonomy":"product_brand","embeddable":true,"href":"https:\/\/www.liana.com.co\/en\/wp-json\/wp\/v2\/product_brand?post=20937"},{"taxonomy":"product_cat","embeddable":true,"href":"https:\/\/www.liana.com.co\/en\/wp-json\/wp\/v2\/product_cat?post=20937"},{"taxonomy":"product_tag","embeddable":true,"href":"https:\/\/www.liana.com.co\/en\/wp-json\/wp\/v2\/product_tag?post=20937"}],"curies":[{"name":"wp","href":"https:\/\/api.w.org\/{rel}","templated":true}]}}