{"id":20773,"date":"2025-08-19T11:16:00","date_gmt":"2025-08-19T16:16:00","guid":{"rendered":"https:\/\/www.liana.com.co\/?post_type=product&#038;p=20773"},"modified":"2026-03-17T09:08:19","modified_gmt":"2026-03-17T14:08:19","slug":"servilletero-iraca-2","status":"publish","type":"product","link":"https:\/\/www.liana.com.co\/en\/product\/servilletero-iraca-2\/","title":{"rendered":"IRACA NAPKIN HOLDER"},"content":{"rendered":"<ul data-path-to-node=\"20\">\n<li>\n<p style=\"text-align: left;\" data-path-to-node=\"20,0,0\"><b data-path-to-node=\"20,0,0\" data-index-in-node=\"0\">Measurements\u00a0<\/b><\/p>\n<p style=\"text-align: left;\" data-path-to-node=\"20,1,1\"><span data-path-to-node=\"20,1,1,0\"><b data-path-to-node=\"20,1,1,0\" data-index-in-node=\"0\"><span class=\"citation-45\">Materiales:<\/span><\/b><span class=\"citation-45\"> Palma de iraca premium. <\/span><\/span><\/p>\n<\/li>\n<li style=\"text-align: left;\">\n<p data-path-to-node=\"20,2,1\"><span data-path-to-node=\"20,2,1,0\"><b data-path-to-node=\"20,2,1,0\" data-index-in-node=\"0\"><span class=\"citation-44\">Technique<\/span><\/b><span class=\"citation-44\"> Cester\u00eda tejida a mano. <\/span><\/span><\/p>\n<\/li>\n<li>\n<p style=\"text-align: left;\" data-path-to-node=\"20,3,1\"><span data-path-to-node=\"20,3,1,0\"><b data-path-to-node=\"20,3,1,0\" data-index-in-node=\"0\"><span class=\"citation-43\">Origen:<\/span><\/b><span class=\"citation-43\"> Nari\u00f1o \/ Atl\u00e1ntico, Colombia. <\/span><\/span><\/p>\n<\/li>\n<\/ul>\n<p data-path-to-node=\"21\"><b data-path-to-node=\"21\" data-index-in-node=\"0\">Cuidados<\/b><\/p>\n<ul data-path-to-node=\"22\">\n<li>\n<p data-path-to-node=\"22,0,0\"><span data-path-to-node=\"22,0,0,0\">Limpiar con un pa\u00f1o seco. <\/span><span data-path-to-node=\"22,0,0,2\"><span class=\"citation-42\">No sumergir en agua ni exponer a humedad prolongada para preservar la estructura de la fibra natural. <\/span><\/span><\/p>\n<div class=\"source-inline-chip-container ng-star-inserted\"><\/div>\n<\/li>\n<\/ul>\n<hr \/>\n<p>&nbsp;<\/p>\n<p><span data-path-to-node=\"17,0\">Inspirados en la riqueza de nuestras costas, estos servilleteros son el resultado de un trabajo colaborativo con talentosas artesanas. <\/span><span data-path-to-node=\"17,2\"><span class=\"citation-47\">Cada pieza es tejida con palma de iraca, una fibra natural que se transforma mediante t\u00e9cnicas de cester\u00eda tradicional, aportando una narrativa org\u00e1nica y sofisticada a cualquier montaje de mesa. <\/span><\/span><\/p>","protected":false},"excerpt":{"rendered":"<p><span data-path-to-node=\"14,0\">Juego de 4 servilleteros tejidos a mano en palma de iraca con formas de cangrejo y langosta. <\/span><span data-path-to-node=\"14,2\"><span class=\"citation-48\">Una pieza de dise\u00f1o tropical que celebra la maestr\u00eda artesanal en cada detalle de tu mesa. <\/span><\/span><\/p>","protected":false},"featured_media":21442,"template":"","meta":{"content-type":""},"product_brand":[],"product_cat":[6680,6729,15],"product_tag":[6703,6593,6720],"class_list":{"0":"post-20773","1":"product","2":"type-product","3":"status-publish","4":"has-post-thumbnail","6":"product_cat-decoracion","7":"product_cat-mesa","8":"product_cat-todos","9":"product_tag-cartera","10":"product_tag-cesteria","11":"product_tag-iraca","13":"first","14":"outofstock","15":"shipping-taxable","16":"purchasable","17":"product-type-simple"},"yoast_head":"<!-- This site is optimized with the Yoast SEO plugin v27.4 - https:\/\/yoast.com\/product\/yoast-seo-wordpress\/ -->\n<title>SERVILLETERO IRACA | LIANA<\/title>\n<meta name=\"robots\" content=\"index, follow, max-snippet:-1, max-image-preview:large, max-video-preview:-1\" \/>\n<link rel=\"canonical\" href=\"https:\/\/www.liana.com.co\/en\/product\/servilletero-iraca-2\/\" \/>\n<meta property=\"og:locale\" content=\"en_US\" \/>\n<meta property=\"og:type\" content=\"article\" \/>\n<meta property=\"og:title\" content=\"SERVILLETERO IRACA | LIANA\" \/>\n<meta property=\"og:description\" content=\"Juego de 4 servilleteros tejidos a mano en palma de iraca con formas de cangrejo y langosta. Una pieza de dise\u00f1o tropical que celebra la maestr\u00eda artesanal en cada detalle de tu mesa.\" \/>\n<meta property=\"og:url\" content=\"https:\/\/www.liana.com.co\/en\/product\/servilletero-iraca-2\/\" \/>\n<meta property=\"og:site_name\" content=\"LIANA\" \/>\n<meta property=\"article:publisher\" content=\"https:\/\/www.facebook.com\/LIANAcreativa\" \/>\n<meta property=\"article:modified_time\" content=\"2026-03-17T14:08:19+00:00\" \/>\n<meta property=\"og:image\" content=\"https:\/\/www.liana.com.co\/wp-content\/uploads\/2024\/05\/WhatsApp-Image-2026-03-10-at-12.02.16-PM.jpeg\" \/>\n\t<meta property=\"og:image:width\" content=\"1600\" \/>\n\t<meta property=\"og:image:height\" content=\"1600\" \/>\n\t<meta property=\"og:image:type\" content=\"image\/jpeg\" \/>\n<meta name=\"twitter:card\" content=\"summary_large_image\" \/>\n<meta name=\"twitter:label1\" content=\"Est. reading time\" \/>\n\t<meta name=\"twitter:data1\" content=\"1 minute\" \/>\n<script type=\"application\/ld+json\" class=\"yoast-schema-graph\">{\"@context\":\"https:\\\/\\\/schema.org\",\"@graph\":[{\"@type\":\"WebPage\",\"@id\":\"https:\\\/\\\/www.liana.com.co\\\/producto\\\/servilletero-iraca-2\\\/\",\"url\":\"https:\\\/\\\/www.liana.com.co\\\/producto\\\/servilletero-iraca-2\\\/\",\"name\":\"SERVILLETERO IRACA | LIANA\",\"isPartOf\":{\"@id\":\"https:\\\/\\\/www.liana.com.co\\\/#website\"},\"primaryImageOfPage\":{\"@id\":\"https:\\\/\\\/www.liana.com.co\\\/producto\\\/servilletero-iraca-2\\\/#primaryimage\"},\"image\":{\"@id\":\"https:\\\/\\\/www.liana.com.co\\\/producto\\\/servilletero-iraca-2\\\/#primaryimage\"},\"thumbnailUrl\":\"https:\\\/\\\/www.liana.com.co\\\/wp-content\\\/uploads\\\/2024\\\/05\\\/WhatsApp-Image-2026-03-10-at-12.02.16-PM.jpeg\",\"datePublished\":\"2025-08-19T16:16:00+00:00\",\"dateModified\":\"2026-03-17T14:08:19+00:00\",\"breadcrumb\":{\"@id\":\"https:\\\/\\\/www.liana.com.co\\\/producto\\\/servilletero-iraca-2\\\/#breadcrumb\"},\"inLanguage\":\"en-US\",\"potentialAction\":[{\"@type\":\"ReadAction\",\"target\":[\"https:\\\/\\\/www.liana.com.co\\\/producto\\\/servilletero-iraca-2\\\/\"]}]},{\"@type\":\"ImageObject\",\"inLanguage\":\"en-US\",\"@id\":\"https:\\\/\\\/www.liana.com.co\\\/producto\\\/servilletero-iraca-2\\\/#primaryimage\",\"url\":\"https:\\\/\\\/www.liana.com.co\\\/wp-content\\\/uploads\\\/2024\\\/05\\\/WhatsApp-Image-2026-03-10-at-12.02.16-PM.jpeg\",\"contentUrl\":\"https:\\\/\\\/www.liana.com.co\\\/wp-content\\\/uploads\\\/2024\\\/05\\\/WhatsApp-Image-2026-03-10-at-12.02.16-PM.jpeg\",\"width\":1600,\"height\":1600},{\"@type\":\"BreadcrumbList\",\"@id\":\"https:\\\/\\\/www.liana.com.co\\\/producto\\\/servilletero-iraca-2\\\/#breadcrumb\",\"itemListElement\":[{\"@type\":\"ListItem\",\"position\":1,\"name\":\"Portada\",\"item\":\"https:\\\/\\\/www.liana.com.co\\\/\"},{\"@type\":\"ListItem\",\"position\":2,\"name\":\"Shop\",\"item\":\"https:\\\/\\\/www.liana.com.co\\\/shop\\\/\"},{\"@type\":\"ListItem\",\"position\":3,\"name\":\"SERVILLETERO IRACA\"}]},{\"@type\":\"WebSite\",\"@id\":\"https:\\\/\\\/www.liana.com.co\\\/#website\",\"url\":\"https:\\\/\\\/www.liana.com.co\\\/\",\"name\":\"LIANA\",\"description\":\"Artesanos Contempor\u00e1neos\",\"publisher\":{\"@id\":\"https:\\\/\\\/www.liana.com.co\\\/#organization\"},\"potentialAction\":[{\"@type\":\"SearchAction\",\"target\":{\"@type\":\"EntryPoint\",\"urlTemplate\":\"https:\\\/\\\/www.liana.com.co\\\/?s={search_term_string}\"},\"query-input\":{\"@type\":\"PropertyValueSpecification\",\"valueRequired\":true,\"valueName\":\"search_term_string\"}}],\"inLanguage\":\"en-US\"},{\"@type\":\"Organization\",\"@id\":\"https:\\\/\\\/www.liana.com.co\\\/#organization\",\"name\":\"LIANA\",\"url\":\"https:\\\/\\\/www.liana.com.co\\\/\",\"logo\":{\"@type\":\"ImageObject\",\"inLanguage\":\"en-US\",\"@id\":\"https:\\\/\\\/www.liana.com.co\\\/#\\\/schema\\\/logo\\\/image\\\/\",\"url\":\"https:\\\/\\\/www.liana.com.co\\\/wp-content\\\/uploads\\\/2022\\\/11\\\/LIANA-BLACK.png\",\"contentUrl\":\"https:\\\/\\\/www.liana.com.co\\\/wp-content\\\/uploads\\\/2022\\\/11\\\/LIANA-BLACK.png\",\"width\":339,\"height\":98,\"caption\":\"LIANA\"},\"image\":{\"@id\":\"https:\\\/\\\/www.liana.com.co\\\/#\\\/schema\\\/logo\\\/image\\\/\"},\"sameAs\":[\"https:\\\/\\\/www.facebook.com\\\/LIANAcreativa\",\"https:\\\/\\\/www.instagram.com\\\/LIANA_creativa\"]}]}<\/script>\n<!-- \/ Yoast SEO plugin. -->","yoast_head_json":{"title":"SERVILLETERO IRACA | LIANA","robots":{"index":"index","follow":"follow","max-snippet":"max-snippet:-1","max-image-preview":"max-image-preview:large","max-video-preview":"max-video-preview:-1"},"canonical":"https:\/\/www.liana.com.co\/en\/product\/servilletero-iraca-2\/","og_locale":"en_US","og_type":"article","og_title":"SERVILLETERO IRACA | LIANA","og_description":"Juego de 4 servilleteros tejidos a mano en palma de iraca con formas de cangrejo y langosta. Una pieza de dise\u00f1o tropical que celebra la maestr\u00eda artesanal en cada detalle de tu mesa.","og_url":"https:\/\/www.liana.com.co\/en\/product\/servilletero-iraca-2\/","og_site_name":"LIANA","article_publisher":"https:\/\/www.facebook.com\/LIANAcreativa","article_modified_time":"2026-03-17T14:08:19+00:00","og_image":[{"width":1600,"height":1600,"url":"https:\/\/www.liana.com.co\/wp-content\/uploads\/2024\/05\/WhatsApp-Image-2026-03-10-at-12.02.16-PM.jpeg","type":"image\/jpeg"}],"twitter_card":"summary_large_image","twitter_misc":{"Est. reading time":"1 minute"},"schema":{"@context":"https:\/\/schema.org","@graph":[{"@type":"WebPage","@id":"https:\/\/www.liana.com.co\/producto\/servilletero-iraca-2\/","url":"https:\/\/www.liana.com.co\/producto\/servilletero-iraca-2\/","name":"SERVILLETERO IRACA | LIANA","isPartOf":{"@id":"https:\/\/www.liana.com.co\/#website"},"primaryImageOfPage":{"@id":"https:\/\/www.liana.com.co\/producto\/servilletero-iraca-2\/#primaryimage"},"image":{"@id":"https:\/\/www.liana.com.co\/producto\/servilletero-iraca-2\/#primaryimage"},"thumbnailUrl":"https:\/\/www.liana.com.co\/wp-content\/uploads\/2024\/05\/WhatsApp-Image-2026-03-10-at-12.02.16-PM.jpeg","datePublished":"2025-08-19T16:16:00+00:00","dateModified":"2026-03-17T14:08:19+00:00","breadcrumb":{"@id":"https:\/\/www.liana.com.co\/producto\/servilletero-iraca-2\/#breadcrumb"},"inLanguage":"en-US","potentialAction":[{"@type":"ReadAction","target":["https:\/\/www.liana.com.co\/producto\/servilletero-iraca-2\/"]}]},{"@type":"ImageObject","inLanguage":"en-US","@id":"https:\/\/www.liana.com.co\/producto\/servilletero-iraca-2\/#primaryimage","url":"https:\/\/www.liana.com.co\/wp-content\/uploads\/2024\/05\/WhatsApp-Image-2026-03-10-at-12.02.16-PM.jpeg","contentUrl":"https:\/\/www.liana.com.co\/wp-content\/uploads\/2024\/05\/WhatsApp-Image-2026-03-10-at-12.02.16-PM.jpeg","width":1600,"height":1600},{"@type":"BreadcrumbList","@id":"https:\/\/www.liana.com.co\/producto\/servilletero-iraca-2\/#breadcrumb","itemListElement":[{"@type":"ListItem","position":1,"name":"Portada","item":"https:\/\/www.liana.com.co\/"},{"@type":"ListItem","position":2,"name":"Shop","item":"https:\/\/www.liana.com.co\/shop\/"},{"@type":"ListItem","position":3,"name":"SERVILLETERO IRACA"}]},{"@type":"WebSite","@id":"https:\/\/www.liana.com.co\/#website","url":"https:\/\/www.liana.com.co\/","name":"LIANA","description":"Contemporary Artisans","publisher":{"@id":"https:\/\/www.liana.com.co\/#organization"},"potentialAction":[{"@type":"SearchAction","target":{"@type":"EntryPoint","urlTemplate":"https:\/\/www.liana.com.co\/?s={search_term_string}"},"query-input":{"@type":"PropertyValueSpecification","valueRequired":true,"valueName":"search_term_string"}}],"inLanguage":"en-US"},{"@type":"Organization","@id":"https:\/\/www.liana.com.co\/#organization","name":"LIANA","url":"https:\/\/www.liana.com.co\/","logo":{"@type":"ImageObject","inLanguage":"en-US","@id":"https:\/\/www.liana.com.co\/#\/schema\/logo\/image\/","url":"https:\/\/www.liana.com.co\/wp-content\/uploads\/2022\/11\/LIANA-BLACK.png","contentUrl":"https:\/\/www.liana.com.co\/wp-content\/uploads\/2022\/11\/LIANA-BLACK.png","width":339,"height":98,"caption":"LIANA"},"image":{"@id":"https:\/\/www.liana.com.co\/#\/schema\/logo\/image\/"},"sameAs":["https:\/\/www.facebook.com\/LIANAcreativa","https:\/\/www.instagram.com\/LIANA_creativa"]}]}},"jetpack_sharing_enabled":true,"_links":{"self":[{"href":"https:\/\/www.liana.com.co\/en\/wp-json\/wp\/v2\/product\/20773","targetHints":{"allow":["GET"]}}],"collection":[{"href":"https:\/\/www.liana.com.co\/en\/wp-json\/wp\/v2\/product"}],"about":[{"href":"https:\/\/www.liana.com.co\/en\/wp-json\/wp\/v2\/types\/product"}],"wp:featuredmedia":[{"embeddable":true,"href":"https:\/\/www.liana.com.co\/en\/wp-json\/wp\/v2\/media\/21442"}],"wp:attachment":[{"href":"https:\/\/www.liana.com.co\/en\/wp-json\/wp\/v2\/media?parent=20773"}],"wp:term":[{"taxonomy":"product_brand","embeddable":true,"href":"https:\/\/www.liana.com.co\/en\/wp-json\/wp\/v2\/product_brand?post=20773"},{"taxonomy":"product_cat","embeddable":true,"href":"https:\/\/www.liana.com.co\/en\/wp-json\/wp\/v2\/product_cat?post=20773"},{"taxonomy":"product_tag","embeddable":true,"href":"https:\/\/www.liana.com.co\/en\/wp-json\/wp\/v2\/product_tag?post=20773"}],"curies":[{"name":"wp","href":"https:\/\/api.w.org\/{rel}","templated":true}]}}