{"id":20714,"date":"2025-08-01T09:16:20","date_gmt":"2025-08-01T14:16:20","guid":{"rendered":"https:\/\/www.liana.com.co\/?post_type=product&#038;p=20714"},"modified":"2026-04-08T09:29:12","modified_gmt":"2026-04-08T14:29:12","slug":"lampara-ceramica","status":"publish","type":"product","link":"https:\/\/www.liana.com.co\/en\/product\/lampara-ceramica\/","title":{"rendered":"LAMPARA CERAMICA"},"content":{"rendered":"<ul data-path-to-node=\"14\">\n<li>\n<p data-path-to-node=\"14,0,1\"><span data-path-to-node=\"14,0,1,0\"><b data-path-to-node=\"14,0,1,0\" data-index-in-node=\"0\"><span class=\"citation-20\">Measurements<\/span><\/b><span class=\"citation-20\"> Di\u00e1metro 17 cm \/ Alto 14 cm<\/span><\/span><span data-path-to-node=\"14,0,1,2\">.<\/span><\/p>\n<\/li>\n<li>\n<p data-path-to-node=\"14,1,1\"><span data-path-to-node=\"14,1,1,0\"><b data-path-to-node=\"14,1,1,0\" data-index-in-node=\"0\"><span class=\"citation-19\">Materiales:<\/span><\/b><span class=\"citation-19\"> Cer\u00e1mica (arcilla natural)<\/span><\/span><span data-path-to-node=\"14,1,1,2\">.<\/span><\/p>\n<\/li>\n<li>\n<p data-path-to-node=\"14,2,1\"><span data-path-to-node=\"14,2,1,0\"><b data-path-to-node=\"14,2,1,0\" data-index-in-node=\"0\"><span class=\"citation-18\">Technique<\/span><\/b><span class=\"citation-18\"> Alfarer\u00eda manual y torneado<\/span><\/span><span data-path-to-node=\"14,2,1,2\">.<\/span><\/p>\n<\/li>\n<li>\n<p data-path-to-node=\"14,3,1\"><span data-path-to-node=\"14,3,1,0\"><b data-path-to-node=\"14,3,1,0\" data-index-in-node=\"0\"><span class=\"citation-17\">Origen:<\/span><\/b><span class=\"citation-17\"> R\u00e1quira, Boyac\u00e1, Colombia<\/span><\/span><span data-path-to-node=\"14,3,1,2\">.<\/span><\/p>\n<\/li>\n<li>\n<p data-path-to-node=\"14,3,1\"><b data-path-to-node=\"16,0\" data-index-in-node=\"0\"><span class=\"citation-16\">Cuidados y Mantenimiento<\/span><\/b><\/p>\n<div class=\"source-inline-chip-container ng-star-inserted\">\n<ul data-path-to-node=\"17\">\n<li>\n<p style=\"text-align: left;\" data-path-to-node=\"17,0,0\"><span data-path-to-node=\"17,0,0,1\"><span class=\"citation-15\">Limpiar con un pa\u00f1o seco o ligeramente h\u00famedo<\/span><\/span><span data-path-to-node=\"17,0,0,3\">.<\/span><\/p>\n<\/li>\n<li style=\"text-align: left;\">\n<p id=\"p-rc_f1e19f97762d35e6-31\" data-path-to-node=\"17,1,0\"><span data-path-to-node=\"17,1,0,1\"><span class=\"citation-14\">Evitar el uso de productos qu\u00edmicos abrasivos y golpes fuertes para preservar la integridad de la pieza<\/span><\/span><span data-path-to-node=\"17,1,0,3\">.<\/span><\/p>\n<\/li>\n<\/ul>\n<\/div>\n<\/li>\n<\/ul>\n<p id=\"p-rc_f1e19f97762d35e6-29\" style=\"text-align: left;\" data-path-to-node=\"16\">\n<p>&nbsp;<\/p>\n<p><span data-path-to-node=\"11,2\"><span class=\"citation-23\">Desde el coraz\u00f3n de Boyac\u00e1, en R\u00e1quira \u2014&#8221;pueblo de olleros&#8221;\u2014, esta l\u00e1mpara nace de manos que han moldeado el barro por generaciones<\/span><\/span><span data-path-to-node=\"11,4\">. <\/span><span data-path-to-node=\"11,6\"><span class=\"citation-22\">Cada pieza es un tributo a la alfarer\u00eda tradicional, donde el fuego y la arcilla se encuentran para crear objetos que no solo iluminan espacios, sino que narran la herencia cultural de los artesanos de la regi\u00f3n<\/span><\/span><span data-path-to-node=\"11,8\">.<\/span><\/p>","protected":false},"excerpt":{"rendered":"<p>A ceramic piece full of creativity and color.<\/p>","protected":false},"featured_media":21521,"template":"","meta":{"content-type":""},"product_brand":[],"product_cat":[6658,15],"product_tag":[6592,6562,6593,6717,6684],"class_list":{"0":"post-20714","1":"product","2":"type-product","3":"status-publish","4":"has-post-thumbnail","6":"product_cat-lamparas","7":"product_cat-todos","8":"product_tag-canasto","9":"product_tag-ceramica","10":"product_tag-cesteria","11":"product_tag-guarumo","12":"product_tag-okaina","14":"first","15":"instock","16":"shipping-taxable","17":"purchasable","18":"product-type-simple"},"yoast_head":"<!-- This site is optimized with the Yoast SEO plugin v27.4 - https:\/\/yoast.com\/product\/yoast-seo-wordpress\/ -->\n<title>LAMPARA CERAMICA | LIANA<\/title>\n<meta name=\"description\" content=\"Ilumina con historia. L\u00e1mpara de cer\u00e1mica tejida a mano en R\u00e1quira, Boyac\u00e1. Dise\u00f1o artesanal \u00fanico y sofisticado para tu hogar. \u00a1Compra la tuya aqu\u00ed!\" \/>\n<meta name=\"robots\" content=\"index, follow, max-snippet:-1, max-image-preview:large, max-video-preview:-1\" \/>\n<link rel=\"canonical\" href=\"https:\/\/www.liana.com.co\/en\/product\/lampara-ceramica\/\" \/>\n<meta property=\"og:locale\" content=\"en_US\" \/>\n<meta property=\"og:type\" content=\"article\" \/>\n<meta property=\"og:title\" content=\"LAMPARA CERAMICA | LIANA\" \/>\n<meta property=\"og:description\" content=\"Ilumina con historia. L\u00e1mpara de cer\u00e1mica tejida a mano en R\u00e1quira, Boyac\u00e1. Dise\u00f1o artesanal \u00fanico y sofisticado para tu hogar. \u00a1Compra la tuya aqu\u00ed!\" \/>\n<meta property=\"og:url\" content=\"https:\/\/www.liana.com.co\/en\/product\/lampara-ceramica\/\" \/>\n<meta property=\"og:site_name\" content=\"LIANA\" \/>\n<meta property=\"article:publisher\" content=\"https:\/\/www.facebook.com\/LIANAcreativa\" \/>\n<meta property=\"article:modified_time\" content=\"2026-04-08T14:29:12+00:00\" \/>\n<meta property=\"og:image\" content=\"https:\/\/www.liana.com.co\/wp-content\/uploads\/2025\/08\/WhatsApp-Image-2026-03-24-at-7.38.22-PM-1-1.jpeg\" \/>\n\t<meta property=\"og:image:width\" content=\"1024\" \/>\n\t<meta property=\"og:image:height\" content=\"1024\" \/>\n\t<meta property=\"og:image:type\" content=\"image\/jpeg\" \/>\n<meta name=\"twitter:card\" content=\"summary_large_image\" \/>\n<meta name=\"twitter:label1\" content=\"Est. reading time\" \/>\n\t<meta name=\"twitter:data1\" content=\"1 minute\" \/>\n<script type=\"application\/ld+json\" class=\"yoast-schema-graph\">{\"@context\":\"https:\\\/\\\/schema.org\",\"@graph\":[{\"@type\":\"WebPage\",\"@id\":\"https:\\\/\\\/www.liana.com.co\\\/producto\\\/lampara-ceramica\\\/\",\"url\":\"https:\\\/\\\/www.liana.com.co\\\/producto\\\/lampara-ceramica\\\/\",\"name\":\"LAMPARA CERAMICA | LIANA\",\"isPartOf\":{\"@id\":\"https:\\\/\\\/www.liana.com.co\\\/#website\"},\"primaryImageOfPage\":{\"@id\":\"https:\\\/\\\/www.liana.com.co\\\/producto\\\/lampara-ceramica\\\/#primaryimage\"},\"image\":{\"@id\":\"https:\\\/\\\/www.liana.com.co\\\/producto\\\/lampara-ceramica\\\/#primaryimage\"},\"thumbnailUrl\":\"https:\\\/\\\/www.liana.com.co\\\/wp-content\\\/uploads\\\/2025\\\/08\\\/WhatsApp-Image-2026-03-24-at-7.38.22-PM-1-1.jpeg\",\"datePublished\":\"2025-08-01T14:16:20+00:00\",\"dateModified\":\"2026-04-08T14:29:12+00:00\",\"description\":\"Ilumina con historia. L\u00e1mpara de cer\u00e1mica tejida a mano en R\u00e1quira, Boyac\u00e1. Dise\u00f1o artesanal \u00fanico y sofisticado para tu hogar. \u00a1Compra la tuya aqu\u00ed!\",\"breadcrumb\":{\"@id\":\"https:\\\/\\\/www.liana.com.co\\\/producto\\\/lampara-ceramica\\\/#breadcrumb\"},\"inLanguage\":\"en-US\",\"potentialAction\":[{\"@type\":\"ReadAction\",\"target\":[\"https:\\\/\\\/www.liana.com.co\\\/producto\\\/lampara-ceramica\\\/\"]}]},{\"@type\":\"ImageObject\",\"inLanguage\":\"en-US\",\"@id\":\"https:\\\/\\\/www.liana.com.co\\\/producto\\\/lampara-ceramica\\\/#primaryimage\",\"url\":\"https:\\\/\\\/www.liana.com.co\\\/wp-content\\\/uploads\\\/2025\\\/08\\\/WhatsApp-Image-2026-03-24-at-7.38.22-PM-1-1.jpeg\",\"contentUrl\":\"https:\\\/\\\/www.liana.com.co\\\/wp-content\\\/uploads\\\/2025\\\/08\\\/WhatsApp-Image-2026-03-24-at-7.38.22-PM-1-1.jpeg\",\"width\":1024,\"height\":1024},{\"@type\":\"BreadcrumbList\",\"@id\":\"https:\\\/\\\/www.liana.com.co\\\/producto\\\/lampara-ceramica\\\/#breadcrumb\",\"itemListElement\":[{\"@type\":\"ListItem\",\"position\":1,\"name\":\"Portada\",\"item\":\"https:\\\/\\\/www.liana.com.co\\\/\"},{\"@type\":\"ListItem\",\"position\":2,\"name\":\"Shop\",\"item\":\"https:\\\/\\\/www.liana.com.co\\\/shop\\\/\"},{\"@type\":\"ListItem\",\"position\":3,\"name\":\"LAMPARA CERAMICA\"}]},{\"@type\":\"WebSite\",\"@id\":\"https:\\\/\\\/www.liana.com.co\\\/#website\",\"url\":\"https:\\\/\\\/www.liana.com.co\\\/\",\"name\":\"LIANA\",\"description\":\"Artesanos Contempor\u00e1neos\",\"publisher\":{\"@id\":\"https:\\\/\\\/www.liana.com.co\\\/#organization\"},\"potentialAction\":[{\"@type\":\"SearchAction\",\"target\":{\"@type\":\"EntryPoint\",\"urlTemplate\":\"https:\\\/\\\/www.liana.com.co\\\/?s={search_term_string}\"},\"query-input\":{\"@type\":\"PropertyValueSpecification\",\"valueRequired\":true,\"valueName\":\"search_term_string\"}}],\"inLanguage\":\"en-US\"},{\"@type\":\"Organization\",\"@id\":\"https:\\\/\\\/www.liana.com.co\\\/#organization\",\"name\":\"LIANA\",\"url\":\"https:\\\/\\\/www.liana.com.co\\\/\",\"logo\":{\"@type\":\"ImageObject\",\"inLanguage\":\"en-US\",\"@id\":\"https:\\\/\\\/www.liana.com.co\\\/#\\\/schema\\\/logo\\\/image\\\/\",\"url\":\"https:\\\/\\\/www.liana.com.co\\\/wp-content\\\/uploads\\\/2022\\\/11\\\/LIANA-BLACK.png\",\"contentUrl\":\"https:\\\/\\\/www.liana.com.co\\\/wp-content\\\/uploads\\\/2022\\\/11\\\/LIANA-BLACK.png\",\"width\":339,\"height\":98,\"caption\":\"LIANA\"},\"image\":{\"@id\":\"https:\\\/\\\/www.liana.com.co\\\/#\\\/schema\\\/logo\\\/image\\\/\"},\"sameAs\":[\"https:\\\/\\\/www.facebook.com\\\/LIANAcreativa\",\"https:\\\/\\\/www.instagram.com\\\/LIANA_creativa\"]}]}<\/script>\n<!-- \/ Yoast SEO plugin. -->","yoast_head_json":{"title":"LAMPARA CERAMICA | LIANA","description":"Ilumina con historia. L\u00e1mpara de cer\u00e1mica tejida a mano en R\u00e1quira, Boyac\u00e1. Dise\u00f1o artesanal \u00fanico y sofisticado para tu hogar. \u00a1Compra la tuya aqu\u00ed!","robots":{"index":"index","follow":"follow","max-snippet":"max-snippet:-1","max-image-preview":"max-image-preview:large","max-video-preview":"max-video-preview:-1"},"canonical":"https:\/\/www.liana.com.co\/en\/product\/lampara-ceramica\/","og_locale":"en_US","og_type":"article","og_title":"LAMPARA CERAMICA | LIANA","og_description":"Ilumina con historia. L\u00e1mpara de cer\u00e1mica tejida a mano en R\u00e1quira, Boyac\u00e1. Dise\u00f1o artesanal \u00fanico y sofisticado para tu hogar. \u00a1Compra la tuya aqu\u00ed!","og_url":"https:\/\/www.liana.com.co\/en\/product\/lampara-ceramica\/","og_site_name":"LIANA","article_publisher":"https:\/\/www.facebook.com\/LIANAcreativa","article_modified_time":"2026-04-08T14:29:12+00:00","og_image":[{"width":1024,"height":1024,"url":"https:\/\/www.liana.com.co\/wp-content\/uploads\/2025\/08\/WhatsApp-Image-2026-03-24-at-7.38.22-PM-1-1.jpeg","type":"image\/jpeg"}],"twitter_card":"summary_large_image","twitter_misc":{"Est. reading time":"1 minute"},"schema":{"@context":"https:\/\/schema.org","@graph":[{"@type":"WebPage","@id":"https:\/\/www.liana.com.co\/producto\/lampara-ceramica\/","url":"https:\/\/www.liana.com.co\/producto\/lampara-ceramica\/","name":"LAMPARA CERAMICA | LIANA","isPartOf":{"@id":"https:\/\/www.liana.com.co\/#website"},"primaryImageOfPage":{"@id":"https:\/\/www.liana.com.co\/producto\/lampara-ceramica\/#primaryimage"},"image":{"@id":"https:\/\/www.liana.com.co\/producto\/lampara-ceramica\/#primaryimage"},"thumbnailUrl":"https:\/\/www.liana.com.co\/wp-content\/uploads\/2025\/08\/WhatsApp-Image-2026-03-24-at-7.38.22-PM-1-1.jpeg","datePublished":"2025-08-01T14:16:20+00:00","dateModified":"2026-04-08T14:29:12+00:00","description":"Ilumina con historia. L\u00e1mpara de cer\u00e1mica tejida a mano en R\u00e1quira, Boyac\u00e1. Dise\u00f1o artesanal \u00fanico y sofisticado para tu hogar. \u00a1Compra la tuya aqu\u00ed!","breadcrumb":{"@id":"https:\/\/www.liana.com.co\/producto\/lampara-ceramica\/#breadcrumb"},"inLanguage":"en-US","potentialAction":[{"@type":"ReadAction","target":["https:\/\/www.liana.com.co\/producto\/lampara-ceramica\/"]}]},{"@type":"ImageObject","inLanguage":"en-US","@id":"https:\/\/www.liana.com.co\/producto\/lampara-ceramica\/#primaryimage","url":"https:\/\/www.liana.com.co\/wp-content\/uploads\/2025\/08\/WhatsApp-Image-2026-03-24-at-7.38.22-PM-1-1.jpeg","contentUrl":"https:\/\/www.liana.com.co\/wp-content\/uploads\/2025\/08\/WhatsApp-Image-2026-03-24-at-7.38.22-PM-1-1.jpeg","width":1024,"height":1024},{"@type":"BreadcrumbList","@id":"https:\/\/www.liana.com.co\/producto\/lampara-ceramica\/#breadcrumb","itemListElement":[{"@type":"ListItem","position":1,"name":"Portada","item":"https:\/\/www.liana.com.co\/"},{"@type":"ListItem","position":2,"name":"Shop","item":"https:\/\/www.liana.com.co\/shop\/"},{"@type":"ListItem","position":3,"name":"LAMPARA CERAMICA"}]},{"@type":"WebSite","@id":"https:\/\/www.liana.com.co\/#website","url":"https:\/\/www.liana.com.co\/","name":"LIANA","description":"Contemporary Artisans","publisher":{"@id":"https:\/\/www.liana.com.co\/#organization"},"potentialAction":[{"@type":"SearchAction","target":{"@type":"EntryPoint","urlTemplate":"https:\/\/www.liana.com.co\/?s={search_term_string}"},"query-input":{"@type":"PropertyValueSpecification","valueRequired":true,"valueName":"search_term_string"}}],"inLanguage":"en-US"},{"@type":"Organization","@id":"https:\/\/www.liana.com.co\/#organization","name":"LIANA","url":"https:\/\/www.liana.com.co\/","logo":{"@type":"ImageObject","inLanguage":"en-US","@id":"https:\/\/www.liana.com.co\/#\/schema\/logo\/image\/","url":"https:\/\/www.liana.com.co\/wp-content\/uploads\/2022\/11\/LIANA-BLACK.png","contentUrl":"https:\/\/www.liana.com.co\/wp-content\/uploads\/2022\/11\/LIANA-BLACK.png","width":339,"height":98,"caption":"LIANA"},"image":{"@id":"https:\/\/www.liana.com.co\/#\/schema\/logo\/image\/"},"sameAs":["https:\/\/www.facebook.com\/LIANAcreativa","https:\/\/www.instagram.com\/LIANA_creativa"]}]}},"jetpack_sharing_enabled":true,"_links":{"self":[{"href":"https:\/\/www.liana.com.co\/en\/wp-json\/wp\/v2\/product\/20714","targetHints":{"allow":["GET"]}}],"collection":[{"href":"https:\/\/www.liana.com.co\/en\/wp-json\/wp\/v2\/product"}],"about":[{"href":"https:\/\/www.liana.com.co\/en\/wp-json\/wp\/v2\/types\/product"}],"wp:featuredmedia":[{"embeddable":true,"href":"https:\/\/www.liana.com.co\/en\/wp-json\/wp\/v2\/media\/21521"}],"wp:attachment":[{"href":"https:\/\/www.liana.com.co\/en\/wp-json\/wp\/v2\/media?parent=20714"}],"wp:term":[{"taxonomy":"product_brand","embeddable":true,"href":"https:\/\/www.liana.com.co\/en\/wp-json\/wp\/v2\/product_brand?post=20714"},{"taxonomy":"product_cat","embeddable":true,"href":"https:\/\/www.liana.com.co\/en\/wp-json\/wp\/v2\/product_cat?post=20714"},{"taxonomy":"product_tag","embeddable":true,"href":"https:\/\/www.liana.com.co\/en\/wp-json\/wp\/v2\/product_tag?post=20714"}],"curies":[{"name":"wp","href":"https:\/\/api.w.org\/{rel}","templated":true}]}}