{"id":20352,"date":"2025-02-14T09:48:24","date_gmt":"2025-02-14T14:48:24","guid":{"rendered":"https:\/\/www.liana.com.co\/?post_type=product&#038;p=20352"},"modified":"2026-03-26T07:47:07","modified_gmt":"2026-03-26T12:47:07","slug":"cesta-cocora-4","status":"publish","type":"product","link":"https:\/\/www.liana.com.co\/en\/product\/cesta-cocora-4\/","title":{"rendered":"CESTA CoCoRA"},"content":{"rendered":"<ul>\n<li><strong>Measurements<\/strong> Alto 11 cms \/ Di\u00e1m 13cms \/ Largo manija 46 cms<\/li>\n<li><strong>Material:<\/strong> Iraca e hilos de colores<\/li>\n<li><strong>Region<\/strong> Nari\u00f1o<\/li>\n<li><strong>T\u00e9cnica<\/strong>: Cester\u00eda y macram\u00e9<\/li>\n<\/ul>\n<hr \/>\n<p>Tejidas a mano por artesanas de Nari\u00f1o en fibra de iraca, empleando la t\u00e9cnica tradicional de cester\u00eda. Sus asas de colores est\u00e1n elaboradas con hilos cuidadosamente envueltos, formando una cuerda vibrante con delicados toques de cobre.<\/p>","protected":false},"excerpt":{"rendered":"<p>D\u00e9jate cautivar por nuestras nuevas carteras CoCora, donde la tradici\u00f3n artesanal se encuentra con el dise\u00f1o contempor\u00e1neo. Tejidas a mano con esmero, cada pieza destaca por su vibrante elegancia y colores encantadores, convirti\u00e9ndose en el complemento perfecto para tu estilo. Ligeras, vers\u00e1tiles y \u00fanicas, estas carteras reflejan el talento y la pasi\u00f3n de los artesanos colombianos. \u00a1Lleva contigo una obra de arte llena de historia y autenticidad!<\/p>","protected":false},"featured_media":21499,"template":"","meta":{"content-type":""},"product_brand":[],"product_cat":[6644,6643,15],"product_tag":[6592,6703,6593,6720],"class_list":{"0":"post-20352","1":"product","2":"type-product","3":"status-publish","4":"has-post-thumbnail","6":"product_cat-canastos","7":"product_cat-mochilas","8":"product_cat-todos","9":"product_tag-canasto","10":"product_tag-cartera","11":"product_tag-cesteria","12":"product_tag-iraca","14":"first","15":"instock","16":"shipping-taxable","17":"purchasable","18":"product-type-simple"},"yoast_head":"<!-- This site is optimized with the Yoast SEO plugin v27.4 - https:\/\/yoast.com\/product\/yoast-seo-wordpress\/ -->\n<title>CESTA CoCoRA | LIANA<\/title>\n<meta name=\"description\" content=\"Descubre nuestras carteras tejidas a mano en fibra de iraca por artesanas de Nari\u00f1o. Una fusi\u00f3n de cester\u00eda tradicional y detalles en cobre, con asas de colores vibrantes.\" \/>\n<meta name=\"robots\" content=\"index, follow, max-snippet:-1, max-image-preview:large, max-video-preview:-1\" \/>\n<link rel=\"canonical\" href=\"https:\/\/www.liana.com.co\/en\/product\/cesta-cocora-4\/\" \/>\n<meta property=\"og:locale\" content=\"en_US\" \/>\n<meta property=\"og:type\" content=\"article\" \/>\n<meta property=\"og:title\" content=\"CESTA CoCoRA | LIANA\" \/>\n<meta property=\"og:description\" content=\"Descubre nuestras carteras tejidas a mano en fibra de iraca por artesanas de Nari\u00f1o. Una fusi\u00f3n de cester\u00eda tradicional y detalles en cobre, con asas de colores vibrantes.\" \/>\n<meta property=\"og:url\" content=\"https:\/\/www.liana.com.co\/en\/product\/cesta-cocora-4\/\" \/>\n<meta property=\"og:site_name\" content=\"LIANA\" \/>\n<meta property=\"article:publisher\" content=\"https:\/\/www.facebook.com\/LIANAcreativa\" \/>\n<meta property=\"article:modified_time\" content=\"2026-03-26T12:47:07+00:00\" \/>\n<meta property=\"og:image\" content=\"https:\/\/www.liana.com.co\/wp-content\/uploads\/2025\/08\/WhatsApp-Image-2026-03-20-at-5.28.31-PM.jpeg\" \/>\n\t<meta property=\"og:image:width\" content=\"1024\" \/>\n\t<meta property=\"og:image:height\" content=\"1024\" \/>\n\t<meta property=\"og:image:type\" content=\"image\/jpeg\" \/>\n<meta name=\"twitter:card\" content=\"summary_large_image\" \/>\n<meta name=\"twitter:label1\" content=\"Est. reading time\" \/>\n\t<meta name=\"twitter:data1\" content=\"1 minute\" \/>\n<script type=\"application\/ld+json\" class=\"yoast-schema-graph\">{\"@context\":\"https:\\\/\\\/schema.org\",\"@graph\":[{\"@type\":\"WebPage\",\"@id\":\"https:\\\/\\\/www.liana.com.co\\\/producto\\\/cesta-cocora-4\\\/\",\"url\":\"https:\\\/\\\/www.liana.com.co\\\/producto\\\/cesta-cocora-4\\\/\",\"name\":\"CESTA CoCoRA | LIANA\",\"isPartOf\":{\"@id\":\"https:\\\/\\\/www.liana.com.co\\\/#website\"},\"primaryImageOfPage\":{\"@id\":\"https:\\\/\\\/www.liana.com.co\\\/producto\\\/cesta-cocora-4\\\/#primaryimage\"},\"image\":{\"@id\":\"https:\\\/\\\/www.liana.com.co\\\/producto\\\/cesta-cocora-4\\\/#primaryimage\"},\"thumbnailUrl\":\"https:\\\/\\\/www.liana.com.co\\\/wp-content\\\/uploads\\\/2025\\\/08\\\/WhatsApp-Image-2026-03-20-at-5.28.31-PM.jpeg\",\"datePublished\":\"2025-02-14T14:48:24+00:00\",\"dateModified\":\"2026-03-26T12:47:07+00:00\",\"description\":\"Descubre nuestras carteras tejidas a mano en fibra de iraca por artesanas de Nari\u00f1o. Una fusi\u00f3n de cester\u00eda tradicional y detalles en cobre, con asas de colores vibrantes.\",\"breadcrumb\":{\"@id\":\"https:\\\/\\\/www.liana.com.co\\\/producto\\\/cesta-cocora-4\\\/#breadcrumb\"},\"inLanguage\":\"en-US\",\"potentialAction\":[{\"@type\":\"ReadAction\",\"target\":[\"https:\\\/\\\/www.liana.com.co\\\/producto\\\/cesta-cocora-4\\\/\"]}]},{\"@type\":\"ImageObject\",\"inLanguage\":\"en-US\",\"@id\":\"https:\\\/\\\/www.liana.com.co\\\/producto\\\/cesta-cocora-4\\\/#primaryimage\",\"url\":\"https:\\\/\\\/www.liana.com.co\\\/wp-content\\\/uploads\\\/2025\\\/08\\\/WhatsApp-Image-2026-03-20-at-5.28.31-PM.jpeg\",\"contentUrl\":\"https:\\\/\\\/www.liana.com.co\\\/wp-content\\\/uploads\\\/2025\\\/08\\\/WhatsApp-Image-2026-03-20-at-5.28.31-PM.jpeg\",\"width\":1024,\"height\":1024},{\"@type\":\"BreadcrumbList\",\"@id\":\"https:\\\/\\\/www.liana.com.co\\\/producto\\\/cesta-cocora-4\\\/#breadcrumb\",\"itemListElement\":[{\"@type\":\"ListItem\",\"position\":1,\"name\":\"Portada\",\"item\":\"https:\\\/\\\/www.liana.com.co\\\/\"},{\"@type\":\"ListItem\",\"position\":2,\"name\":\"Shop\",\"item\":\"https:\\\/\\\/www.liana.com.co\\\/shop\\\/\"},{\"@type\":\"ListItem\",\"position\":3,\"name\":\"CESTA CoCoRA\"}]},{\"@type\":\"WebSite\",\"@id\":\"https:\\\/\\\/www.liana.com.co\\\/#website\",\"url\":\"https:\\\/\\\/www.liana.com.co\\\/\",\"name\":\"LIANA\",\"description\":\"Artesanos Contempor\u00e1neos\",\"publisher\":{\"@id\":\"https:\\\/\\\/www.liana.com.co\\\/#organization\"},\"potentialAction\":[{\"@type\":\"SearchAction\",\"target\":{\"@type\":\"EntryPoint\",\"urlTemplate\":\"https:\\\/\\\/www.liana.com.co\\\/?s={search_term_string}\"},\"query-input\":{\"@type\":\"PropertyValueSpecification\",\"valueRequired\":true,\"valueName\":\"search_term_string\"}}],\"inLanguage\":\"en-US\"},{\"@type\":\"Organization\",\"@id\":\"https:\\\/\\\/www.liana.com.co\\\/#organization\",\"name\":\"LIANA\",\"url\":\"https:\\\/\\\/www.liana.com.co\\\/\",\"logo\":{\"@type\":\"ImageObject\",\"inLanguage\":\"en-US\",\"@id\":\"https:\\\/\\\/www.liana.com.co\\\/#\\\/schema\\\/logo\\\/image\\\/\",\"url\":\"https:\\\/\\\/www.liana.com.co\\\/wp-content\\\/uploads\\\/2022\\\/11\\\/LIANA-BLACK.png\",\"contentUrl\":\"https:\\\/\\\/www.liana.com.co\\\/wp-content\\\/uploads\\\/2022\\\/11\\\/LIANA-BLACK.png\",\"width\":339,\"height\":98,\"caption\":\"LIANA\"},\"image\":{\"@id\":\"https:\\\/\\\/www.liana.com.co\\\/#\\\/schema\\\/logo\\\/image\\\/\"},\"sameAs\":[\"https:\\\/\\\/www.facebook.com\\\/LIANAcreativa\",\"https:\\\/\\\/www.instagram.com\\\/LIANA_creativa\"]}]}<\/script>\n<!-- \/ Yoast SEO plugin. -->","yoast_head_json":{"title":"CESTA CoCoRA | LIANA","description":"Descubre nuestras carteras tejidas a mano en fibra de iraca por artesanas de Nari\u00f1o. Una fusi\u00f3n de cester\u00eda tradicional y detalles en cobre, con asas de colores vibrantes.","robots":{"index":"index","follow":"follow","max-snippet":"max-snippet:-1","max-image-preview":"max-image-preview:large","max-video-preview":"max-video-preview:-1"},"canonical":"https:\/\/www.liana.com.co\/en\/product\/cesta-cocora-4\/","og_locale":"en_US","og_type":"article","og_title":"CESTA CoCoRA | LIANA","og_description":"Descubre nuestras carteras tejidas a mano en fibra de iraca por artesanas de Nari\u00f1o. Una fusi\u00f3n de cester\u00eda tradicional y detalles en cobre, con asas de colores vibrantes.","og_url":"https:\/\/www.liana.com.co\/en\/product\/cesta-cocora-4\/","og_site_name":"LIANA","article_publisher":"https:\/\/www.facebook.com\/LIANAcreativa","article_modified_time":"2026-03-26T12:47:07+00:00","og_image":[{"width":1024,"height":1024,"url":"https:\/\/www.liana.com.co\/wp-content\/uploads\/2025\/08\/WhatsApp-Image-2026-03-20-at-5.28.31-PM.jpeg","type":"image\/jpeg"}],"twitter_card":"summary_large_image","twitter_misc":{"Est. reading time":"1 minute"},"schema":{"@context":"https:\/\/schema.org","@graph":[{"@type":"WebPage","@id":"https:\/\/www.liana.com.co\/producto\/cesta-cocora-4\/","url":"https:\/\/www.liana.com.co\/producto\/cesta-cocora-4\/","name":"CESTA CoCoRA | LIANA","isPartOf":{"@id":"https:\/\/www.liana.com.co\/#website"},"primaryImageOfPage":{"@id":"https:\/\/www.liana.com.co\/producto\/cesta-cocora-4\/#primaryimage"},"image":{"@id":"https:\/\/www.liana.com.co\/producto\/cesta-cocora-4\/#primaryimage"},"thumbnailUrl":"https:\/\/www.liana.com.co\/wp-content\/uploads\/2025\/08\/WhatsApp-Image-2026-03-20-at-5.28.31-PM.jpeg","datePublished":"2025-02-14T14:48:24+00:00","dateModified":"2026-03-26T12:47:07+00:00","description":"Descubre nuestras carteras tejidas a mano en fibra de iraca por artesanas de Nari\u00f1o. Una fusi\u00f3n de cester\u00eda tradicional y detalles en cobre, con asas de colores vibrantes.","breadcrumb":{"@id":"https:\/\/www.liana.com.co\/producto\/cesta-cocora-4\/#breadcrumb"},"inLanguage":"en-US","potentialAction":[{"@type":"ReadAction","target":["https:\/\/www.liana.com.co\/producto\/cesta-cocora-4\/"]}]},{"@type":"ImageObject","inLanguage":"en-US","@id":"https:\/\/www.liana.com.co\/producto\/cesta-cocora-4\/#primaryimage","url":"https:\/\/www.liana.com.co\/wp-content\/uploads\/2025\/08\/WhatsApp-Image-2026-03-20-at-5.28.31-PM.jpeg","contentUrl":"https:\/\/www.liana.com.co\/wp-content\/uploads\/2025\/08\/WhatsApp-Image-2026-03-20-at-5.28.31-PM.jpeg","width":1024,"height":1024},{"@type":"BreadcrumbList","@id":"https:\/\/www.liana.com.co\/producto\/cesta-cocora-4\/#breadcrumb","itemListElement":[{"@type":"ListItem","position":1,"name":"Portada","item":"https:\/\/www.liana.com.co\/"},{"@type":"ListItem","position":2,"name":"Shop","item":"https:\/\/www.liana.com.co\/shop\/"},{"@type":"ListItem","position":3,"name":"CESTA CoCoRA"}]},{"@type":"WebSite","@id":"https:\/\/www.liana.com.co\/#website","url":"https:\/\/www.liana.com.co\/","name":"LIANA","description":"Contemporary Artisans","publisher":{"@id":"https:\/\/www.liana.com.co\/#organization"},"potentialAction":[{"@type":"SearchAction","target":{"@type":"EntryPoint","urlTemplate":"https:\/\/www.liana.com.co\/?s={search_term_string}"},"query-input":{"@type":"PropertyValueSpecification","valueRequired":true,"valueName":"search_term_string"}}],"inLanguage":"en-US"},{"@type":"Organization","@id":"https:\/\/www.liana.com.co\/#organization","name":"LIANA","url":"https:\/\/www.liana.com.co\/","logo":{"@type":"ImageObject","inLanguage":"en-US","@id":"https:\/\/www.liana.com.co\/#\/schema\/logo\/image\/","url":"https:\/\/www.liana.com.co\/wp-content\/uploads\/2022\/11\/LIANA-BLACK.png","contentUrl":"https:\/\/www.liana.com.co\/wp-content\/uploads\/2022\/11\/LIANA-BLACK.png","width":339,"height":98,"caption":"LIANA"},"image":{"@id":"https:\/\/www.liana.com.co\/#\/schema\/logo\/image\/"},"sameAs":["https:\/\/www.facebook.com\/LIANAcreativa","https:\/\/www.instagram.com\/LIANA_creativa"]}]}},"jetpack_sharing_enabled":true,"_links":{"self":[{"href":"https:\/\/www.liana.com.co\/en\/wp-json\/wp\/v2\/product\/20352","targetHints":{"allow":["GET"]}}],"collection":[{"href":"https:\/\/www.liana.com.co\/en\/wp-json\/wp\/v2\/product"}],"about":[{"href":"https:\/\/www.liana.com.co\/en\/wp-json\/wp\/v2\/types\/product"}],"wp:featuredmedia":[{"embeddable":true,"href":"https:\/\/www.liana.com.co\/en\/wp-json\/wp\/v2\/media\/21499"}],"wp:attachment":[{"href":"https:\/\/www.liana.com.co\/en\/wp-json\/wp\/v2\/media?parent=20352"}],"wp:term":[{"taxonomy":"product_brand","embeddable":true,"href":"https:\/\/www.liana.com.co\/en\/wp-json\/wp\/v2\/product_brand?post=20352"},{"taxonomy":"product_cat","embeddable":true,"href":"https:\/\/www.liana.com.co\/en\/wp-json\/wp\/v2\/product_cat?post=20352"},{"taxonomy":"product_tag","embeddable":true,"href":"https:\/\/www.liana.com.co\/en\/wp-json\/wp\/v2\/product_tag?post=20352"}],"curies":[{"name":"wp","href":"https:\/\/api.w.org\/{rel}","templated":true}]}}