{"id":20290,"date":"2025-02-12T17:14:52","date_gmt":"2025-02-12T22:14:52","guid":{"rendered":"https:\/\/www.liana.com.co\/?post_type=product&#038;p=20290"},"modified":"2026-04-20T12:36:21","modified_gmt":"2026-04-20T17:36:21","slug":"portavasos-oliva","status":"publish","type":"product","link":"https:\/\/www.liana.com.co\/en\/product\/portavasos-oliva\/","title":{"rendered":"PORTAVASOS ROJO"},"content":{"rendered":"<ul>\n<li><strong>Amount<\/strong> 6 u<\/li>\n<li><strong>Measurements<\/strong> Di\u00e1m 9 cms<\/li>\n<li><strong>Material:<\/strong> Palma de Iraca<\/li>\n<li><strong>Region<\/strong> Nari\u00f1o<\/li>\n<li><strong>Technique<\/strong> Basketry<\/li>\n<\/ul>\n<hr \/>\n<p>En Nari\u00f1o, manos expertas tejen la palma de iraca con destreza y tradici\u00f3n, dando vida a piezas \u00fanicas que reflejan historia y arte. Cada fibra transformada es testimonio del legado artesanal, la creatividad y el esfuerzo de mujeres que han convertido su oficio en una expresi\u00f3n de identidad y cultura.<\/p>","protected":false},"excerpt":{"rendered":"<p>Juego de 6 portavasos\u00a0 tejidos en palma de iraca por talentosas artesanas, llenos de color e identidad. Perfectos para darle un toque especial y artesanal a tu mesa.<\/p>","protected":false},"featured_media":21571,"template":"","meta":{"content-type":""},"product_brand":[],"product_cat":[6729,15],"product_tag":[6703,6593,6720],"class_list":{"0":"post-20290","1":"product","2":"type-product","3":"status-publish","4":"has-post-thumbnail","6":"product_cat-mesa","7":"product_cat-todos","8":"product_tag-cartera","9":"product_tag-cesteria","10":"product_tag-iraca","12":"first","13":"instock","14":"shipping-taxable","15":"purchasable","16":"product-type-simple"},"yoast_head":"<!-- This site is optimized with the Yoast SEO plugin v27.4 - https:\/\/yoast.com\/product\/yoast-seo-wordpress\/ -->\n<title>PORTAVASOS ROJO | LIANA<\/title>\n<meta name=\"description\" content=\"Portavasos tejidos en palma de iraca por artesanas colombianas. Coloridos, \u00fanicos y llenos de identidad, ideales para darle un toque especial a tu mesa.\" \/>\n<meta name=\"robots\" content=\"index, follow, max-snippet:-1, max-image-preview:large, max-video-preview:-1\" \/>\n<link rel=\"canonical\" href=\"https:\/\/www.liana.com.co\/en\/product\/portavasos-oliva\/\" \/>\n<meta property=\"og:locale\" content=\"en_US\" \/>\n<meta property=\"og:type\" content=\"article\" \/>\n<meta property=\"og:title\" content=\"PORTAVASOS ROJO | LIANA\" \/>\n<meta property=\"og:description\" content=\"Portavasos tejidos en palma de iraca por artesanas colombianas. Coloridos, \u00fanicos y llenos de identidad, ideales para darle un toque especial a tu mesa.\" \/>\n<meta property=\"og:url\" content=\"https:\/\/www.liana.com.co\/en\/product\/portavasos-oliva\/\" \/>\n<meta property=\"og:site_name\" content=\"LIANA\" \/>\n<meta property=\"article:publisher\" content=\"https:\/\/www.facebook.com\/LIANAcreativa\" \/>\n<meta property=\"article:modified_time\" content=\"2026-04-20T17:36:21+00:00\" \/>\n<meta property=\"og:image\" content=\"https:\/\/www.liana.com.co\/wp-content\/uploads\/2026\/02\/WhatsApp-Image-2026-04-17-at-12.55.55-PM-1.jpeg\" \/>\n\t<meta property=\"og:image:width\" content=\"1024\" \/>\n\t<meta property=\"og:image:height\" content=\"1024\" \/>\n\t<meta property=\"og:image:type\" content=\"image\/jpeg\" \/>\n<meta name=\"twitter:card\" content=\"summary_large_image\" \/>\n<meta name=\"twitter:label1\" content=\"Est. reading time\" \/>\n\t<meta name=\"twitter:data1\" content=\"1 minute\" \/>\n<script type=\"application\/ld+json\" class=\"yoast-schema-graph\">{\"@context\":\"https:\\\/\\\/schema.org\",\"@graph\":[{\"@type\":\"WebPage\",\"@id\":\"https:\\\/\\\/www.liana.com.co\\\/producto\\\/portavasos-oliva\\\/\",\"url\":\"https:\\\/\\\/www.liana.com.co\\\/producto\\\/portavasos-oliva\\\/\",\"name\":\"PORTAVASOS ROJO | LIANA\",\"isPartOf\":{\"@id\":\"https:\\\/\\\/www.liana.com.co\\\/#website\"},\"primaryImageOfPage\":{\"@id\":\"https:\\\/\\\/www.liana.com.co\\\/producto\\\/portavasos-oliva\\\/#primaryimage\"},\"image\":{\"@id\":\"https:\\\/\\\/www.liana.com.co\\\/producto\\\/portavasos-oliva\\\/#primaryimage\"},\"thumbnailUrl\":\"https:\\\/\\\/www.liana.com.co\\\/wp-content\\\/uploads\\\/2026\\\/02\\\/WhatsApp-Image-2026-04-17-at-12.55.55-PM-1.jpeg\",\"datePublished\":\"2025-02-12T22:14:52+00:00\",\"dateModified\":\"2026-04-20T17:36:21+00:00\",\"description\":\"Portavasos tejidos en palma de iraca por artesanas colombianas. Coloridos, \u00fanicos y llenos de identidad, ideales para darle un toque especial a tu mesa.\",\"breadcrumb\":{\"@id\":\"https:\\\/\\\/www.liana.com.co\\\/producto\\\/portavasos-oliva\\\/#breadcrumb\"},\"inLanguage\":\"en-US\",\"potentialAction\":[{\"@type\":\"ReadAction\",\"target\":[\"https:\\\/\\\/www.liana.com.co\\\/producto\\\/portavasos-oliva\\\/\"]}]},{\"@type\":\"ImageObject\",\"inLanguage\":\"en-US\",\"@id\":\"https:\\\/\\\/www.liana.com.co\\\/producto\\\/portavasos-oliva\\\/#primaryimage\",\"url\":\"https:\\\/\\\/www.liana.com.co\\\/wp-content\\\/uploads\\\/2026\\\/02\\\/WhatsApp-Image-2026-04-17-at-12.55.55-PM-1.jpeg\",\"contentUrl\":\"https:\\\/\\\/www.liana.com.co\\\/wp-content\\\/uploads\\\/2026\\\/02\\\/WhatsApp-Image-2026-04-17-at-12.55.55-PM-1.jpeg\",\"width\":1024,\"height\":1024},{\"@type\":\"BreadcrumbList\",\"@id\":\"https:\\\/\\\/www.liana.com.co\\\/producto\\\/portavasos-oliva\\\/#breadcrumb\",\"itemListElement\":[{\"@type\":\"ListItem\",\"position\":1,\"name\":\"Portada\",\"item\":\"https:\\\/\\\/www.liana.com.co\\\/\"},{\"@type\":\"ListItem\",\"position\":2,\"name\":\"Shop\",\"item\":\"https:\\\/\\\/www.liana.com.co\\\/shop\\\/\"},{\"@type\":\"ListItem\",\"position\":3,\"name\":\"PORTAVASOS ROJO\"}]},{\"@type\":\"WebSite\",\"@id\":\"https:\\\/\\\/www.liana.com.co\\\/#website\",\"url\":\"https:\\\/\\\/www.liana.com.co\\\/\",\"name\":\"LIANA\",\"description\":\"Artesanos Contempor\u00e1neos\",\"publisher\":{\"@id\":\"https:\\\/\\\/www.liana.com.co\\\/#organization\"},\"potentialAction\":[{\"@type\":\"SearchAction\",\"target\":{\"@type\":\"EntryPoint\",\"urlTemplate\":\"https:\\\/\\\/www.liana.com.co\\\/?s={search_term_string}\"},\"query-input\":{\"@type\":\"PropertyValueSpecification\",\"valueRequired\":true,\"valueName\":\"search_term_string\"}}],\"inLanguage\":\"en-US\"},{\"@type\":\"Organization\",\"@id\":\"https:\\\/\\\/www.liana.com.co\\\/#organization\",\"name\":\"LIANA\",\"url\":\"https:\\\/\\\/www.liana.com.co\\\/\",\"logo\":{\"@type\":\"ImageObject\",\"inLanguage\":\"en-US\",\"@id\":\"https:\\\/\\\/www.liana.com.co\\\/#\\\/schema\\\/logo\\\/image\\\/\",\"url\":\"https:\\\/\\\/www.liana.com.co\\\/wp-content\\\/uploads\\\/2022\\\/11\\\/LIANA-BLACK.png\",\"contentUrl\":\"https:\\\/\\\/www.liana.com.co\\\/wp-content\\\/uploads\\\/2022\\\/11\\\/LIANA-BLACK.png\",\"width\":339,\"height\":98,\"caption\":\"LIANA\"},\"image\":{\"@id\":\"https:\\\/\\\/www.liana.com.co\\\/#\\\/schema\\\/logo\\\/image\\\/\"},\"sameAs\":[\"https:\\\/\\\/www.facebook.com\\\/LIANAcreativa\",\"https:\\\/\\\/www.instagram.com\\\/LIANA_creativa\"]}]}<\/script>\n<!-- \/ Yoast SEO plugin. -->","yoast_head_json":{"title":"PORTAVASOS ROJO | LIANA","description":"Portavasos tejidos en palma de iraca por artesanas colombianas. Coloridos, \u00fanicos y llenos de identidad, ideales para darle un toque especial a tu mesa.","robots":{"index":"index","follow":"follow","max-snippet":"max-snippet:-1","max-image-preview":"max-image-preview:large","max-video-preview":"max-video-preview:-1"},"canonical":"https:\/\/www.liana.com.co\/en\/product\/portavasos-oliva\/","og_locale":"en_US","og_type":"article","og_title":"PORTAVASOS ROJO | LIANA","og_description":"Portavasos tejidos en palma de iraca por artesanas colombianas. Coloridos, \u00fanicos y llenos de identidad, ideales para darle un toque especial a tu mesa.","og_url":"https:\/\/www.liana.com.co\/en\/product\/portavasos-oliva\/","og_site_name":"LIANA","article_publisher":"https:\/\/www.facebook.com\/LIANAcreativa","article_modified_time":"2026-04-20T17:36:21+00:00","og_image":[{"width":1024,"height":1024,"url":"https:\/\/www.liana.com.co\/wp-content\/uploads\/2026\/02\/WhatsApp-Image-2026-04-17-at-12.55.55-PM-1.jpeg","type":"image\/jpeg"}],"twitter_card":"summary_large_image","twitter_misc":{"Est. reading time":"1 minute"},"schema":{"@context":"https:\/\/schema.org","@graph":[{"@type":"WebPage","@id":"https:\/\/www.liana.com.co\/producto\/portavasos-oliva\/","url":"https:\/\/www.liana.com.co\/producto\/portavasos-oliva\/","name":"PORTAVASOS ROJO | LIANA","isPartOf":{"@id":"https:\/\/www.liana.com.co\/#website"},"primaryImageOfPage":{"@id":"https:\/\/www.liana.com.co\/producto\/portavasos-oliva\/#primaryimage"},"image":{"@id":"https:\/\/www.liana.com.co\/producto\/portavasos-oliva\/#primaryimage"},"thumbnailUrl":"https:\/\/www.liana.com.co\/wp-content\/uploads\/2026\/02\/WhatsApp-Image-2026-04-17-at-12.55.55-PM-1.jpeg","datePublished":"2025-02-12T22:14:52+00:00","dateModified":"2026-04-20T17:36:21+00:00","description":"Portavasos tejidos en palma de iraca por artesanas colombianas. Coloridos, \u00fanicos y llenos de identidad, ideales para darle un toque especial a tu mesa.","breadcrumb":{"@id":"https:\/\/www.liana.com.co\/producto\/portavasos-oliva\/#breadcrumb"},"inLanguage":"en-US","potentialAction":[{"@type":"ReadAction","target":["https:\/\/www.liana.com.co\/producto\/portavasos-oliva\/"]}]},{"@type":"ImageObject","inLanguage":"en-US","@id":"https:\/\/www.liana.com.co\/producto\/portavasos-oliva\/#primaryimage","url":"https:\/\/www.liana.com.co\/wp-content\/uploads\/2026\/02\/WhatsApp-Image-2026-04-17-at-12.55.55-PM-1.jpeg","contentUrl":"https:\/\/www.liana.com.co\/wp-content\/uploads\/2026\/02\/WhatsApp-Image-2026-04-17-at-12.55.55-PM-1.jpeg","width":1024,"height":1024},{"@type":"BreadcrumbList","@id":"https:\/\/www.liana.com.co\/producto\/portavasos-oliva\/#breadcrumb","itemListElement":[{"@type":"ListItem","position":1,"name":"Portada","item":"https:\/\/www.liana.com.co\/"},{"@type":"ListItem","position":2,"name":"Shop","item":"https:\/\/www.liana.com.co\/shop\/"},{"@type":"ListItem","position":3,"name":"PORTAVASOS ROJO"}]},{"@type":"WebSite","@id":"https:\/\/www.liana.com.co\/#website","url":"https:\/\/www.liana.com.co\/","name":"LIANA","description":"Contemporary Artisans","publisher":{"@id":"https:\/\/www.liana.com.co\/#organization"},"potentialAction":[{"@type":"SearchAction","target":{"@type":"EntryPoint","urlTemplate":"https:\/\/www.liana.com.co\/?s={search_term_string}"},"query-input":{"@type":"PropertyValueSpecification","valueRequired":true,"valueName":"search_term_string"}}],"inLanguage":"en-US"},{"@type":"Organization","@id":"https:\/\/www.liana.com.co\/#organization","name":"LIANA","url":"https:\/\/www.liana.com.co\/","logo":{"@type":"ImageObject","inLanguage":"en-US","@id":"https:\/\/www.liana.com.co\/#\/schema\/logo\/image\/","url":"https:\/\/www.liana.com.co\/wp-content\/uploads\/2022\/11\/LIANA-BLACK.png","contentUrl":"https:\/\/www.liana.com.co\/wp-content\/uploads\/2022\/11\/LIANA-BLACK.png","width":339,"height":98,"caption":"LIANA"},"image":{"@id":"https:\/\/www.liana.com.co\/#\/schema\/logo\/image\/"},"sameAs":["https:\/\/www.facebook.com\/LIANAcreativa","https:\/\/www.instagram.com\/LIANA_creativa"]}]}},"jetpack_sharing_enabled":true,"_links":{"self":[{"href":"https:\/\/www.liana.com.co\/en\/wp-json\/wp\/v2\/product\/20290","targetHints":{"allow":["GET"]}}],"collection":[{"href":"https:\/\/www.liana.com.co\/en\/wp-json\/wp\/v2\/product"}],"about":[{"href":"https:\/\/www.liana.com.co\/en\/wp-json\/wp\/v2\/types\/product"}],"wp:featuredmedia":[{"embeddable":true,"href":"https:\/\/www.liana.com.co\/en\/wp-json\/wp\/v2\/media\/21571"}],"wp:attachment":[{"href":"https:\/\/www.liana.com.co\/en\/wp-json\/wp\/v2\/media?parent=20290"}],"wp:term":[{"taxonomy":"product_brand","embeddable":true,"href":"https:\/\/www.liana.com.co\/en\/wp-json\/wp\/v2\/product_brand?post=20290"},{"taxonomy":"product_cat","embeddable":true,"href":"https:\/\/www.liana.com.co\/en\/wp-json\/wp\/v2\/product_cat?post=20290"},{"taxonomy":"product_tag","embeddable":true,"href":"https:\/\/www.liana.com.co\/en\/wp-json\/wp\/v2\/product_tag?post=20290"}],"curies":[{"name":"wp","href":"https:\/\/api.w.org\/{rel}","templated":true}]}}