{"id":20185,"date":"2025-02-11T09:34:13","date_gmt":"2025-02-11T14:34:13","guid":{"rendered":"https:\/\/www.liana.com.co\/?post_type=product&#038;p=20185"},"modified":"2025-11-25T17:25:40","modified_gmt":"2025-11-25T22:25:40","slug":"cesto-mini-sol","status":"publish","type":"product","link":"https:\/\/www.liana.com.co\/en\/product\/cesto-mini-sol\/","title":{"rendered":"CESTO MINI SOL"},"content":{"rendered":"<ul>\n<li><strong>Measurements<\/strong> Diametro\u00a0 10 cms \/ Altura 4 cms<\/li>\n<li><strong>Material<\/strong>: Fibra de moriche y tintes naturales<\/li>\n<li><strong>Region<\/strong> Vichada<\/li>\n<li><strong>T\u00e9cnica<\/strong>Basketry<\/li>\n<li><strong>Tribe<\/strong> Sikuani<\/li>\n<\/ul>\n<hr \/>\n<p>Las artesanas Sikuani, habitantes del Bajo Orinoco, preservan sus tradiciones a trav\u00e9s del tejido. Preparan y tinturan la fibra con insumos naturales, creando piezas \u00fanicas que reflejan su cultura y saber ancestral.<\/p>","protected":false},"excerpt":{"rendered":"<p>Mini canasto colorido tejido a mano por mujeres ind\u00edgenas que preservan sus tradiciones a trav\u00e9s de la transformaci\u00f3n de la palma de moriche. Cada pieza es \u00fanica, con s\u00edmbolos inspirados en su cultura, creando un objeto decorativo y funcional lleno de significado.<\/p>","protected":false},"featured_media":20175,"template":"","meta":{"content-type":""},"product_brand":[],"product_cat":[6644,6680,15],"product_tag":[6593,6695,6765,6688],"class_list":{"0":"post-20185","1":"product","2":"type-product","3":"status-publish","4":"has-post-thumbnail","6":"product_cat-canastos","7":"product_cat-decoracion","8":"product_cat-todos","9":"product_tag-cesteria","10":"product_tag-cesto","11":"product_tag-ifit","12":"product_tag-moriche","14":"first","15":"instock","16":"shipping-taxable","17":"purchasable","18":"product-type-simple"},"yoast_head":"<!-- This site is optimized with the Yoast SEO plugin v27.4 - https:\/\/yoast.com\/product\/yoast-seo-wordpress\/ -->\n<title>CESTO MINI SOL | LIANA<\/title>\n<meta name=\"description\" content=\"Canastico tejido por mujeres ind\u00edgenas con palma de moriche, fusionando tradici\u00f3n y cultura en una pieza \u00fanica y decorativa. Compra artesan\u00eda con historia.\" \/>\n<meta name=\"robots\" content=\"index, follow, max-snippet:-1, max-image-preview:large, max-video-preview:-1\" \/>\n<link rel=\"canonical\" href=\"https:\/\/www.liana.com.co\/en\/product\/cesto-mini-sol\/\" \/>\n<meta property=\"og:locale\" content=\"en_US\" \/>\n<meta property=\"og:type\" content=\"article\" \/>\n<meta property=\"og:title\" content=\"CESTO MINI SOL | LIANA\" \/>\n<meta property=\"og:description\" content=\"Canastico tejido por mujeres ind\u00edgenas con palma de moriche, fusionando tradici\u00f3n y cultura en una pieza \u00fanica y decorativa. Compra artesan\u00eda con historia.\" \/>\n<meta property=\"og:url\" content=\"https:\/\/www.liana.com.co\/en\/product\/cesto-mini-sol\/\" \/>\n<meta property=\"og:site_name\" content=\"LIANA\" \/>\n<meta property=\"article:publisher\" content=\"https:\/\/www.facebook.com\/LIANAcreativa\" \/>\n<meta property=\"article:modified_time\" content=\"2025-11-25T22:25:40+00:00\" \/>\n<meta property=\"og:image\" content=\"https:\/\/www.liana.com.co\/wp-content\/uploads\/2025\/02\/WhatsApp-Image-2025-02-10-at-8.17.59-PM-2.jpeg\" \/>\n\t<meta property=\"og:image:width\" content=\"896\" \/>\n\t<meta property=\"og:image:height\" content=\"896\" \/>\n\t<meta property=\"og:image:type\" content=\"image\/jpeg\" \/>\n<meta name=\"twitter:card\" content=\"summary_large_image\" \/>\n<meta name=\"twitter:label1\" content=\"Est. reading time\" \/>\n\t<meta name=\"twitter:data1\" content=\"1 minute\" \/>\n<script type=\"application\/ld+json\" class=\"yoast-schema-graph\">{\"@context\":\"https:\\\/\\\/schema.org\",\"@graph\":[{\"@type\":\"WebPage\",\"@id\":\"https:\\\/\\\/www.liana.com.co\\\/producto\\\/cesto-mini-sol\\\/\",\"url\":\"https:\\\/\\\/www.liana.com.co\\\/producto\\\/cesto-mini-sol\\\/\",\"name\":\"CESTO MINI SOL | LIANA\",\"isPartOf\":{\"@id\":\"https:\\\/\\\/www.liana.com.co\\\/#website\"},\"primaryImageOfPage\":{\"@id\":\"https:\\\/\\\/www.liana.com.co\\\/producto\\\/cesto-mini-sol\\\/#primaryimage\"},\"image\":{\"@id\":\"https:\\\/\\\/www.liana.com.co\\\/producto\\\/cesto-mini-sol\\\/#primaryimage\"},\"thumbnailUrl\":\"https:\\\/\\\/www.liana.com.co\\\/wp-content\\\/uploads\\\/2025\\\/02\\\/WhatsApp-Image-2025-02-10-at-8.17.59-PM-2.jpeg\",\"datePublished\":\"2025-02-11T14:34:13+00:00\",\"dateModified\":\"2025-11-25T22:25:40+00:00\",\"description\":\"Canastico tejido por mujeres ind\u00edgenas con palma de moriche, fusionando tradici\u00f3n y cultura en una pieza \u00fanica y decorativa. Compra artesan\u00eda con historia.\",\"breadcrumb\":{\"@id\":\"https:\\\/\\\/www.liana.com.co\\\/producto\\\/cesto-mini-sol\\\/#breadcrumb\"},\"inLanguage\":\"en-US\",\"potentialAction\":[{\"@type\":\"ReadAction\",\"target\":[\"https:\\\/\\\/www.liana.com.co\\\/producto\\\/cesto-mini-sol\\\/\"]}]},{\"@type\":\"ImageObject\",\"inLanguage\":\"en-US\",\"@id\":\"https:\\\/\\\/www.liana.com.co\\\/producto\\\/cesto-mini-sol\\\/#primaryimage\",\"url\":\"https:\\\/\\\/www.liana.com.co\\\/wp-content\\\/uploads\\\/2025\\\/02\\\/WhatsApp-Image-2025-02-10-at-8.17.59-PM-2.jpeg\",\"contentUrl\":\"https:\\\/\\\/www.liana.com.co\\\/wp-content\\\/uploads\\\/2025\\\/02\\\/WhatsApp-Image-2025-02-10-at-8.17.59-PM-2.jpeg\",\"width\":896,\"height\":896},{\"@type\":\"BreadcrumbList\",\"@id\":\"https:\\\/\\\/www.liana.com.co\\\/producto\\\/cesto-mini-sol\\\/#breadcrumb\",\"itemListElement\":[{\"@type\":\"ListItem\",\"position\":1,\"name\":\"Portada\",\"item\":\"https:\\\/\\\/www.liana.com.co\\\/\"},{\"@type\":\"ListItem\",\"position\":2,\"name\":\"Shop\",\"item\":\"https:\\\/\\\/www.liana.com.co\\\/shop\\\/\"},{\"@type\":\"ListItem\",\"position\":3,\"name\":\"CESTO MINI SOL\"}]},{\"@type\":\"WebSite\",\"@id\":\"https:\\\/\\\/www.liana.com.co\\\/#website\",\"url\":\"https:\\\/\\\/www.liana.com.co\\\/\",\"name\":\"LIANA\",\"description\":\"Artesanos Contempor\u00e1neos\",\"publisher\":{\"@id\":\"https:\\\/\\\/www.liana.com.co\\\/#organization\"},\"potentialAction\":[{\"@type\":\"SearchAction\",\"target\":{\"@type\":\"EntryPoint\",\"urlTemplate\":\"https:\\\/\\\/www.liana.com.co\\\/?s={search_term_string}\"},\"query-input\":{\"@type\":\"PropertyValueSpecification\",\"valueRequired\":true,\"valueName\":\"search_term_string\"}}],\"inLanguage\":\"en-US\"},{\"@type\":\"Organization\",\"@id\":\"https:\\\/\\\/www.liana.com.co\\\/#organization\",\"name\":\"LIANA\",\"url\":\"https:\\\/\\\/www.liana.com.co\\\/\",\"logo\":{\"@type\":\"ImageObject\",\"inLanguage\":\"en-US\",\"@id\":\"https:\\\/\\\/www.liana.com.co\\\/#\\\/schema\\\/logo\\\/image\\\/\",\"url\":\"https:\\\/\\\/www.liana.com.co\\\/wp-content\\\/uploads\\\/2022\\\/11\\\/LIANA-BLACK.png\",\"contentUrl\":\"https:\\\/\\\/www.liana.com.co\\\/wp-content\\\/uploads\\\/2022\\\/11\\\/LIANA-BLACK.png\",\"width\":339,\"height\":98,\"caption\":\"LIANA\"},\"image\":{\"@id\":\"https:\\\/\\\/www.liana.com.co\\\/#\\\/schema\\\/logo\\\/image\\\/\"},\"sameAs\":[\"https:\\\/\\\/www.facebook.com\\\/LIANAcreativa\",\"https:\\\/\\\/www.instagram.com\\\/LIANA_creativa\"]}]}<\/script>\n<!-- \/ Yoast SEO plugin. -->","yoast_head_json":{"title":"CESTO MINI SOL | LIANA","description":"Canastico tejido por mujeres ind\u00edgenas con palma de moriche, fusionando tradici\u00f3n y cultura en una pieza \u00fanica y decorativa. Compra artesan\u00eda con historia.","robots":{"index":"index","follow":"follow","max-snippet":"max-snippet:-1","max-image-preview":"max-image-preview:large","max-video-preview":"max-video-preview:-1"},"canonical":"https:\/\/www.liana.com.co\/en\/product\/cesto-mini-sol\/","og_locale":"en_US","og_type":"article","og_title":"CESTO MINI SOL | LIANA","og_description":"Canastico tejido por mujeres ind\u00edgenas con palma de moriche, fusionando tradici\u00f3n y cultura en una pieza \u00fanica y decorativa. Compra artesan\u00eda con historia.","og_url":"https:\/\/www.liana.com.co\/en\/product\/cesto-mini-sol\/","og_site_name":"LIANA","article_publisher":"https:\/\/www.facebook.com\/LIANAcreativa","article_modified_time":"2025-11-25T22:25:40+00:00","og_image":[{"width":896,"height":896,"url":"https:\/\/www.liana.com.co\/wp-content\/uploads\/2025\/02\/WhatsApp-Image-2025-02-10-at-8.17.59-PM-2.jpeg","type":"image\/jpeg"}],"twitter_card":"summary_large_image","twitter_misc":{"Est. reading time":"1 minute"},"schema":{"@context":"https:\/\/schema.org","@graph":[{"@type":"WebPage","@id":"https:\/\/www.liana.com.co\/producto\/cesto-mini-sol\/","url":"https:\/\/www.liana.com.co\/producto\/cesto-mini-sol\/","name":"CESTO MINI SOL | LIANA","isPartOf":{"@id":"https:\/\/www.liana.com.co\/#website"},"primaryImageOfPage":{"@id":"https:\/\/www.liana.com.co\/producto\/cesto-mini-sol\/#primaryimage"},"image":{"@id":"https:\/\/www.liana.com.co\/producto\/cesto-mini-sol\/#primaryimage"},"thumbnailUrl":"https:\/\/www.liana.com.co\/wp-content\/uploads\/2025\/02\/WhatsApp-Image-2025-02-10-at-8.17.59-PM-2.jpeg","datePublished":"2025-02-11T14:34:13+00:00","dateModified":"2025-11-25T22:25:40+00:00","description":"Canastico tejido por mujeres ind\u00edgenas con palma de moriche, fusionando tradici\u00f3n y cultura en una pieza \u00fanica y decorativa. Compra artesan\u00eda con historia.","breadcrumb":{"@id":"https:\/\/www.liana.com.co\/producto\/cesto-mini-sol\/#breadcrumb"},"inLanguage":"en-US","potentialAction":[{"@type":"ReadAction","target":["https:\/\/www.liana.com.co\/producto\/cesto-mini-sol\/"]}]},{"@type":"ImageObject","inLanguage":"en-US","@id":"https:\/\/www.liana.com.co\/producto\/cesto-mini-sol\/#primaryimage","url":"https:\/\/www.liana.com.co\/wp-content\/uploads\/2025\/02\/WhatsApp-Image-2025-02-10-at-8.17.59-PM-2.jpeg","contentUrl":"https:\/\/www.liana.com.co\/wp-content\/uploads\/2025\/02\/WhatsApp-Image-2025-02-10-at-8.17.59-PM-2.jpeg","width":896,"height":896},{"@type":"BreadcrumbList","@id":"https:\/\/www.liana.com.co\/producto\/cesto-mini-sol\/#breadcrumb","itemListElement":[{"@type":"ListItem","position":1,"name":"Portada","item":"https:\/\/www.liana.com.co\/"},{"@type":"ListItem","position":2,"name":"Shop","item":"https:\/\/www.liana.com.co\/shop\/"},{"@type":"ListItem","position":3,"name":"CESTO MINI SOL"}]},{"@type":"WebSite","@id":"https:\/\/www.liana.com.co\/#website","url":"https:\/\/www.liana.com.co\/","name":"LIANA","description":"Contemporary Artisans","publisher":{"@id":"https:\/\/www.liana.com.co\/#organization"},"potentialAction":[{"@type":"SearchAction","target":{"@type":"EntryPoint","urlTemplate":"https:\/\/www.liana.com.co\/?s={search_term_string}"},"query-input":{"@type":"PropertyValueSpecification","valueRequired":true,"valueName":"search_term_string"}}],"inLanguage":"en-US"},{"@type":"Organization","@id":"https:\/\/www.liana.com.co\/#organization","name":"LIANA","url":"https:\/\/www.liana.com.co\/","logo":{"@type":"ImageObject","inLanguage":"en-US","@id":"https:\/\/www.liana.com.co\/#\/schema\/logo\/image\/","url":"https:\/\/www.liana.com.co\/wp-content\/uploads\/2022\/11\/LIANA-BLACK.png","contentUrl":"https:\/\/www.liana.com.co\/wp-content\/uploads\/2022\/11\/LIANA-BLACK.png","width":339,"height":98,"caption":"LIANA"},"image":{"@id":"https:\/\/www.liana.com.co\/#\/schema\/logo\/image\/"},"sameAs":["https:\/\/www.facebook.com\/LIANAcreativa","https:\/\/www.instagram.com\/LIANA_creativa"]}]}},"jetpack_sharing_enabled":true,"_links":{"self":[{"href":"https:\/\/www.liana.com.co\/en\/wp-json\/wp\/v2\/product\/20185","targetHints":{"allow":["GET"]}}],"collection":[{"href":"https:\/\/www.liana.com.co\/en\/wp-json\/wp\/v2\/product"}],"about":[{"href":"https:\/\/www.liana.com.co\/en\/wp-json\/wp\/v2\/types\/product"}],"wp:featuredmedia":[{"embeddable":true,"href":"https:\/\/www.liana.com.co\/en\/wp-json\/wp\/v2\/media\/20175"}],"wp:attachment":[{"href":"https:\/\/www.liana.com.co\/en\/wp-json\/wp\/v2\/media?parent=20185"}],"wp:term":[{"taxonomy":"product_brand","embeddable":true,"href":"https:\/\/www.liana.com.co\/en\/wp-json\/wp\/v2\/product_brand?post=20185"},{"taxonomy":"product_cat","embeddable":true,"href":"https:\/\/www.liana.com.co\/en\/wp-json\/wp\/v2\/product_cat?post=20185"},{"taxonomy":"product_tag","embeddable":true,"href":"https:\/\/www.liana.com.co\/en\/wp-json\/wp\/v2\/product_tag?post=20185"}],"curies":[{"name":"wp","href":"https:\/\/api.w.org\/{rel}","templated":true}]}}