{"id":17655,"date":"2023-08-25T16:38:10","date_gmt":"2023-08-25T21:38:10","guid":{"rendered":"https:\/\/www.liana.com.co\/?post_type=product&#038;p=17655"},"modified":"2026-02-02T15:21:12","modified_gmt":"2026-02-02T20:21:12","slug":"zuncho-mediano","status":"publish","type":"product","link":"https:\/\/www.liana.com.co\/en\/product\/zuncho-mediano\/","title":{"rendered":"BOHO ZUNCHO BAG"},"content":{"rendered":"<div class=\"container\">\n<div id=\"model-response-message-contentr_b34835bf7e893ea5\" class=\"markdown markdown-main-panel stronger enable-updated-hr-color\" dir=\"ltr\" aria-live=\"polite\" aria-busy=\"false\">\n<p data-path-to-node=\"13\"><span data-path-to-node=\"13,2\"><span class=\"citation-18\">El pl\u00e1stico reciclado cobra una nueva vida en manos de artesanos que, con su creatividad y saberes ancestrales, tejen tradici\u00f3n e innovaci\u00f3n<\/span><\/span><span data-path-to-node=\"13,4\">. <\/span><span data-path-to-node=\"13,6\"><span class=\"citation-17\">La cinta de zuncho se transforma en esta pieza \u00fanica mediante t\u00e9cnicas de tejido plano, fusionando la sostenibilidad con un dise\u00f1o contempor\u00e1neo que celebra el impacto positivo en el medio ambiente<\/span><\/span><span data-path-to-node=\"13,8\">.<\/span><\/p>\n<p data-path-to-node=\"14\"><b data-path-to-node=\"14\" data-index-in-node=\"0\">Especificaciones T\u00e9cnicas<\/b><\/p>\n<ul data-path-to-node=\"15\">\n<li>\n<p data-path-to-node=\"15,0,1\"><span data-path-to-node=\"15,0,1,0\"><b data-path-to-node=\"15,0,1,0\" data-index-in-node=\"0\"><span class=\"citation-16\">Measurements<\/span><\/b><span class=\"citation-16\"> Alto 22 cm \/ Ancho 26 cm \/ Fondo 12 cm <\/span><\/span><\/p>\n<\/li>\n<li>\n<p data-path-to-node=\"15,1,1\"><span data-path-to-node=\"15,1,1,0\"><b data-path-to-node=\"15,1,1,0\" data-index-in-node=\"0\"><span class=\"citation-15\">Materiales:<\/span><\/b><span class=\"citation-15\"> Zuncho reciclado <\/span><\/span><\/p>\n<\/li>\n<li>\n<p data-path-to-node=\"15,2,1\"><span data-path-to-node=\"15,2,1,0\"><b data-path-to-node=\"15,2,1,0\" data-index-in-node=\"0\"><span class=\"citation-14 interactive-span-hovered\">Technique<\/span><\/b><span class=\"citation-14 interactive-span-hovered\"> Weaving <\/span><\/span><\/p>\n<\/li>\n<li>\n<p data-path-to-node=\"15,3,1\"><span data-path-to-node=\"15,3,1,0\"><b data-path-to-node=\"15,3,1,0\" data-index-in-node=\"0\"><span class=\"citation-13\">Origen:<\/span><\/b><span class=\"citation-13\"> Bogot\u00e1, Colombia <\/span><\/span><\/p>\n<\/li>\n<\/ul>\n<p data-path-to-node=\"16\"><b data-path-to-node=\"16\" data-index-in-node=\"0\">Cuidados y Mantenimiento<\/b><\/p>\n<ul data-path-to-node=\"17\">\n<li>\n<p data-path-to-node=\"17,0,0\"><span data-path-to-node=\"17,0,0,0\">Limpiar con un pa\u00f1o h\u00famedo. <\/span><span data-path-to-node=\"17,0,0,2\"><span class=\"citation-12\">Gracias a su material sint\u00e9tico reciclado, es altamente resistente y f\u00e1cil de mantener<\/span><\/span><span data-path-to-node=\"17,0,0,4\">.<\/span><\/p>\n<\/li>\n<\/ul>\n<\/div>\n<\/div>","protected":false},"excerpt":{"rendered":"<p><span data-path-to-node=\"11,0\"> Canasto vibrante y resistente, tejido a mano con zuncho reciclado por talentosos artesanos. <\/span><span data-path-to-node=\"11,2\"><span class=\"citation-19\">Una pieza peque\u00f1a, vers\u00e1til y sostenible que llena de color tu rutina<\/span><\/span><span data-path-to-node=\"11,4\">.<\/span><\/p>","protected":false},"featured_media":21269,"template":"","meta":{"content-type":""},"product_brand":[],"product_cat":[15,6660],"product_tag":[6592,6661,6582],"class_list":{"0":"post-17655","1":"product","2":"type-product","3":"status-publish","4":"has-post-thumbnail","6":"product_cat-todos","7":"product_cat-zuncho","8":"product_tag-canasto","9":"product_tag-plastico","10":"product_tag-zuncho","12":"first","13":"instock","14":"shipping-taxable","15":"purchasable","16":"product-type-simple"},"yoast_head":"<!-- This site is optimized with the Yoast SEO plugin v27.4 - https:\/\/yoast.com\/product\/yoast-seo-wordpress\/ -->\n<title>ZUNCHO BORDADO | LIANA<\/title>\n<meta name=\"description\" content=\"Canasto peque\u00f1o de zuncho reciclado tejido a mano. Dise\u00f1o vibrante, resistente y sostenible para tu d\u00eda a d\u00eda. \u00a1Apoya el arte colombiano de LIANA!\" \/>\n<meta name=\"robots\" content=\"index, follow, max-snippet:-1, max-image-preview:large, max-video-preview:-1\" \/>\n<link rel=\"canonical\" href=\"https:\/\/www.liana.com.co\/en\/product\/zuncho-mediano\/\" \/>\n<meta property=\"og:locale\" content=\"en_US\" \/>\n<meta property=\"og:type\" content=\"article\" \/>\n<meta property=\"og:title\" content=\"ZUNCHO BORDADO | LIANA\" \/>\n<meta property=\"og:description\" content=\"Canasto peque\u00f1o de zuncho reciclado tejido a mano. Dise\u00f1o vibrante, resistente y sostenible para tu d\u00eda a d\u00eda. \u00a1Apoya el arte colombiano de LIANA!\" \/>\n<meta property=\"og:url\" content=\"https:\/\/www.liana.com.co\/en\/product\/zuncho-mediano\/\" \/>\n<meta property=\"og:site_name\" content=\"LIANA\" \/>\n<meta property=\"article:publisher\" content=\"https:\/\/www.facebook.com\/LIANAcreativa\" \/>\n<meta property=\"article:modified_time\" content=\"2026-02-02T20:21:12+00:00\" \/>\n<meta property=\"og:image\" content=\"https:\/\/www.liana.com.co\/wp-content\/uploads\/2026\/02\/WhatsApp-Image-2026-01-29-at-8.51.31-PM.jpeg\" \/>\n\t<meta property=\"og:image:width\" content=\"1024\" \/>\n\t<meta property=\"og:image:height\" content=\"1024\" \/>\n\t<meta property=\"og:image:type\" content=\"image\/jpeg\" \/>\n<meta name=\"twitter:card\" content=\"summary_large_image\" \/>\n<meta name=\"twitter:label1\" content=\"Est. reading time\" \/>\n\t<meta name=\"twitter:data1\" content=\"1 minute\" \/>\n<script type=\"application\/ld+json\" class=\"yoast-schema-graph\">{\"@context\":\"https:\\\/\\\/schema.org\",\"@graph\":[{\"@type\":\"WebPage\",\"@id\":\"https:\\\/\\\/www.liana.com.co\\\/producto\\\/zuncho-mediano\\\/\",\"url\":\"https:\\\/\\\/www.liana.com.co\\\/producto\\\/zuncho-mediano\\\/\",\"name\":\"ZUNCHO BORDADO | LIANA\",\"isPartOf\":{\"@id\":\"https:\\\/\\\/www.liana.com.co\\\/#website\"},\"primaryImageOfPage\":{\"@id\":\"https:\\\/\\\/www.liana.com.co\\\/producto\\\/zuncho-mediano\\\/#primaryimage\"},\"image\":{\"@id\":\"https:\\\/\\\/www.liana.com.co\\\/producto\\\/zuncho-mediano\\\/#primaryimage\"},\"thumbnailUrl\":\"https:\\\/\\\/www.liana.com.co\\\/wp-content\\\/uploads\\\/2026\\\/02\\\/WhatsApp-Image-2026-01-29-at-8.51.31-PM.jpeg\",\"datePublished\":\"2023-08-25T21:38:10+00:00\",\"dateModified\":\"2026-02-02T20:21:12+00:00\",\"description\":\"Canasto peque\u00f1o de zuncho reciclado tejido a mano. Dise\u00f1o vibrante, resistente y sostenible para tu d\u00eda a d\u00eda. \u00a1Apoya el arte colombiano de LIANA!\",\"breadcrumb\":{\"@id\":\"https:\\\/\\\/www.liana.com.co\\\/producto\\\/zuncho-mediano\\\/#breadcrumb\"},\"inLanguage\":\"en-US\",\"potentialAction\":[{\"@type\":\"ReadAction\",\"target\":[\"https:\\\/\\\/www.liana.com.co\\\/producto\\\/zuncho-mediano\\\/\"]}]},{\"@type\":\"ImageObject\",\"inLanguage\":\"en-US\",\"@id\":\"https:\\\/\\\/www.liana.com.co\\\/producto\\\/zuncho-mediano\\\/#primaryimage\",\"url\":\"https:\\\/\\\/www.liana.com.co\\\/wp-content\\\/uploads\\\/2026\\\/02\\\/WhatsApp-Image-2026-01-29-at-8.51.31-PM.jpeg\",\"contentUrl\":\"https:\\\/\\\/www.liana.com.co\\\/wp-content\\\/uploads\\\/2026\\\/02\\\/WhatsApp-Image-2026-01-29-at-8.51.31-PM.jpeg\",\"width\":1024,\"height\":1024},{\"@type\":\"BreadcrumbList\",\"@id\":\"https:\\\/\\\/www.liana.com.co\\\/producto\\\/zuncho-mediano\\\/#breadcrumb\",\"itemListElement\":[{\"@type\":\"ListItem\",\"position\":1,\"name\":\"Portada\",\"item\":\"https:\\\/\\\/www.liana.com.co\\\/\"},{\"@type\":\"ListItem\",\"position\":2,\"name\":\"Shop\",\"item\":\"https:\\\/\\\/www.liana.com.co\\\/shop\\\/\"},{\"@type\":\"ListItem\",\"position\":3,\"name\":\"ZUNCHO BORDADO\"}]},{\"@type\":\"WebSite\",\"@id\":\"https:\\\/\\\/www.liana.com.co\\\/#website\",\"url\":\"https:\\\/\\\/www.liana.com.co\\\/\",\"name\":\"LIANA\",\"description\":\"Artesanos Contempor\u00e1neos\",\"publisher\":{\"@id\":\"https:\\\/\\\/www.liana.com.co\\\/#organization\"},\"potentialAction\":[{\"@type\":\"SearchAction\",\"target\":{\"@type\":\"EntryPoint\",\"urlTemplate\":\"https:\\\/\\\/www.liana.com.co\\\/?s={search_term_string}\"},\"query-input\":{\"@type\":\"PropertyValueSpecification\",\"valueRequired\":true,\"valueName\":\"search_term_string\"}}],\"inLanguage\":\"en-US\"},{\"@type\":\"Organization\",\"@id\":\"https:\\\/\\\/www.liana.com.co\\\/#organization\",\"name\":\"LIANA\",\"url\":\"https:\\\/\\\/www.liana.com.co\\\/\",\"logo\":{\"@type\":\"ImageObject\",\"inLanguage\":\"en-US\",\"@id\":\"https:\\\/\\\/www.liana.com.co\\\/#\\\/schema\\\/logo\\\/image\\\/\",\"url\":\"https:\\\/\\\/www.liana.com.co\\\/wp-content\\\/uploads\\\/2022\\\/11\\\/LIANA-BLACK.png\",\"contentUrl\":\"https:\\\/\\\/www.liana.com.co\\\/wp-content\\\/uploads\\\/2022\\\/11\\\/LIANA-BLACK.png\",\"width\":339,\"height\":98,\"caption\":\"LIANA\"},\"image\":{\"@id\":\"https:\\\/\\\/www.liana.com.co\\\/#\\\/schema\\\/logo\\\/image\\\/\"},\"sameAs\":[\"https:\\\/\\\/www.facebook.com\\\/LIANAcreativa\",\"https:\\\/\\\/www.instagram.com\\\/LIANA_creativa\"]}]}<\/script>\n<!-- \/ Yoast SEO plugin. -->","yoast_head_json":{"title":"ZUNCHO BORDADO | LIANA","description":"Canasto peque\u00f1o de zuncho reciclado tejido a mano. Dise\u00f1o vibrante, resistente y sostenible para tu d\u00eda a d\u00eda. \u00a1Apoya el arte colombiano de LIANA!","robots":{"index":"index","follow":"follow","max-snippet":"max-snippet:-1","max-image-preview":"max-image-preview:large","max-video-preview":"max-video-preview:-1"},"canonical":"https:\/\/www.liana.com.co\/en\/product\/zuncho-mediano\/","og_locale":"en_US","og_type":"article","og_title":"ZUNCHO BORDADO | LIANA","og_description":"Canasto peque\u00f1o de zuncho reciclado tejido a mano. Dise\u00f1o vibrante, resistente y sostenible para tu d\u00eda a d\u00eda. \u00a1Apoya el arte colombiano de LIANA!","og_url":"https:\/\/www.liana.com.co\/en\/product\/zuncho-mediano\/","og_site_name":"LIANA","article_publisher":"https:\/\/www.facebook.com\/LIANAcreativa","article_modified_time":"2026-02-02T20:21:12+00:00","og_image":[{"width":1024,"height":1024,"url":"https:\/\/www.liana.com.co\/wp-content\/uploads\/2026\/02\/WhatsApp-Image-2026-01-29-at-8.51.31-PM.jpeg","type":"image\/jpeg"}],"twitter_card":"summary_large_image","twitter_misc":{"Est. reading time":"1 minute"},"schema":{"@context":"https:\/\/schema.org","@graph":[{"@type":"WebPage","@id":"https:\/\/www.liana.com.co\/producto\/zuncho-mediano\/","url":"https:\/\/www.liana.com.co\/producto\/zuncho-mediano\/","name":"ZUNCHO BORDADO | LIANA","isPartOf":{"@id":"https:\/\/www.liana.com.co\/#website"},"primaryImageOfPage":{"@id":"https:\/\/www.liana.com.co\/producto\/zuncho-mediano\/#primaryimage"},"image":{"@id":"https:\/\/www.liana.com.co\/producto\/zuncho-mediano\/#primaryimage"},"thumbnailUrl":"https:\/\/www.liana.com.co\/wp-content\/uploads\/2026\/02\/WhatsApp-Image-2026-01-29-at-8.51.31-PM.jpeg","datePublished":"2023-08-25T21:38:10+00:00","dateModified":"2026-02-02T20:21:12+00:00","description":"Canasto peque\u00f1o de zuncho reciclado tejido a mano. Dise\u00f1o vibrante, resistente y sostenible para tu d\u00eda a d\u00eda. \u00a1Apoya el arte colombiano de LIANA!","breadcrumb":{"@id":"https:\/\/www.liana.com.co\/producto\/zuncho-mediano\/#breadcrumb"},"inLanguage":"en-US","potentialAction":[{"@type":"ReadAction","target":["https:\/\/www.liana.com.co\/producto\/zuncho-mediano\/"]}]},{"@type":"ImageObject","inLanguage":"en-US","@id":"https:\/\/www.liana.com.co\/producto\/zuncho-mediano\/#primaryimage","url":"https:\/\/www.liana.com.co\/wp-content\/uploads\/2026\/02\/WhatsApp-Image-2026-01-29-at-8.51.31-PM.jpeg","contentUrl":"https:\/\/www.liana.com.co\/wp-content\/uploads\/2026\/02\/WhatsApp-Image-2026-01-29-at-8.51.31-PM.jpeg","width":1024,"height":1024},{"@type":"BreadcrumbList","@id":"https:\/\/www.liana.com.co\/producto\/zuncho-mediano\/#breadcrumb","itemListElement":[{"@type":"ListItem","position":1,"name":"Portada","item":"https:\/\/www.liana.com.co\/"},{"@type":"ListItem","position":2,"name":"Shop","item":"https:\/\/www.liana.com.co\/shop\/"},{"@type":"ListItem","position":3,"name":"ZUNCHO BORDADO"}]},{"@type":"WebSite","@id":"https:\/\/www.liana.com.co\/#website","url":"https:\/\/www.liana.com.co\/","name":"LIANA","description":"Contemporary Artisans","publisher":{"@id":"https:\/\/www.liana.com.co\/#organization"},"potentialAction":[{"@type":"SearchAction","target":{"@type":"EntryPoint","urlTemplate":"https:\/\/www.liana.com.co\/?s={search_term_string}"},"query-input":{"@type":"PropertyValueSpecification","valueRequired":true,"valueName":"search_term_string"}}],"inLanguage":"en-US"},{"@type":"Organization","@id":"https:\/\/www.liana.com.co\/#organization","name":"LIANA","url":"https:\/\/www.liana.com.co\/","logo":{"@type":"ImageObject","inLanguage":"en-US","@id":"https:\/\/www.liana.com.co\/#\/schema\/logo\/image\/","url":"https:\/\/www.liana.com.co\/wp-content\/uploads\/2022\/11\/LIANA-BLACK.png","contentUrl":"https:\/\/www.liana.com.co\/wp-content\/uploads\/2022\/11\/LIANA-BLACK.png","width":339,"height":98,"caption":"LIANA"},"image":{"@id":"https:\/\/www.liana.com.co\/#\/schema\/logo\/image\/"},"sameAs":["https:\/\/www.facebook.com\/LIANAcreativa","https:\/\/www.instagram.com\/LIANA_creativa"]}]}},"jetpack_sharing_enabled":true,"_links":{"self":[{"href":"https:\/\/www.liana.com.co\/en\/wp-json\/wp\/v2\/product\/17655","targetHints":{"allow":["GET"]}}],"collection":[{"href":"https:\/\/www.liana.com.co\/en\/wp-json\/wp\/v2\/product"}],"about":[{"href":"https:\/\/www.liana.com.co\/en\/wp-json\/wp\/v2\/types\/product"}],"wp:featuredmedia":[{"embeddable":true,"href":"https:\/\/www.liana.com.co\/en\/wp-json\/wp\/v2\/media\/21269"}],"wp:attachment":[{"href":"https:\/\/www.liana.com.co\/en\/wp-json\/wp\/v2\/media?parent=17655"}],"wp:term":[{"taxonomy":"product_brand","embeddable":true,"href":"https:\/\/www.liana.com.co\/en\/wp-json\/wp\/v2\/product_brand?post=17655"},{"taxonomy":"product_cat","embeddable":true,"href":"https:\/\/www.liana.com.co\/en\/wp-json\/wp\/v2\/product_cat?post=17655"},{"taxonomy":"product_tag","embeddable":true,"href":"https:\/\/www.liana.com.co\/en\/wp-json\/wp\/v2\/product_tag?post=17655"}],"curies":[{"name":"wp","href":"https:\/\/api.w.org\/{rel}","templated":true}]}}