{"id":17125,"date":"2023-05-29T20:27:21","date_gmt":"2023-05-30T01:27:21","guid":{"rendered":"https:\/\/www.liana.com.co\/?post_type=product&#038;p=17125"},"modified":"2025-09-08T09:34:47","modified_gmt":"2025-09-08T14:34:47","slug":"arete-werregue","status":"publish","type":"product","link":"https:\/\/www.liana.com.co\/en\/product\/arete-werregue\/","title":{"rendered":"ARETES WERREGUE FILIGRANA"},"content":{"rendered":"<ul>\n<li><span data-sheets-root=\"1\"><strong>Measurements<\/strong>: Alto 3 cms<br \/>\n<\/span><\/li>\n<li><span data-sheets-root=\"1\"><strong>Material<\/strong>: Werregue\u00a0 Y herrajes de ba\u00f1o de oro<br \/>\n<\/span><\/li>\n<li><span data-sheets-root=\"1\"><strong>Region<\/strong>: Choco (Bogot\u00e1)<br \/>\n<\/span><\/li>\n<li><span data-sheets-root=\"1\"><strong>T\u00e9cnica<\/strong>: Tejedur\u00eda<br \/>\n<\/span><\/li>\n<li><span data-sheets-root=\"1\"><strong>Etnia<\/strong>: Wounaan<\/span><\/li>\n<\/ul>\n<hr \/>\n<p><span data-sheets-root=\"1\">Los artesanos Wounaan preservan sus tradiciones ancestrales tejiendo la fibra de werregue con maestr\u00eda y conocimiento cultural, incluso desde la ciudad de Bogot\u00e1. Esta fibra proviene de una palma espinosa originaria del Choc\u00f3 y se ti\u00f1e con colores vibrantes, reflejando la riqueza y profundidad de su legado artesanal.<\/span><\/p>","protected":false},"excerpt":{"rendered":"<p><span data-sheets-root=\"1\">Elaborados con precisi\u00f3n y dedicaci\u00f3n, estos brazaletes destacan por su textura y dise\u00f1o, fusionando lo artesanal con la elegancia contempor\u00e1nea. Su versatilidad los convierte en el complemento perfecto para realzar cualquier estilo con un toque aut\u00e9ntico y lleno de historia. Descubre el arte detr\u00e1s de cada brazalete y lleva contigo una obra maestra de la artesan\u00eda colombiana.<\/span><\/p>","protected":false},"featured_media":20832,"template":"","meta":{"content-type":""},"product_brand":[],"product_cat":[6725,15],"product_tag":[],"class_list":{"0":"post-17125","1":"product","2":"type-product","3":"status-publish","4":"has-post-thumbnail","6":"product_cat-accesorios","7":"product_cat-todos","9":"first","10":"instock","11":"shipping-taxable","12":"purchasable","13":"product-type-simple"},"yoast_head":"<!-- This site is optimized with the Yoast SEO plugin v27.4 - https:\/\/yoast.com\/product\/yoast-seo-wordpress\/ -->\n<title>ARETES WERREGUE FILIGRANA | LIANA<\/title>\n<meta name=\"robots\" content=\"index, follow, max-snippet:-1, max-image-preview:large, max-video-preview:-1\" \/>\n<link rel=\"canonical\" href=\"https:\/\/www.liana.com.co\/en\/product\/arete-werregue\/\" \/>\n<meta property=\"og:locale\" content=\"en_US\" \/>\n<meta property=\"og:type\" content=\"article\" \/>\n<meta property=\"og:title\" content=\"ARETES WERREGUE FILIGRANA | LIANA\" \/>\n<meta property=\"og:description\" content=\"Elaborados con precisi\u00f3n y dedicaci\u00f3n, estos brazaletes destacan por su textura y dise\u00f1o, fusionando lo artesanal con la elegancia contempor\u00e1nea. Su versatilidad los convierte en el complemento perfecto para realzar cualquier estilo con un toque aut\u00e9ntico y lleno de historia. Descubre el arte detr\u00e1s de cada brazalete y lleva contigo una obra maestra de la artesan\u00eda colombiana.\" \/>\n<meta property=\"og:url\" content=\"https:\/\/www.liana.com.co\/en\/product\/arete-werregue\/\" \/>\n<meta property=\"og:site_name\" content=\"LIANA\" \/>\n<meta property=\"article:publisher\" content=\"https:\/\/www.facebook.com\/LIANAcreativa\" \/>\n<meta property=\"article:modified_time\" content=\"2025-09-08T14:34:47+00:00\" \/>\n<meta property=\"og:image\" content=\"https:\/\/www.liana.com.co\/wp-content\/uploads\/2023\/10\/WhatsApp-Image-2025-09-07-at-8.58.06-AM-1.jpeg\" \/>\n\t<meta property=\"og:image:width\" content=\"1024\" \/>\n\t<meta property=\"og:image:height\" content=\"1024\" \/>\n\t<meta property=\"og:image:type\" content=\"image\/jpeg\" \/>\n<meta name=\"twitter:card\" content=\"summary_large_image\" \/>\n<meta name=\"twitter:label1\" content=\"Est. reading time\" \/>\n\t<meta name=\"twitter:data1\" content=\"1 minute\" \/>\n<script type=\"application\/ld+json\" class=\"yoast-schema-graph\">{\"@context\":\"https:\\\/\\\/schema.org\",\"@graph\":[{\"@type\":\"WebPage\",\"@id\":\"https:\\\/\\\/www.liana.com.co\\\/producto\\\/arete-werregue\\\/\",\"url\":\"https:\\\/\\\/www.liana.com.co\\\/producto\\\/arete-werregue\\\/\",\"name\":\"ARETES WERREGUE FILIGRANA | LIANA\",\"isPartOf\":{\"@id\":\"https:\\\/\\\/www.liana.com.co\\\/#website\"},\"primaryImageOfPage\":{\"@id\":\"https:\\\/\\\/www.liana.com.co\\\/producto\\\/arete-werregue\\\/#primaryimage\"},\"image\":{\"@id\":\"https:\\\/\\\/www.liana.com.co\\\/producto\\\/arete-werregue\\\/#primaryimage\"},\"thumbnailUrl\":\"https:\\\/\\\/www.liana.com.co\\\/wp-content\\\/uploads\\\/2023\\\/10\\\/WhatsApp-Image-2025-09-07-at-8.58.06-AM-1.jpeg\",\"datePublished\":\"2023-05-30T01:27:21+00:00\",\"dateModified\":\"2025-09-08T14:34:47+00:00\",\"breadcrumb\":{\"@id\":\"https:\\\/\\\/www.liana.com.co\\\/producto\\\/arete-werregue\\\/#breadcrumb\"},\"inLanguage\":\"en-US\",\"potentialAction\":[{\"@type\":\"ReadAction\",\"target\":[\"https:\\\/\\\/www.liana.com.co\\\/producto\\\/arete-werregue\\\/\"]}]},{\"@type\":\"ImageObject\",\"inLanguage\":\"en-US\",\"@id\":\"https:\\\/\\\/www.liana.com.co\\\/producto\\\/arete-werregue\\\/#primaryimage\",\"url\":\"https:\\\/\\\/www.liana.com.co\\\/wp-content\\\/uploads\\\/2023\\\/10\\\/WhatsApp-Image-2025-09-07-at-8.58.06-AM-1.jpeg\",\"contentUrl\":\"https:\\\/\\\/www.liana.com.co\\\/wp-content\\\/uploads\\\/2023\\\/10\\\/WhatsApp-Image-2025-09-07-at-8.58.06-AM-1.jpeg\",\"width\":1024,\"height\":1024},{\"@type\":\"BreadcrumbList\",\"@id\":\"https:\\\/\\\/www.liana.com.co\\\/producto\\\/arete-werregue\\\/#breadcrumb\",\"itemListElement\":[{\"@type\":\"ListItem\",\"position\":1,\"name\":\"Portada\",\"item\":\"https:\\\/\\\/www.liana.com.co\\\/\"},{\"@type\":\"ListItem\",\"position\":2,\"name\":\"Shop\",\"item\":\"https:\\\/\\\/www.liana.com.co\\\/shop\\\/\"},{\"@type\":\"ListItem\",\"position\":3,\"name\":\"ARETES WERREGUE FILIGRANA\"}]},{\"@type\":\"WebSite\",\"@id\":\"https:\\\/\\\/www.liana.com.co\\\/#website\",\"url\":\"https:\\\/\\\/www.liana.com.co\\\/\",\"name\":\"LIANA\",\"description\":\"Artesanos Contempor\u00e1neos\",\"publisher\":{\"@id\":\"https:\\\/\\\/www.liana.com.co\\\/#organization\"},\"potentialAction\":[{\"@type\":\"SearchAction\",\"target\":{\"@type\":\"EntryPoint\",\"urlTemplate\":\"https:\\\/\\\/www.liana.com.co\\\/?s={search_term_string}\"},\"query-input\":{\"@type\":\"PropertyValueSpecification\",\"valueRequired\":true,\"valueName\":\"search_term_string\"}}],\"inLanguage\":\"en-US\"},{\"@type\":\"Organization\",\"@id\":\"https:\\\/\\\/www.liana.com.co\\\/#organization\",\"name\":\"LIANA\",\"url\":\"https:\\\/\\\/www.liana.com.co\\\/\",\"logo\":{\"@type\":\"ImageObject\",\"inLanguage\":\"en-US\",\"@id\":\"https:\\\/\\\/www.liana.com.co\\\/#\\\/schema\\\/logo\\\/image\\\/\",\"url\":\"https:\\\/\\\/www.liana.com.co\\\/wp-content\\\/uploads\\\/2022\\\/11\\\/LIANA-BLACK.png\",\"contentUrl\":\"https:\\\/\\\/www.liana.com.co\\\/wp-content\\\/uploads\\\/2022\\\/11\\\/LIANA-BLACK.png\",\"width\":339,\"height\":98,\"caption\":\"LIANA\"},\"image\":{\"@id\":\"https:\\\/\\\/www.liana.com.co\\\/#\\\/schema\\\/logo\\\/image\\\/\"},\"sameAs\":[\"https:\\\/\\\/www.facebook.com\\\/LIANAcreativa\",\"https:\\\/\\\/www.instagram.com\\\/LIANA_creativa\"]}]}<\/script>\n<!-- \/ Yoast SEO plugin. -->","yoast_head_json":{"title":"ARETES WERREGUE FILIGRANA | LIANA","robots":{"index":"index","follow":"follow","max-snippet":"max-snippet:-1","max-image-preview":"max-image-preview:large","max-video-preview":"max-video-preview:-1"},"canonical":"https:\/\/www.liana.com.co\/en\/product\/arete-werregue\/","og_locale":"en_US","og_type":"article","og_title":"ARETES WERREGUE FILIGRANA | LIANA","og_description":"Elaborados con precisi\u00f3n y dedicaci\u00f3n, estos brazaletes destacan por su textura y dise\u00f1o, fusionando lo artesanal con la elegancia contempor\u00e1nea. Su versatilidad los convierte en el complemento perfecto para realzar cualquier estilo con un toque aut\u00e9ntico y lleno de historia. Descubre el arte detr\u00e1s de cada brazalete y lleva contigo una obra maestra de la artesan\u00eda colombiana.","og_url":"https:\/\/www.liana.com.co\/en\/product\/arete-werregue\/","og_site_name":"LIANA","article_publisher":"https:\/\/www.facebook.com\/LIANAcreativa","article_modified_time":"2025-09-08T14:34:47+00:00","og_image":[{"width":1024,"height":1024,"url":"https:\/\/www.liana.com.co\/wp-content\/uploads\/2023\/10\/WhatsApp-Image-2025-09-07-at-8.58.06-AM-1.jpeg","type":"image\/jpeg"}],"twitter_card":"summary_large_image","twitter_misc":{"Est. reading time":"1 minute"},"schema":{"@context":"https:\/\/schema.org","@graph":[{"@type":"WebPage","@id":"https:\/\/www.liana.com.co\/producto\/arete-werregue\/","url":"https:\/\/www.liana.com.co\/producto\/arete-werregue\/","name":"ARETES WERREGUE FILIGRANA | LIANA","isPartOf":{"@id":"https:\/\/www.liana.com.co\/#website"},"primaryImageOfPage":{"@id":"https:\/\/www.liana.com.co\/producto\/arete-werregue\/#primaryimage"},"image":{"@id":"https:\/\/www.liana.com.co\/producto\/arete-werregue\/#primaryimage"},"thumbnailUrl":"https:\/\/www.liana.com.co\/wp-content\/uploads\/2023\/10\/WhatsApp-Image-2025-09-07-at-8.58.06-AM-1.jpeg","datePublished":"2023-05-30T01:27:21+00:00","dateModified":"2025-09-08T14:34:47+00:00","breadcrumb":{"@id":"https:\/\/www.liana.com.co\/producto\/arete-werregue\/#breadcrumb"},"inLanguage":"en-US","potentialAction":[{"@type":"ReadAction","target":["https:\/\/www.liana.com.co\/producto\/arete-werregue\/"]}]},{"@type":"ImageObject","inLanguage":"en-US","@id":"https:\/\/www.liana.com.co\/producto\/arete-werregue\/#primaryimage","url":"https:\/\/www.liana.com.co\/wp-content\/uploads\/2023\/10\/WhatsApp-Image-2025-09-07-at-8.58.06-AM-1.jpeg","contentUrl":"https:\/\/www.liana.com.co\/wp-content\/uploads\/2023\/10\/WhatsApp-Image-2025-09-07-at-8.58.06-AM-1.jpeg","width":1024,"height":1024},{"@type":"BreadcrumbList","@id":"https:\/\/www.liana.com.co\/producto\/arete-werregue\/#breadcrumb","itemListElement":[{"@type":"ListItem","position":1,"name":"Portada","item":"https:\/\/www.liana.com.co\/"},{"@type":"ListItem","position":2,"name":"Shop","item":"https:\/\/www.liana.com.co\/shop\/"},{"@type":"ListItem","position":3,"name":"ARETES WERREGUE FILIGRANA"}]},{"@type":"WebSite","@id":"https:\/\/www.liana.com.co\/#website","url":"https:\/\/www.liana.com.co\/","name":"LIANA","description":"Contemporary Artisans","publisher":{"@id":"https:\/\/www.liana.com.co\/#organization"},"potentialAction":[{"@type":"SearchAction","target":{"@type":"EntryPoint","urlTemplate":"https:\/\/www.liana.com.co\/?s={search_term_string}"},"query-input":{"@type":"PropertyValueSpecification","valueRequired":true,"valueName":"search_term_string"}}],"inLanguage":"en-US"},{"@type":"Organization","@id":"https:\/\/www.liana.com.co\/#organization","name":"LIANA","url":"https:\/\/www.liana.com.co\/","logo":{"@type":"ImageObject","inLanguage":"en-US","@id":"https:\/\/www.liana.com.co\/#\/schema\/logo\/image\/","url":"https:\/\/www.liana.com.co\/wp-content\/uploads\/2022\/11\/LIANA-BLACK.png","contentUrl":"https:\/\/www.liana.com.co\/wp-content\/uploads\/2022\/11\/LIANA-BLACK.png","width":339,"height":98,"caption":"LIANA"},"image":{"@id":"https:\/\/www.liana.com.co\/#\/schema\/logo\/image\/"},"sameAs":["https:\/\/www.facebook.com\/LIANAcreativa","https:\/\/www.instagram.com\/LIANA_creativa"]}]}},"jetpack_sharing_enabled":true,"_links":{"self":[{"href":"https:\/\/www.liana.com.co\/en\/wp-json\/wp\/v2\/product\/17125","targetHints":{"allow":["GET"]}}],"collection":[{"href":"https:\/\/www.liana.com.co\/en\/wp-json\/wp\/v2\/product"}],"about":[{"href":"https:\/\/www.liana.com.co\/en\/wp-json\/wp\/v2\/types\/product"}],"wp:featuredmedia":[{"embeddable":true,"href":"https:\/\/www.liana.com.co\/en\/wp-json\/wp\/v2\/media\/20832"}],"wp:attachment":[{"href":"https:\/\/www.liana.com.co\/en\/wp-json\/wp\/v2\/media?parent=17125"}],"wp:term":[{"taxonomy":"product_brand","embeddable":true,"href":"https:\/\/www.liana.com.co\/en\/wp-json\/wp\/v2\/product_brand?post=17125"},{"taxonomy":"product_cat","embeddable":true,"href":"https:\/\/www.liana.com.co\/en\/wp-json\/wp\/v2\/product_cat?post=17125"},{"taxonomy":"product_tag","embeddable":true,"href":"https:\/\/www.liana.com.co\/en\/wp-json\/wp\/v2\/product_tag?post=17125"}],"curies":[{"name":"wp","href":"https:\/\/api.w.org\/{rel}","templated":true}]}}