{"id":16875,"date":"2023-03-26T21:06:33","date_gmt":"2023-03-27T02:06:33","guid":{"rendered":"https:\/\/www.liana.com.co\/?post_type=product&#038;p=16875"},"modified":"2025-11-25T17:30:14","modified_gmt":"2025-11-25T22:30:14","slug":"porta-lapiz","status":"publish","type":"product","link":"https:\/\/www.liana.com.co\/en\/product\/porta-lapiz\/","title":{"rendered":"PORTA LAPIZ"},"content":{"rendered":"<ul>\n<li><strong>Measurements<\/strong> Alto 11 cms\/Diam. 11 cms<\/li>\n<li><strong>Material:<\/strong>\u00a0Fibra de palma de moriche y tintes naturales<\/li>\n<li><strong>Region<\/strong>\u00a0Vichada<\/li>\n<li><strong>Technique<\/strong>\u00a0Basketry<\/li>\n<li><strong>Etnia<\/strong>: Sikuani<br \/>\n<hr \/>\n<p>Las artesanas Sikuani, habitantes del Bajo Orinoco, preservan sus tradiciones a trav\u00e9s del tejido. Preparan y tinturan la fibra con insumos naturales, creando piezas \u00fanicas que reflejan su cultura y saber ancestral.<\/li>\n<\/ul>","protected":false},"excerpt":{"rendered":"<div class=\"wp-block-woocommerce-product-summary\" data-block-name=\"woocommerce\/product-summary\" data-font-size=\"base\" data-is-descendent-of-single-product-template=\"true\" data-style=\"{&quot;spacing&quot;:{&quot;padding&quot;:{&quot;right&quot;:&quot;0&quot;,&quot;left&quot;:&quot;0&quot;},&quot;margin&quot;:{&quot;right&quot;:&quot;var:preset|spacing|30&quot;,&quot;left&quot;:&quot;var:preset|spacing|30&quot;}}}\">\n<div class=\"wc-block-components-product-summary has-font-size has-base-font-size\">\n<p>Canastas decorativa elaborada por artesanas ind\u00edgenas, cada pieza es \u00fanica, reflejando la inspiraci\u00f3n y creatividad de su creadora. Colores vibrantes y detalles excepcionales hacen de cada tinaja una obra irrepetible. Perfecta para darle color a tu hogar mientras apoyas el trabajo artesanal y la preservaci\u00f3n de tradiciones ancestrales.<\/p>\n<\/div>\n<\/div>\n<div class=\"wp-block-add-to-cart-form wc-block-add-to-cart-form wc-block-add-to-cart-form--input wp-block-woocommerce-add-to-cart-form\" data-block-name=\"woocommerce\/add-to-cart-form\"><\/div>","protected":false},"featured_media":19706,"template":"","meta":{"content-type":""},"product_brand":[],"product_cat":[6644,15],"product_tag":[6592,6593,6765,6688],"class_list":{"0":"post-16875","1":"product","2":"type-product","3":"status-publish","4":"has-post-thumbnail","6":"product_cat-canastos","7":"product_cat-todos","8":"product_tag-canasto","9":"product_tag-cesteria","10":"product_tag-ifit","11":"product_tag-moriche","13":"first","14":"instock","15":"shipping-taxable","16":"purchasable","17":"product-type-simple"},"yoast_head":"<!-- This site is optimized with the Yoast SEO plugin v27.4 - https:\/\/yoast.com\/product\/yoast-seo-wordpress\/ -->\n<title>PORTA LAPIZ | LIANA<\/title>\n<meta name=\"robots\" content=\"index, follow, max-snippet:-1, max-image-preview:large, max-video-preview:-1\" \/>\n<link rel=\"canonical\" href=\"https:\/\/www.liana.com.co\/en\/product\/porta-lapiz\/\" \/>\n<meta property=\"og:locale\" content=\"en_US\" \/>\n<meta property=\"og:type\" content=\"article\" \/>\n<meta property=\"og:title\" content=\"PORTA LAPIZ | LIANA\" \/>\n<meta property=\"og:description\" content=\"Canastas decorativa elaborada por artesanas ind\u00edgenas, cada pieza es \u00fanica, reflejando la inspiraci\u00f3n y creatividad de su creadora. Colores vibrantes y detalles excepcionales hacen de cada tinaja una obra irrepetible. Perfecta para darle color a tu hogar mientras apoyas el trabajo artesanal y la preservaci\u00f3n de tradiciones ancestrales.\" \/>\n<meta property=\"og:url\" content=\"https:\/\/www.liana.com.co\/en\/product\/porta-lapiz\/\" \/>\n<meta property=\"og:site_name\" content=\"LIANA\" \/>\n<meta property=\"article:publisher\" content=\"https:\/\/www.facebook.com\/LIANAcreativa\" \/>\n<meta property=\"article:modified_time\" content=\"2025-11-25T22:30:14+00:00\" \/>\n<meta property=\"og:image\" content=\"https:\/\/www.liana.com.co\/wp-content\/uploads\/2024\/09\/WhatsApp-Image-2024-09-25-at-11.21.00-AM-1.jpeg\" \/>\n\t<meta property=\"og:image:width\" content=\"1200\" \/>\n\t<meta property=\"og:image:height\" content=\"1600\" \/>\n\t<meta property=\"og:image:type\" content=\"image\/jpeg\" \/>\n<meta name=\"twitter:card\" content=\"summary_large_image\" \/>\n<meta name=\"twitter:label1\" content=\"Est. reading time\" \/>\n\t<meta name=\"twitter:data1\" content=\"1 minute\" \/>\n<script type=\"application\/ld+json\" class=\"yoast-schema-graph\">{\"@context\":\"https:\\\/\\\/schema.org\",\"@graph\":[{\"@type\":\"WebPage\",\"@id\":\"https:\\\/\\\/www.liana.com.co\\\/producto\\\/porta-lapiz\\\/\",\"url\":\"https:\\\/\\\/www.liana.com.co\\\/producto\\\/porta-lapiz\\\/\",\"name\":\"PORTA LAPIZ | LIANA\",\"isPartOf\":{\"@id\":\"https:\\\/\\\/www.liana.com.co\\\/#website\"},\"primaryImageOfPage\":{\"@id\":\"https:\\\/\\\/www.liana.com.co\\\/producto\\\/porta-lapiz\\\/#primaryimage\"},\"image\":{\"@id\":\"https:\\\/\\\/www.liana.com.co\\\/producto\\\/porta-lapiz\\\/#primaryimage\"},\"thumbnailUrl\":\"https:\\\/\\\/www.liana.com.co\\\/wp-content\\\/uploads\\\/2024\\\/09\\\/WhatsApp-Image-2024-09-25-at-11.21.00-AM-1.jpeg\",\"datePublished\":\"2023-03-27T02:06:33+00:00\",\"dateModified\":\"2025-11-25T22:30:14+00:00\",\"breadcrumb\":{\"@id\":\"https:\\\/\\\/www.liana.com.co\\\/producto\\\/porta-lapiz\\\/#breadcrumb\"},\"inLanguage\":\"en-US\",\"potentialAction\":[{\"@type\":\"ReadAction\",\"target\":[\"https:\\\/\\\/www.liana.com.co\\\/producto\\\/porta-lapiz\\\/\"]}]},{\"@type\":\"ImageObject\",\"inLanguage\":\"en-US\",\"@id\":\"https:\\\/\\\/www.liana.com.co\\\/producto\\\/porta-lapiz\\\/#primaryimage\",\"url\":\"https:\\\/\\\/www.liana.com.co\\\/wp-content\\\/uploads\\\/2024\\\/09\\\/WhatsApp-Image-2024-09-25-at-11.21.00-AM-1.jpeg\",\"contentUrl\":\"https:\\\/\\\/www.liana.com.co\\\/wp-content\\\/uploads\\\/2024\\\/09\\\/WhatsApp-Image-2024-09-25-at-11.21.00-AM-1.jpeg\",\"width\":1200,\"height\":1600},{\"@type\":\"BreadcrumbList\",\"@id\":\"https:\\\/\\\/www.liana.com.co\\\/producto\\\/porta-lapiz\\\/#breadcrumb\",\"itemListElement\":[{\"@type\":\"ListItem\",\"position\":1,\"name\":\"Portada\",\"item\":\"https:\\\/\\\/www.liana.com.co\\\/\"},{\"@type\":\"ListItem\",\"position\":2,\"name\":\"Shop\",\"item\":\"https:\\\/\\\/www.liana.com.co\\\/shop\\\/\"},{\"@type\":\"ListItem\",\"position\":3,\"name\":\"PORTA LAPIZ\"}]},{\"@type\":\"WebSite\",\"@id\":\"https:\\\/\\\/www.liana.com.co\\\/#website\",\"url\":\"https:\\\/\\\/www.liana.com.co\\\/\",\"name\":\"LIANA\",\"description\":\"Artesanos Contempor\u00e1neos\",\"publisher\":{\"@id\":\"https:\\\/\\\/www.liana.com.co\\\/#organization\"},\"potentialAction\":[{\"@type\":\"SearchAction\",\"target\":{\"@type\":\"EntryPoint\",\"urlTemplate\":\"https:\\\/\\\/www.liana.com.co\\\/?s={search_term_string}\"},\"query-input\":{\"@type\":\"PropertyValueSpecification\",\"valueRequired\":true,\"valueName\":\"search_term_string\"}}],\"inLanguage\":\"en-US\"},{\"@type\":\"Organization\",\"@id\":\"https:\\\/\\\/www.liana.com.co\\\/#organization\",\"name\":\"LIANA\",\"url\":\"https:\\\/\\\/www.liana.com.co\\\/\",\"logo\":{\"@type\":\"ImageObject\",\"inLanguage\":\"en-US\",\"@id\":\"https:\\\/\\\/www.liana.com.co\\\/#\\\/schema\\\/logo\\\/image\\\/\",\"url\":\"https:\\\/\\\/www.liana.com.co\\\/wp-content\\\/uploads\\\/2022\\\/11\\\/LIANA-BLACK.png\",\"contentUrl\":\"https:\\\/\\\/www.liana.com.co\\\/wp-content\\\/uploads\\\/2022\\\/11\\\/LIANA-BLACK.png\",\"width\":339,\"height\":98,\"caption\":\"LIANA\"},\"image\":{\"@id\":\"https:\\\/\\\/www.liana.com.co\\\/#\\\/schema\\\/logo\\\/image\\\/\"},\"sameAs\":[\"https:\\\/\\\/www.facebook.com\\\/LIANAcreativa\",\"https:\\\/\\\/www.instagram.com\\\/LIANA_creativa\"]}]}<\/script>\n<!-- \/ Yoast SEO plugin. -->","yoast_head_json":{"title":"PORTA LAPIZ | LIANA","robots":{"index":"index","follow":"follow","max-snippet":"max-snippet:-1","max-image-preview":"max-image-preview:large","max-video-preview":"max-video-preview:-1"},"canonical":"https:\/\/www.liana.com.co\/en\/product\/porta-lapiz\/","og_locale":"en_US","og_type":"article","og_title":"PORTA LAPIZ | LIANA","og_description":"Canastas decorativa elaborada por artesanas ind\u00edgenas, cada pieza es \u00fanica, reflejando la inspiraci\u00f3n y creatividad de su creadora. Colores vibrantes y detalles excepcionales hacen de cada tinaja una obra irrepetible. Perfecta para darle color a tu hogar mientras apoyas el trabajo artesanal y la preservaci\u00f3n de tradiciones ancestrales.","og_url":"https:\/\/www.liana.com.co\/en\/product\/porta-lapiz\/","og_site_name":"LIANA","article_publisher":"https:\/\/www.facebook.com\/LIANAcreativa","article_modified_time":"2025-11-25T22:30:14+00:00","og_image":[{"width":1200,"height":1600,"url":"https:\/\/www.liana.com.co\/wp-content\/uploads\/2024\/09\/WhatsApp-Image-2024-09-25-at-11.21.00-AM-1.jpeg","type":"image\/jpeg"}],"twitter_card":"summary_large_image","twitter_misc":{"Est. reading time":"1 minute"},"schema":{"@context":"https:\/\/schema.org","@graph":[{"@type":"WebPage","@id":"https:\/\/www.liana.com.co\/producto\/porta-lapiz\/","url":"https:\/\/www.liana.com.co\/producto\/porta-lapiz\/","name":"PORTA LAPIZ | LIANA","isPartOf":{"@id":"https:\/\/www.liana.com.co\/#website"},"primaryImageOfPage":{"@id":"https:\/\/www.liana.com.co\/producto\/porta-lapiz\/#primaryimage"},"image":{"@id":"https:\/\/www.liana.com.co\/producto\/porta-lapiz\/#primaryimage"},"thumbnailUrl":"https:\/\/www.liana.com.co\/wp-content\/uploads\/2024\/09\/WhatsApp-Image-2024-09-25-at-11.21.00-AM-1.jpeg","datePublished":"2023-03-27T02:06:33+00:00","dateModified":"2025-11-25T22:30:14+00:00","breadcrumb":{"@id":"https:\/\/www.liana.com.co\/producto\/porta-lapiz\/#breadcrumb"},"inLanguage":"en-US","potentialAction":[{"@type":"ReadAction","target":["https:\/\/www.liana.com.co\/producto\/porta-lapiz\/"]}]},{"@type":"ImageObject","inLanguage":"en-US","@id":"https:\/\/www.liana.com.co\/producto\/porta-lapiz\/#primaryimage","url":"https:\/\/www.liana.com.co\/wp-content\/uploads\/2024\/09\/WhatsApp-Image-2024-09-25-at-11.21.00-AM-1.jpeg","contentUrl":"https:\/\/www.liana.com.co\/wp-content\/uploads\/2024\/09\/WhatsApp-Image-2024-09-25-at-11.21.00-AM-1.jpeg","width":1200,"height":1600},{"@type":"BreadcrumbList","@id":"https:\/\/www.liana.com.co\/producto\/porta-lapiz\/#breadcrumb","itemListElement":[{"@type":"ListItem","position":1,"name":"Portada","item":"https:\/\/www.liana.com.co\/"},{"@type":"ListItem","position":2,"name":"Shop","item":"https:\/\/www.liana.com.co\/shop\/"},{"@type":"ListItem","position":3,"name":"PORTA LAPIZ"}]},{"@type":"WebSite","@id":"https:\/\/www.liana.com.co\/#website","url":"https:\/\/www.liana.com.co\/","name":"LIANA","description":"Contemporary Artisans","publisher":{"@id":"https:\/\/www.liana.com.co\/#organization"},"potentialAction":[{"@type":"SearchAction","target":{"@type":"EntryPoint","urlTemplate":"https:\/\/www.liana.com.co\/?s={search_term_string}"},"query-input":{"@type":"PropertyValueSpecification","valueRequired":true,"valueName":"search_term_string"}}],"inLanguage":"en-US"},{"@type":"Organization","@id":"https:\/\/www.liana.com.co\/#organization","name":"LIANA","url":"https:\/\/www.liana.com.co\/","logo":{"@type":"ImageObject","inLanguage":"en-US","@id":"https:\/\/www.liana.com.co\/#\/schema\/logo\/image\/","url":"https:\/\/www.liana.com.co\/wp-content\/uploads\/2022\/11\/LIANA-BLACK.png","contentUrl":"https:\/\/www.liana.com.co\/wp-content\/uploads\/2022\/11\/LIANA-BLACK.png","width":339,"height":98,"caption":"LIANA"},"image":{"@id":"https:\/\/www.liana.com.co\/#\/schema\/logo\/image\/"},"sameAs":["https:\/\/www.facebook.com\/LIANAcreativa","https:\/\/www.instagram.com\/LIANA_creativa"]}]}},"jetpack_sharing_enabled":true,"_links":{"self":[{"href":"https:\/\/www.liana.com.co\/en\/wp-json\/wp\/v2\/product\/16875","targetHints":{"allow":["GET"]}}],"collection":[{"href":"https:\/\/www.liana.com.co\/en\/wp-json\/wp\/v2\/product"}],"about":[{"href":"https:\/\/www.liana.com.co\/en\/wp-json\/wp\/v2\/types\/product"}],"wp:featuredmedia":[{"embeddable":true,"href":"https:\/\/www.liana.com.co\/en\/wp-json\/wp\/v2\/media\/19706"}],"wp:attachment":[{"href":"https:\/\/www.liana.com.co\/en\/wp-json\/wp\/v2\/media?parent=16875"}],"wp:term":[{"taxonomy":"product_brand","embeddable":true,"href":"https:\/\/www.liana.com.co\/en\/wp-json\/wp\/v2\/product_brand?post=16875"},{"taxonomy":"product_cat","embeddable":true,"href":"https:\/\/www.liana.com.co\/en\/wp-json\/wp\/v2\/product_cat?post=16875"},{"taxonomy":"product_tag","embeddable":true,"href":"https:\/\/www.liana.com.co\/en\/wp-json\/wp\/v2\/product_tag?post=16875"}],"curies":[{"name":"wp","href":"https:\/\/api.w.org\/{rel}","templated":true}]}}