{"id":16518,"date":"2025-07-10T09:20:44","date_gmt":"2025-07-10T14:20:44","guid":{"rendered":"https:\/\/www.liana.com.co\/?post_type=product&#038;p=16518"},"modified":"2025-10-28T13:57:32","modified_gmt":"2025-10-28T18:57:32","slug":"canasto-okaina-3","status":"publish","type":"product","link":"https:\/\/www.liana.com.co\/en\/product\/canasto-okaina-3\/","title":{"rendered":"OKAINA BASKET"},"content":{"rendered":"<ul>\n<li><strong>Measurements<\/strong> :Alto 31 cms\/Base 24 x 24 cms\/Diam boca 37 cms<\/li>\n<li><strong>Materiales<\/strong>: Guarumo y Cumare<\/li>\n<li><strong>Region<\/strong>: Amazonas<\/li>\n<li><strong>T\u00e9cnica<\/strong>: Cester\u00eda<\/li>\n<li><strong>Etnia<\/strong>: Okaina<br \/>\n<hr \/>\n<p><span data-sheets-root=\"1\">Los artesanos Okaina son tejedores tradicionales que dan vida a la fibra de la selva, creando objetos utilitarios esenciales en su vida diaria. Combinan la resistencia del guarumo con la flexibilidad del cumare, logrando piezas \u00fanicas que reflejan su saber ancestral y su estrecha conexi\u00f3n con la naturaleza.<\/span><\/li>\n<\/ul>","protected":false},"excerpt":{"rendered":"<p><span data-sheets-root=\"1\">Tejidos a mano por artesanos Okaina, estos canastos reflejan su tradici\u00f3n y cultura en cada textura y figura simb\u00f3lica. Elaborados con fibras naturales de la selva, fusionan funcionalidad, historia y autenticidad en una pieza \u00fanica.<\/span><\/p>","protected":false},"featured_media":17835,"template":"","meta":{"content-type":""},"product_brand":[],"product_cat":[6644,15],"product_tag":[6592,6593,6684],"class_list":{"0":"post-16518","1":"product","2":"type-product","3":"status-publish","4":"has-post-thumbnail","6":"product_cat-canastos","7":"product_cat-todos","8":"product_tag-canasto","9":"product_tag-cesteria","10":"product_tag-okaina","12":"first","13":"instock","14":"shipping-taxable","15":"purchasable","16":"product-type-simple"},"yoast_head":"<!-- This site is optimized with the Yoast SEO plugin v27.4 - https:\/\/yoast.com\/product\/yoast-seo-wordpress\/ -->\n<title>CANASTO OKAINA | LIANA<\/title>\n<meta name=\"robots\" content=\"index, follow, max-snippet:-1, max-image-preview:large, max-video-preview:-1\" \/>\n<link rel=\"canonical\" href=\"https:\/\/www.liana.com.co\/en\/product\/canasto-okaina-3\/\" \/>\n<meta property=\"og:locale\" content=\"en_US\" \/>\n<meta property=\"og:type\" content=\"article\" \/>\n<meta property=\"og:title\" content=\"CANASTO OKAINA | LIANA\" \/>\n<meta property=\"og:description\" content=\"Tejidos a mano por artesanos Okaina, estos canastos reflejan su tradici\u00f3n y cultura en cada textura y figura simb\u00f3lica. Elaborados con fibras naturales de la selva, fusionan funcionalidad, historia y autenticidad en una pieza \u00fanica.\" \/>\n<meta property=\"og:url\" content=\"https:\/\/www.liana.com.co\/en\/product\/canasto-okaina-3\/\" \/>\n<meta property=\"og:site_name\" content=\"LIANA\" \/>\n<meta property=\"article:publisher\" content=\"https:\/\/www.facebook.com\/LIANAcreativa\" \/>\n<meta property=\"article:modified_time\" content=\"2025-10-28T18:57:32+00:00\" \/>\n<meta property=\"og:image\" content=\"https:\/\/i0.wp.com\/www.liana.com.co\/wp-content\/uploads\/2023\/09\/WhatsApp-Image-2023-09-08-at-9.16.20-AM-2.jpeg?fit=1600%2C1600&ssl=1\" \/>\n\t<meta property=\"og:image:width\" content=\"1600\" \/>\n\t<meta property=\"og:image:height\" content=\"1600\" \/>\n\t<meta property=\"og:image:type\" content=\"image\/jpeg\" \/>\n<meta name=\"twitter:card\" content=\"summary_large_image\" \/>\n<meta name=\"twitter:label1\" content=\"Est. reading time\" \/>\n\t<meta name=\"twitter:data1\" content=\"1 minute\" \/>\n<script type=\"application\/ld+json\" class=\"yoast-schema-graph\">{\"@context\":\"https:\\\/\\\/schema.org\",\"@graph\":[{\"@type\":\"WebPage\",\"@id\":\"https:\\\/\\\/www.liana.com.co\\\/producto\\\/canasto-okaina-3\\\/\",\"url\":\"https:\\\/\\\/www.liana.com.co\\\/producto\\\/canasto-okaina-3\\\/\",\"name\":\"CANASTO OKAINA | LIANA\",\"isPartOf\":{\"@id\":\"https:\\\/\\\/www.liana.com.co\\\/#website\"},\"primaryImageOfPage\":{\"@id\":\"https:\\\/\\\/www.liana.com.co\\\/producto\\\/canasto-okaina-3\\\/#primaryimage\"},\"image\":{\"@id\":\"https:\\\/\\\/www.liana.com.co\\\/producto\\\/canasto-okaina-3\\\/#primaryimage\"},\"thumbnailUrl\":\"https:\\\/\\\/www.liana.com.co\\\/wp-content\\\/uploads\\\/2023\\\/09\\\/WhatsApp-Image-2023-09-08-at-9.16.20-AM-2.jpeg\",\"datePublished\":\"2025-07-10T14:20:44+00:00\",\"dateModified\":\"2025-10-28T18:57:32+00:00\",\"breadcrumb\":{\"@id\":\"https:\\\/\\\/www.liana.com.co\\\/producto\\\/canasto-okaina-3\\\/#breadcrumb\"},\"inLanguage\":\"en-US\",\"potentialAction\":[{\"@type\":\"ReadAction\",\"target\":[\"https:\\\/\\\/www.liana.com.co\\\/producto\\\/canasto-okaina-3\\\/\"]}]},{\"@type\":\"ImageObject\",\"inLanguage\":\"en-US\",\"@id\":\"https:\\\/\\\/www.liana.com.co\\\/producto\\\/canasto-okaina-3\\\/#primaryimage\",\"url\":\"https:\\\/\\\/www.liana.com.co\\\/wp-content\\\/uploads\\\/2023\\\/09\\\/WhatsApp-Image-2023-09-08-at-9.16.20-AM-2.jpeg\",\"contentUrl\":\"https:\\\/\\\/www.liana.com.co\\\/wp-content\\\/uploads\\\/2023\\\/09\\\/WhatsApp-Image-2023-09-08-at-9.16.20-AM-2.jpeg\",\"width\":1600,\"height\":1600},{\"@type\":\"BreadcrumbList\",\"@id\":\"https:\\\/\\\/www.liana.com.co\\\/producto\\\/canasto-okaina-3\\\/#breadcrumb\",\"itemListElement\":[{\"@type\":\"ListItem\",\"position\":1,\"name\":\"Portada\",\"item\":\"https:\\\/\\\/www.liana.com.co\\\/\"},{\"@type\":\"ListItem\",\"position\":2,\"name\":\"Shop\",\"item\":\"https:\\\/\\\/www.liana.com.co\\\/shop\\\/\"},{\"@type\":\"ListItem\",\"position\":3,\"name\":\"CANASTO OKAINA\"}]},{\"@type\":\"WebSite\",\"@id\":\"https:\\\/\\\/www.liana.com.co\\\/#website\",\"url\":\"https:\\\/\\\/www.liana.com.co\\\/\",\"name\":\"LIANA\",\"description\":\"Artesanos Contempor\u00e1neos\",\"publisher\":{\"@id\":\"https:\\\/\\\/www.liana.com.co\\\/#organization\"},\"potentialAction\":[{\"@type\":\"SearchAction\",\"target\":{\"@type\":\"EntryPoint\",\"urlTemplate\":\"https:\\\/\\\/www.liana.com.co\\\/?s={search_term_string}\"},\"query-input\":{\"@type\":\"PropertyValueSpecification\",\"valueRequired\":true,\"valueName\":\"search_term_string\"}}],\"inLanguage\":\"en-US\"},{\"@type\":\"Organization\",\"@id\":\"https:\\\/\\\/www.liana.com.co\\\/#organization\",\"name\":\"LIANA\",\"url\":\"https:\\\/\\\/www.liana.com.co\\\/\",\"logo\":{\"@type\":\"ImageObject\",\"inLanguage\":\"en-US\",\"@id\":\"https:\\\/\\\/www.liana.com.co\\\/#\\\/schema\\\/logo\\\/image\\\/\",\"url\":\"https:\\\/\\\/www.liana.com.co\\\/wp-content\\\/uploads\\\/2022\\\/11\\\/LIANA-BLACK.png\",\"contentUrl\":\"https:\\\/\\\/www.liana.com.co\\\/wp-content\\\/uploads\\\/2022\\\/11\\\/LIANA-BLACK.png\",\"width\":339,\"height\":98,\"caption\":\"LIANA\"},\"image\":{\"@id\":\"https:\\\/\\\/www.liana.com.co\\\/#\\\/schema\\\/logo\\\/image\\\/\"},\"sameAs\":[\"https:\\\/\\\/www.facebook.com\\\/LIANAcreativa\",\"https:\\\/\\\/www.instagram.com\\\/LIANA_creativa\"]}]}<\/script>\n<!-- \/ Yoast SEO plugin. -->","yoast_head_json":{"title":"CANASTO OKAINA | LIANA","robots":{"index":"index","follow":"follow","max-snippet":"max-snippet:-1","max-image-preview":"max-image-preview:large","max-video-preview":"max-video-preview:-1"},"canonical":"https:\/\/www.liana.com.co\/en\/product\/canasto-okaina-3\/","og_locale":"en_US","og_type":"article","og_title":"CANASTO OKAINA | LIANA","og_description":"Tejidos a mano por artesanos Okaina, estos canastos reflejan su tradici\u00f3n y cultura en cada textura y figura simb\u00f3lica. Elaborados con fibras naturales de la selva, fusionan funcionalidad, historia y autenticidad en una pieza \u00fanica.","og_url":"https:\/\/www.liana.com.co\/en\/product\/canasto-okaina-3\/","og_site_name":"LIANA","article_publisher":"https:\/\/www.facebook.com\/LIANAcreativa","article_modified_time":"2025-10-28T18:57:32+00:00","og_image":[{"width":1600,"height":1600,"url":"https:\/\/i0.wp.com\/www.liana.com.co\/wp-content\/uploads\/2023\/09\/WhatsApp-Image-2023-09-08-at-9.16.20-AM-2.jpeg?fit=1600%2C1600&ssl=1","type":"image\/jpeg"}],"twitter_card":"summary_large_image","twitter_misc":{"Est. reading time":"1 minute"},"schema":{"@context":"https:\/\/schema.org","@graph":[{"@type":"WebPage","@id":"https:\/\/www.liana.com.co\/producto\/canasto-okaina-3\/","url":"https:\/\/www.liana.com.co\/producto\/canasto-okaina-3\/","name":"CANASTO OKAINA | LIANA","isPartOf":{"@id":"https:\/\/www.liana.com.co\/#website"},"primaryImageOfPage":{"@id":"https:\/\/www.liana.com.co\/producto\/canasto-okaina-3\/#primaryimage"},"image":{"@id":"https:\/\/www.liana.com.co\/producto\/canasto-okaina-3\/#primaryimage"},"thumbnailUrl":"https:\/\/www.liana.com.co\/wp-content\/uploads\/2023\/09\/WhatsApp-Image-2023-09-08-at-9.16.20-AM-2.jpeg","datePublished":"2025-07-10T14:20:44+00:00","dateModified":"2025-10-28T18:57:32+00:00","breadcrumb":{"@id":"https:\/\/www.liana.com.co\/producto\/canasto-okaina-3\/#breadcrumb"},"inLanguage":"en-US","potentialAction":[{"@type":"ReadAction","target":["https:\/\/www.liana.com.co\/producto\/canasto-okaina-3\/"]}]},{"@type":"ImageObject","inLanguage":"en-US","@id":"https:\/\/www.liana.com.co\/producto\/canasto-okaina-3\/#primaryimage","url":"https:\/\/www.liana.com.co\/wp-content\/uploads\/2023\/09\/WhatsApp-Image-2023-09-08-at-9.16.20-AM-2.jpeg","contentUrl":"https:\/\/www.liana.com.co\/wp-content\/uploads\/2023\/09\/WhatsApp-Image-2023-09-08-at-9.16.20-AM-2.jpeg","width":1600,"height":1600},{"@type":"BreadcrumbList","@id":"https:\/\/www.liana.com.co\/producto\/canasto-okaina-3\/#breadcrumb","itemListElement":[{"@type":"ListItem","position":1,"name":"Portada","item":"https:\/\/www.liana.com.co\/"},{"@type":"ListItem","position":2,"name":"Shop","item":"https:\/\/www.liana.com.co\/shop\/"},{"@type":"ListItem","position":3,"name":"CANASTO OKAINA"}]},{"@type":"WebSite","@id":"https:\/\/www.liana.com.co\/#website","url":"https:\/\/www.liana.com.co\/","name":"LIANA","description":"Contemporary Artisans","publisher":{"@id":"https:\/\/www.liana.com.co\/#organization"},"potentialAction":[{"@type":"SearchAction","target":{"@type":"EntryPoint","urlTemplate":"https:\/\/www.liana.com.co\/?s={search_term_string}"},"query-input":{"@type":"PropertyValueSpecification","valueRequired":true,"valueName":"search_term_string"}}],"inLanguage":"en-US"},{"@type":"Organization","@id":"https:\/\/www.liana.com.co\/#organization","name":"LIANA","url":"https:\/\/www.liana.com.co\/","logo":{"@type":"ImageObject","inLanguage":"en-US","@id":"https:\/\/www.liana.com.co\/#\/schema\/logo\/image\/","url":"https:\/\/www.liana.com.co\/wp-content\/uploads\/2022\/11\/LIANA-BLACK.png","contentUrl":"https:\/\/www.liana.com.co\/wp-content\/uploads\/2022\/11\/LIANA-BLACK.png","width":339,"height":98,"caption":"LIANA"},"image":{"@id":"https:\/\/www.liana.com.co\/#\/schema\/logo\/image\/"},"sameAs":["https:\/\/www.facebook.com\/LIANAcreativa","https:\/\/www.instagram.com\/LIANA_creativa"]}]}},"jetpack_sharing_enabled":true,"_links":{"self":[{"href":"https:\/\/www.liana.com.co\/en\/wp-json\/wp\/v2\/product\/16518","targetHints":{"allow":["GET"]}}],"collection":[{"href":"https:\/\/www.liana.com.co\/en\/wp-json\/wp\/v2\/product"}],"about":[{"href":"https:\/\/www.liana.com.co\/en\/wp-json\/wp\/v2\/types\/product"}],"wp:featuredmedia":[{"embeddable":true,"href":"https:\/\/www.liana.com.co\/en\/wp-json\/wp\/v2\/media\/17835"}],"wp:attachment":[{"href":"https:\/\/www.liana.com.co\/en\/wp-json\/wp\/v2\/media?parent=16518"}],"wp:term":[{"taxonomy":"product_brand","embeddable":true,"href":"https:\/\/www.liana.com.co\/en\/wp-json\/wp\/v2\/product_brand?post=16518"},{"taxonomy":"product_cat","embeddable":true,"href":"https:\/\/www.liana.com.co\/en\/wp-json\/wp\/v2\/product_cat?post=16518"},{"taxonomy":"product_tag","embeddable":true,"href":"https:\/\/www.liana.com.co\/en\/wp-json\/wp\/v2\/product_tag?post=16518"}],"curies":[{"name":"wp","href":"https:\/\/api.w.org\/{rel}","templated":true}]}}