{"id":16165,"date":"2022-10-25T17:51:19","date_gmt":"2022-10-25T22:51:19","guid":{"rendered":"https:\/\/amanolab.co\/?post_type=product&#038;p=16165"},"modified":"2026-02-26T17:26:15","modified_gmt":"2026-02-26T22:26:15","slug":"la-urdida","status":"publish","type":"product","link":"https:\/\/www.liana.com.co\/en\/product\/la-urdida\/","title":{"rendered":"LA URDIDA"},"content":{"rendered":"<p>Measurements: Diameter 45 cms\/ Height 35 cms<\/p>\n<p><strong>Material:<\/strong> Mimbre \/ <strong>Region<\/strong>: Bogot\u00e1 \/ <strong>Technique<\/strong> Basketry<\/p>\n<p>Fique leaves are transformed into fibers that are carefully woven by artisan hands.<\/p>\n<p>&nbsp;<\/p>","protected":false},"excerpt":{"rendered":"<p class=\"p1\">LAS TIRAS DE FIQUE SE ENTRETEJEN SOBRE UBA ESTRUCTURA,DANDO COMO RESULTADO LAMPARAS CON UN ESTILO PARTICULAR.<\/p>\n<p>Lamps are produced on demand and can be customized to fit your specific measurements. If you require any modifications, please feel free to contact us. <a href=\"https:\/\/walink.co\/baa046\">HERE<\/a><\/p>\n<p>Production Time 20 days.<\/p>","protected":false},"featured_media":21404,"template":"","meta":{"content-type":""},"product_brand":[],"product_cat":[6727,6658,6716,15],"product_tag":[6686,6681,6683],"class_list":{"0":"post-16165","1":"product","2":"type-product","3":"status-publish","4":"has-post-thumbnail","6":"product_cat-descuentos","7":"product_cat-lamparas","8":"product_cat-mobiliario","9":"product_cat-todos","10":"product_tag-fique","11":"product_tag-lampara","12":"product_tag-luz","14":"first","15":"instock","16":"sale","17":"shipping-taxable","18":"purchasable","19":"product-type-simple"},"yoast_head":"<!-- This site is optimized with the Yoast SEO plugin v27.4 - https:\/\/yoast.com\/product\/yoast-seo-wordpress\/ -->\n<title>LA URDIDA | LIANA<\/title>\n<meta name=\"robots\" content=\"index, follow, max-snippet:-1, max-image-preview:large, max-video-preview:-1\" \/>\n<link rel=\"canonical\" href=\"https:\/\/www.liana.com.co\/en\/product\/la-urdida\/\" \/>\n<meta property=\"og:locale\" content=\"en_US\" \/>\n<meta property=\"og:type\" content=\"article\" \/>\n<meta property=\"og:title\" content=\"LA URDIDA | LIANA\" \/>\n<meta property=\"og:description\" content=\"LAS TIRAS DE FIQUE SE ENTRETEJEN SOBRE UBA ESTRUCTURA,DANDO COMO RESULTADO LAMPARAS CON UN ESTILO PARTICULAR. Las l\u00e1mparas se producen por pedido y se pueden hacer de acuerdo a las medidas que necesites. Si requieres alguna modificaci\u00f3n comun\u00edcate con nosotros AQUI  Tiempo de producci\u00f3n 20 d\u00edas.\" \/>\n<meta property=\"og:url\" content=\"https:\/\/www.liana.com.co\/en\/product\/la-urdida\/\" \/>\n<meta property=\"og:site_name\" content=\"LIANA\" \/>\n<meta property=\"article:publisher\" content=\"https:\/\/www.facebook.com\/LIANAcreativa\" \/>\n<meta property=\"article:modified_time\" content=\"2026-02-26T22:26:15+00:00\" \/>\n<meta property=\"og:image\" content=\"https:\/\/www.liana.com.co\/wp-content\/uploads\/2022\/10\/URDIDA1.jpeg\" \/>\n\t<meta property=\"og:image:width\" content=\"976\" \/>\n\t<meta property=\"og:image:height\" content=\"976\" \/>\n\t<meta property=\"og:image:type\" content=\"image\/jpeg\" \/>\n<meta name=\"twitter:card\" content=\"summary_large_image\" \/>\n<meta name=\"twitter:label1\" content=\"Est. reading time\" \/>\n\t<meta name=\"twitter:data1\" content=\"1 minute\" \/>\n<script type=\"application\/ld+json\" class=\"yoast-schema-graph\">{\"@context\":\"https:\\\/\\\/schema.org\",\"@graph\":[{\"@type\":\"WebPage\",\"@id\":\"https:\\\/\\\/www.liana.com.co\\\/producto\\\/la-urdida\\\/\",\"url\":\"https:\\\/\\\/www.liana.com.co\\\/producto\\\/la-urdida\\\/\",\"name\":\"LA URDIDA | LIANA\",\"isPartOf\":{\"@id\":\"https:\\\/\\\/www.liana.com.co\\\/#website\"},\"primaryImageOfPage\":{\"@id\":\"https:\\\/\\\/www.liana.com.co\\\/producto\\\/la-urdida\\\/#primaryimage\"},\"image\":{\"@id\":\"https:\\\/\\\/www.liana.com.co\\\/producto\\\/la-urdida\\\/#primaryimage\"},\"thumbnailUrl\":\"https:\\\/\\\/www.liana.com.co\\\/wp-content\\\/uploads\\\/2022\\\/10\\\/photoroom_20260225_142109.jpg\",\"datePublished\":\"2022-10-25T22:51:19+00:00\",\"dateModified\":\"2026-02-26T22:26:15+00:00\",\"breadcrumb\":{\"@id\":\"https:\\\/\\\/www.liana.com.co\\\/producto\\\/la-urdida\\\/#breadcrumb\"},\"inLanguage\":\"en-US\",\"potentialAction\":[{\"@type\":\"ReadAction\",\"target\":[\"https:\\\/\\\/www.liana.com.co\\\/producto\\\/la-urdida\\\/\"]}]},{\"@type\":\"ImageObject\",\"inLanguage\":\"en-US\",\"@id\":\"https:\\\/\\\/www.liana.com.co\\\/producto\\\/la-urdida\\\/#primaryimage\",\"url\":\"https:\\\/\\\/www.liana.com.co\\\/wp-content\\\/uploads\\\/2022\\\/10\\\/photoroom_20260225_142109.jpg\",\"contentUrl\":\"https:\\\/\\\/www.liana.com.co\\\/wp-content\\\/uploads\\\/2022\\\/10\\\/photoroom_20260225_142109.jpg\",\"width\":1024,\"height\":1024},{\"@type\":\"BreadcrumbList\",\"@id\":\"https:\\\/\\\/www.liana.com.co\\\/producto\\\/la-urdida\\\/#breadcrumb\",\"itemListElement\":[{\"@type\":\"ListItem\",\"position\":1,\"name\":\"Portada\",\"item\":\"https:\\\/\\\/www.liana.com.co\\\/\"},{\"@type\":\"ListItem\",\"position\":2,\"name\":\"Shop\",\"item\":\"https:\\\/\\\/www.liana.com.co\\\/shop\\\/\"},{\"@type\":\"ListItem\",\"position\":3,\"name\":\"LA URDIDA\"}]},{\"@type\":\"WebSite\",\"@id\":\"https:\\\/\\\/www.liana.com.co\\\/#website\",\"url\":\"https:\\\/\\\/www.liana.com.co\\\/\",\"name\":\"LIANA\",\"description\":\"Artesanos Contempor\u00e1neos\",\"publisher\":{\"@id\":\"https:\\\/\\\/www.liana.com.co\\\/#organization\"},\"potentialAction\":[{\"@type\":\"SearchAction\",\"target\":{\"@type\":\"EntryPoint\",\"urlTemplate\":\"https:\\\/\\\/www.liana.com.co\\\/?s={search_term_string}\"},\"query-input\":{\"@type\":\"PropertyValueSpecification\",\"valueRequired\":true,\"valueName\":\"search_term_string\"}}],\"inLanguage\":\"en-US\"},{\"@type\":\"Organization\",\"@id\":\"https:\\\/\\\/www.liana.com.co\\\/#organization\",\"name\":\"LIANA\",\"url\":\"https:\\\/\\\/www.liana.com.co\\\/\",\"logo\":{\"@type\":\"ImageObject\",\"inLanguage\":\"en-US\",\"@id\":\"https:\\\/\\\/www.liana.com.co\\\/#\\\/schema\\\/logo\\\/image\\\/\",\"url\":\"https:\\\/\\\/www.liana.com.co\\\/wp-content\\\/uploads\\\/2022\\\/11\\\/LIANA-BLACK.png\",\"contentUrl\":\"https:\\\/\\\/www.liana.com.co\\\/wp-content\\\/uploads\\\/2022\\\/11\\\/LIANA-BLACK.png\",\"width\":339,\"height\":98,\"caption\":\"LIANA\"},\"image\":{\"@id\":\"https:\\\/\\\/www.liana.com.co\\\/#\\\/schema\\\/logo\\\/image\\\/\"},\"sameAs\":[\"https:\\\/\\\/www.facebook.com\\\/LIANAcreativa\",\"https:\\\/\\\/www.instagram.com\\\/LIANA_creativa\"]}]}<\/script>\n<!-- \/ Yoast SEO plugin. -->","yoast_head_json":{"title":"LA URDIDA | LIANA","robots":{"index":"index","follow":"follow","max-snippet":"max-snippet:-1","max-image-preview":"max-image-preview:large","max-video-preview":"max-video-preview:-1"},"canonical":"https:\/\/www.liana.com.co\/en\/product\/la-urdida\/","og_locale":"en_US","og_type":"article","og_title":"LA URDIDA | LIANA","og_description":"LAS TIRAS DE FIQUE SE ENTRETEJEN SOBRE UBA ESTRUCTURA,DANDO COMO RESULTADO LAMPARAS CON UN ESTILO PARTICULAR. Las l\u00e1mparas se producen por pedido y se pueden hacer de acuerdo a las medidas que necesites. Si requieres alguna modificaci\u00f3n comun\u00edcate con nosotros AQUI  Tiempo de producci\u00f3n 20 d\u00edas.","og_url":"https:\/\/www.liana.com.co\/en\/product\/la-urdida\/","og_site_name":"LIANA","article_publisher":"https:\/\/www.facebook.com\/LIANAcreativa","article_modified_time":"2026-02-26T22:26:15+00:00","og_image":[{"width":976,"height":976,"url":"https:\/\/www.liana.com.co\/wp-content\/uploads\/2022\/10\/URDIDA1.jpeg","type":"image\/jpeg"}],"twitter_card":"summary_large_image","twitter_misc":{"Est. reading time":"1 minute"},"schema":{"@context":"https:\/\/schema.org","@graph":[{"@type":"WebPage","@id":"https:\/\/www.liana.com.co\/producto\/la-urdida\/","url":"https:\/\/www.liana.com.co\/producto\/la-urdida\/","name":"LA URDIDA | LIANA","isPartOf":{"@id":"https:\/\/www.liana.com.co\/#website"},"primaryImageOfPage":{"@id":"https:\/\/www.liana.com.co\/producto\/la-urdida\/#primaryimage"},"image":{"@id":"https:\/\/www.liana.com.co\/producto\/la-urdida\/#primaryimage"},"thumbnailUrl":"https:\/\/www.liana.com.co\/wp-content\/uploads\/2022\/10\/photoroom_20260225_142109.jpg","datePublished":"2022-10-25T22:51:19+00:00","dateModified":"2026-02-26T22:26:15+00:00","breadcrumb":{"@id":"https:\/\/www.liana.com.co\/producto\/la-urdida\/#breadcrumb"},"inLanguage":"en-US","potentialAction":[{"@type":"ReadAction","target":["https:\/\/www.liana.com.co\/producto\/la-urdida\/"]}]},{"@type":"ImageObject","inLanguage":"en-US","@id":"https:\/\/www.liana.com.co\/producto\/la-urdida\/#primaryimage","url":"https:\/\/www.liana.com.co\/wp-content\/uploads\/2022\/10\/photoroom_20260225_142109.jpg","contentUrl":"https:\/\/www.liana.com.co\/wp-content\/uploads\/2022\/10\/photoroom_20260225_142109.jpg","width":1024,"height":1024},{"@type":"BreadcrumbList","@id":"https:\/\/www.liana.com.co\/producto\/la-urdida\/#breadcrumb","itemListElement":[{"@type":"ListItem","position":1,"name":"Portada","item":"https:\/\/www.liana.com.co\/"},{"@type":"ListItem","position":2,"name":"Shop","item":"https:\/\/www.liana.com.co\/shop\/"},{"@type":"ListItem","position":3,"name":"LA URDIDA"}]},{"@type":"WebSite","@id":"https:\/\/www.liana.com.co\/#website","url":"https:\/\/www.liana.com.co\/","name":"LIANA","description":"Contemporary Artisans","publisher":{"@id":"https:\/\/www.liana.com.co\/#organization"},"potentialAction":[{"@type":"SearchAction","target":{"@type":"EntryPoint","urlTemplate":"https:\/\/www.liana.com.co\/?s={search_term_string}"},"query-input":{"@type":"PropertyValueSpecification","valueRequired":true,"valueName":"search_term_string"}}],"inLanguage":"en-US"},{"@type":"Organization","@id":"https:\/\/www.liana.com.co\/#organization","name":"LIANA","url":"https:\/\/www.liana.com.co\/","logo":{"@type":"ImageObject","inLanguage":"en-US","@id":"https:\/\/www.liana.com.co\/#\/schema\/logo\/image\/","url":"https:\/\/www.liana.com.co\/wp-content\/uploads\/2022\/11\/LIANA-BLACK.png","contentUrl":"https:\/\/www.liana.com.co\/wp-content\/uploads\/2022\/11\/LIANA-BLACK.png","width":339,"height":98,"caption":"LIANA"},"image":{"@id":"https:\/\/www.liana.com.co\/#\/schema\/logo\/image\/"},"sameAs":["https:\/\/www.facebook.com\/LIANAcreativa","https:\/\/www.instagram.com\/LIANA_creativa"]}]}},"jetpack_sharing_enabled":true,"_links":{"self":[{"href":"https:\/\/www.liana.com.co\/en\/wp-json\/wp\/v2\/product\/16165","targetHints":{"allow":["GET"]}}],"collection":[{"href":"https:\/\/www.liana.com.co\/en\/wp-json\/wp\/v2\/product"}],"about":[{"href":"https:\/\/www.liana.com.co\/en\/wp-json\/wp\/v2\/types\/product"}],"wp:featuredmedia":[{"embeddable":true,"href":"https:\/\/www.liana.com.co\/en\/wp-json\/wp\/v2\/media\/21404"}],"wp:attachment":[{"href":"https:\/\/www.liana.com.co\/en\/wp-json\/wp\/v2\/media?parent=16165"}],"wp:term":[{"taxonomy":"product_brand","embeddable":true,"href":"https:\/\/www.liana.com.co\/en\/wp-json\/wp\/v2\/product_brand?post=16165"},{"taxonomy":"product_cat","embeddable":true,"href":"https:\/\/www.liana.com.co\/en\/wp-json\/wp\/v2\/product_cat?post=16165"},{"taxonomy":"product_tag","embeddable":true,"href":"https:\/\/www.liana.com.co\/en\/wp-json\/wp\/v2\/product_tag?post=16165"}],"curies":[{"name":"wp","href":"https:\/\/api.w.org\/{rel}","templated":true}]}}