{"id":16057,"date":"2023-02-10T07:00:55","date_gmt":"2023-02-10T12:00:55","guid":{"rendered":"https:\/\/amanolab.co\/?post_type=product&#038;p=16057"},"modified":"2026-03-06T10:04:06","modified_gmt":"2026-03-06T15:04:06","slug":"onda","status":"publish","type":"product","link":"https:\/\/www.liana.com.co\/en\/product\/onda\/","title":{"rendered":"ONDA"},"content":{"rendered":"<ul data-path-to-node=\"13\">\n<li>\n<p data-path-to-node=\"13,0,0\"><b data-path-to-node=\"13,0,0\" data-index-in-node=\"0\">Measurements<\/b> Di\u00e1metro 50 cm \/ Alto 25 cm.<\/p>\n<\/li>\n<li>\n<p data-path-to-node=\"13,1,0\"><b data-path-to-node=\"13,1,0\" data-index-in-node=\"0\">Materiales:<\/b> Fibra natural de fique.<\/p>\n<\/li>\n<li>\n<p data-path-to-node=\"13,2,0\"><b data-path-to-node=\"13,2,0\" data-index-in-node=\"0\">Technique<\/b> Tejedur\u00eda manual contempor\u00e1nea.<\/p>\n<\/li>\n<li>\n<p data-path-to-node=\"13,3,0\"><b data-path-to-node=\"13,3,0\" data-index-in-node=\"0\">Origen:<\/b> Bogot\u00e1, Colombia.<\/p>\n<\/li>\n<\/ul>\n<p data-path-to-node=\"14\"><b data-path-to-node=\"14\" data-index-in-node=\"0\">Cuidados y Mantenimiento<\/b><\/p>\n<ul data-path-to-node=\"15\">\n<li>\n<p data-path-to-node=\"15,0,0\">Limpiar exclusivamente con un pa\u00f1o seco o aspiradora de mano a baja potencia para retirar el polvo acumulado en la fibra.<\/p>\n<\/li>\n<\/ul>\n<p>&nbsp;<\/p>\n<p>La L\u00e1mpara Onda es el resultado de una exploraci\u00f3n formal donde la rigidez de la fibra de fique se encuentra con la fluidez del dise\u00f1o urbano. Elaborada manualmente en Bogot\u00e1, esta pieza destaca por su estructura en onda que genera juegos de sombras din\u00e1micos y envolventes. Es una apuesta por el dise\u00f1o local que integra materiales naturales en entornos modernos, celebrando el trabajo manual y la versatilidad del fique desde una perspectiva actual y sofisticada.<\/p>","protected":false},"excerpt":{"rendered":"<p data-path-to-node=\"8\"><span data-path-to-node=\"8,0\">Una pieza que danza con la luz. <\/span><span data-path-to-node=\"8,2\"><span class=\"citation-19\">Esta l\u00e1mpara de fique, tejida con maestr\u00eda artesanal, aporta calidez org\u00e1nica y un movimiento fluido a cualquier espacio interior. <\/span><\/span><\/p>\n<div class=\"source-inline-chip-container ng-star-inserted\"><\/div>\n<p id=\"p-rc_a63930f37cd3f09d-20\" data-path-to-node=\"9\">","protected":false},"featured_media":21157,"template":"","meta":{"content-type":""},"product_brand":[],"product_cat":[6658,6716,15],"product_tag":[6682,6593,6681,6683],"class_list":{"0":"post-16057","1":"product","2":"type-product","3":"status-publish","4":"has-post-thumbnail","6":"product_cat-lamparas","7":"product_cat-mobiliario","8":"product_cat-todos","9":"product_tag-bejucos","10":"product_tag-cesteria","11":"product_tag-lampara","12":"product_tag-luz","14":"first","15":"onbackorder","16":"shipping-taxable","17":"purchasable","18":"product-type-simple"},"yoast_head":"<!-- This site is optimized with the Yoast SEO plugin v27.4 - https:\/\/yoast.com\/product\/yoast-seo-wordpress\/ -->\n<title>ONDA | LIANA<\/title>\n<meta name=\"description\" content=\"Ilumina con dise\u00f1o y tradici\u00f3n. L\u00e1mpara de fique tejida a mano con forma de onda. Un toque org\u00e1nico y sofisticado para tu hogar. \u00a1Desc\u00fabrela en LIANA!\" \/>\n<meta name=\"robots\" content=\"index, follow, max-snippet:-1, max-image-preview:large, max-video-preview:-1\" \/>\n<link rel=\"canonical\" href=\"https:\/\/www.liana.com.co\/en\/product\/onda\/\" \/>\n<meta property=\"og:locale\" content=\"en_US\" \/>\n<meta property=\"og:type\" content=\"article\" \/>\n<meta property=\"og:title\" content=\"ONDA | LIANA\" \/>\n<meta property=\"og:description\" content=\"Ilumina con dise\u00f1o y tradici\u00f3n. L\u00e1mpara de fique tejida a mano con forma de onda. Un toque org\u00e1nico y sofisticado para tu hogar. \u00a1Desc\u00fabrela en LIANA!\" \/>\n<meta property=\"og:url\" content=\"https:\/\/www.liana.com.co\/en\/product\/onda\/\" \/>\n<meta property=\"og:site_name\" content=\"LIANA\" \/>\n<meta property=\"article:publisher\" content=\"https:\/\/www.facebook.com\/LIANAcreativa\" \/>\n<meta property=\"article:modified_time\" content=\"2026-03-06T15:04:06+00:00\" \/>\n<meta property=\"og:image\" content=\"https:\/\/www.liana.com.co\/wp-content\/uploads\/2022\/10\/WhatsApp-Image-2025-10-30-at-9.24.29-AM-1.jpeg\" \/>\n\t<meta property=\"og:image:width\" content=\"746\" \/>\n\t<meta property=\"og:image:height\" content=\"737\" \/>\n\t<meta property=\"og:image:type\" content=\"image\/jpeg\" \/>\n<meta name=\"twitter:card\" content=\"summary_large_image\" \/>\n<meta name=\"twitter:label1\" content=\"Est. reading time\" \/>\n\t<meta name=\"twitter:data1\" content=\"1 minute\" \/>\n<script type=\"application\/ld+json\" class=\"yoast-schema-graph\">{\"@context\":\"https:\\\/\\\/schema.org\",\"@graph\":[{\"@type\":\"WebPage\",\"@id\":\"https:\\\/\\\/www.liana.com.co\\\/producto\\\/onda\\\/\",\"url\":\"https:\\\/\\\/www.liana.com.co\\\/producto\\\/onda\\\/\",\"name\":\"ONDA | LIANA\",\"isPartOf\":{\"@id\":\"https:\\\/\\\/www.liana.com.co\\\/#website\"},\"primaryImageOfPage\":{\"@id\":\"https:\\\/\\\/www.liana.com.co\\\/producto\\\/onda\\\/#primaryimage\"},\"image\":{\"@id\":\"https:\\\/\\\/www.liana.com.co\\\/producto\\\/onda\\\/#primaryimage\"},\"thumbnailUrl\":\"https:\\\/\\\/www.liana.com.co\\\/wp-content\\\/uploads\\\/2022\\\/10\\\/WhatsApp-Image-2025-10-30-at-9.24.29-AM-1.jpeg\",\"datePublished\":\"2023-02-10T12:00:55+00:00\",\"dateModified\":\"2026-03-06T15:04:06+00:00\",\"description\":\"Ilumina con dise\u00f1o y tradici\u00f3n. L\u00e1mpara de fique tejida a mano con forma de onda. Un toque org\u00e1nico y sofisticado para tu hogar. \u00a1Desc\u00fabrela en LIANA!\",\"breadcrumb\":{\"@id\":\"https:\\\/\\\/www.liana.com.co\\\/producto\\\/onda\\\/#breadcrumb\"},\"inLanguage\":\"en-US\",\"potentialAction\":[{\"@type\":\"ReadAction\",\"target\":[\"https:\\\/\\\/www.liana.com.co\\\/producto\\\/onda\\\/\"]}]},{\"@type\":\"ImageObject\",\"inLanguage\":\"en-US\",\"@id\":\"https:\\\/\\\/www.liana.com.co\\\/producto\\\/onda\\\/#primaryimage\",\"url\":\"https:\\\/\\\/www.liana.com.co\\\/wp-content\\\/uploads\\\/2022\\\/10\\\/WhatsApp-Image-2025-10-30-at-9.24.29-AM-1.jpeg\",\"contentUrl\":\"https:\\\/\\\/www.liana.com.co\\\/wp-content\\\/uploads\\\/2022\\\/10\\\/WhatsApp-Image-2025-10-30-at-9.24.29-AM-1.jpeg\",\"width\":746,\"height\":737},{\"@type\":\"BreadcrumbList\",\"@id\":\"https:\\\/\\\/www.liana.com.co\\\/producto\\\/onda\\\/#breadcrumb\",\"itemListElement\":[{\"@type\":\"ListItem\",\"position\":1,\"name\":\"Portada\",\"item\":\"https:\\\/\\\/www.liana.com.co\\\/\"},{\"@type\":\"ListItem\",\"position\":2,\"name\":\"Shop\",\"item\":\"https:\\\/\\\/www.liana.com.co\\\/shop\\\/\"},{\"@type\":\"ListItem\",\"position\":3,\"name\":\"ONDA\"}]},{\"@type\":\"WebSite\",\"@id\":\"https:\\\/\\\/www.liana.com.co\\\/#website\",\"url\":\"https:\\\/\\\/www.liana.com.co\\\/\",\"name\":\"LIANA\",\"description\":\"Artesanos Contempor\u00e1neos\",\"publisher\":{\"@id\":\"https:\\\/\\\/www.liana.com.co\\\/#organization\"},\"potentialAction\":[{\"@type\":\"SearchAction\",\"target\":{\"@type\":\"EntryPoint\",\"urlTemplate\":\"https:\\\/\\\/www.liana.com.co\\\/?s={search_term_string}\"},\"query-input\":{\"@type\":\"PropertyValueSpecification\",\"valueRequired\":true,\"valueName\":\"search_term_string\"}}],\"inLanguage\":\"en-US\"},{\"@type\":\"Organization\",\"@id\":\"https:\\\/\\\/www.liana.com.co\\\/#organization\",\"name\":\"LIANA\",\"url\":\"https:\\\/\\\/www.liana.com.co\\\/\",\"logo\":{\"@type\":\"ImageObject\",\"inLanguage\":\"en-US\",\"@id\":\"https:\\\/\\\/www.liana.com.co\\\/#\\\/schema\\\/logo\\\/image\\\/\",\"url\":\"https:\\\/\\\/www.liana.com.co\\\/wp-content\\\/uploads\\\/2022\\\/11\\\/LIANA-BLACK.png\",\"contentUrl\":\"https:\\\/\\\/www.liana.com.co\\\/wp-content\\\/uploads\\\/2022\\\/11\\\/LIANA-BLACK.png\",\"width\":339,\"height\":98,\"caption\":\"LIANA\"},\"image\":{\"@id\":\"https:\\\/\\\/www.liana.com.co\\\/#\\\/schema\\\/logo\\\/image\\\/\"},\"sameAs\":[\"https:\\\/\\\/www.facebook.com\\\/LIANAcreativa\",\"https:\\\/\\\/www.instagram.com\\\/LIANA_creativa\"]}]}<\/script>\n<!-- \/ Yoast SEO plugin. -->","yoast_head_json":{"title":"ONDA | LIANA","description":"Ilumina con dise\u00f1o y tradici\u00f3n. L\u00e1mpara de fique tejida a mano con forma de onda. Un toque org\u00e1nico y sofisticado para tu hogar. \u00a1Desc\u00fabrela en LIANA!","robots":{"index":"index","follow":"follow","max-snippet":"max-snippet:-1","max-image-preview":"max-image-preview:large","max-video-preview":"max-video-preview:-1"},"canonical":"https:\/\/www.liana.com.co\/en\/product\/onda\/","og_locale":"en_US","og_type":"article","og_title":"ONDA | LIANA","og_description":"Ilumina con dise\u00f1o y tradici\u00f3n. L\u00e1mpara de fique tejida a mano con forma de onda. Un toque org\u00e1nico y sofisticado para tu hogar. \u00a1Desc\u00fabrela en LIANA!","og_url":"https:\/\/www.liana.com.co\/en\/product\/onda\/","og_site_name":"LIANA","article_publisher":"https:\/\/www.facebook.com\/LIANAcreativa","article_modified_time":"2026-03-06T15:04:06+00:00","og_image":[{"width":746,"height":737,"url":"https:\/\/www.liana.com.co\/wp-content\/uploads\/2022\/10\/WhatsApp-Image-2025-10-30-at-9.24.29-AM-1.jpeg","type":"image\/jpeg"}],"twitter_card":"summary_large_image","twitter_misc":{"Est. reading time":"1 minute"},"schema":{"@context":"https:\/\/schema.org","@graph":[{"@type":"WebPage","@id":"https:\/\/www.liana.com.co\/producto\/onda\/","url":"https:\/\/www.liana.com.co\/producto\/onda\/","name":"ONDA | LIANA","isPartOf":{"@id":"https:\/\/www.liana.com.co\/#website"},"primaryImageOfPage":{"@id":"https:\/\/www.liana.com.co\/producto\/onda\/#primaryimage"},"image":{"@id":"https:\/\/www.liana.com.co\/producto\/onda\/#primaryimage"},"thumbnailUrl":"https:\/\/www.liana.com.co\/wp-content\/uploads\/2022\/10\/WhatsApp-Image-2025-10-30-at-9.24.29-AM-1.jpeg","datePublished":"2023-02-10T12:00:55+00:00","dateModified":"2026-03-06T15:04:06+00:00","description":"Ilumina con dise\u00f1o y tradici\u00f3n. L\u00e1mpara de fique tejida a mano con forma de onda. Un toque org\u00e1nico y sofisticado para tu hogar. \u00a1Desc\u00fabrela en LIANA!","breadcrumb":{"@id":"https:\/\/www.liana.com.co\/producto\/onda\/#breadcrumb"},"inLanguage":"en-US","potentialAction":[{"@type":"ReadAction","target":["https:\/\/www.liana.com.co\/producto\/onda\/"]}]},{"@type":"ImageObject","inLanguage":"en-US","@id":"https:\/\/www.liana.com.co\/producto\/onda\/#primaryimage","url":"https:\/\/www.liana.com.co\/wp-content\/uploads\/2022\/10\/WhatsApp-Image-2025-10-30-at-9.24.29-AM-1.jpeg","contentUrl":"https:\/\/www.liana.com.co\/wp-content\/uploads\/2022\/10\/WhatsApp-Image-2025-10-30-at-9.24.29-AM-1.jpeg","width":746,"height":737},{"@type":"BreadcrumbList","@id":"https:\/\/www.liana.com.co\/producto\/onda\/#breadcrumb","itemListElement":[{"@type":"ListItem","position":1,"name":"Portada","item":"https:\/\/www.liana.com.co\/"},{"@type":"ListItem","position":2,"name":"Shop","item":"https:\/\/www.liana.com.co\/shop\/"},{"@type":"ListItem","position":3,"name":"ONDA"}]},{"@type":"WebSite","@id":"https:\/\/www.liana.com.co\/#website","url":"https:\/\/www.liana.com.co\/","name":"LIANA","description":"Contemporary Artisans","publisher":{"@id":"https:\/\/www.liana.com.co\/#organization"},"potentialAction":[{"@type":"SearchAction","target":{"@type":"EntryPoint","urlTemplate":"https:\/\/www.liana.com.co\/?s={search_term_string}"},"query-input":{"@type":"PropertyValueSpecification","valueRequired":true,"valueName":"search_term_string"}}],"inLanguage":"en-US"},{"@type":"Organization","@id":"https:\/\/www.liana.com.co\/#organization","name":"LIANA","url":"https:\/\/www.liana.com.co\/","logo":{"@type":"ImageObject","inLanguage":"en-US","@id":"https:\/\/www.liana.com.co\/#\/schema\/logo\/image\/","url":"https:\/\/www.liana.com.co\/wp-content\/uploads\/2022\/11\/LIANA-BLACK.png","contentUrl":"https:\/\/www.liana.com.co\/wp-content\/uploads\/2022\/11\/LIANA-BLACK.png","width":339,"height":98,"caption":"LIANA"},"image":{"@id":"https:\/\/www.liana.com.co\/#\/schema\/logo\/image\/"},"sameAs":["https:\/\/www.facebook.com\/LIANAcreativa","https:\/\/www.instagram.com\/LIANA_creativa"]}]}},"jetpack_sharing_enabled":true,"_links":{"self":[{"href":"https:\/\/www.liana.com.co\/en\/wp-json\/wp\/v2\/product\/16057","targetHints":{"allow":["GET"]}}],"collection":[{"href":"https:\/\/www.liana.com.co\/en\/wp-json\/wp\/v2\/product"}],"about":[{"href":"https:\/\/www.liana.com.co\/en\/wp-json\/wp\/v2\/types\/product"}],"wp:featuredmedia":[{"embeddable":true,"href":"https:\/\/www.liana.com.co\/en\/wp-json\/wp\/v2\/media\/21157"}],"wp:attachment":[{"href":"https:\/\/www.liana.com.co\/en\/wp-json\/wp\/v2\/media?parent=16057"}],"wp:term":[{"taxonomy":"product_brand","embeddable":true,"href":"https:\/\/www.liana.com.co\/en\/wp-json\/wp\/v2\/product_brand?post=16057"},{"taxonomy":"product_cat","embeddable":true,"href":"https:\/\/www.liana.com.co\/en\/wp-json\/wp\/v2\/product_cat?post=16057"},{"taxonomy":"product_tag","embeddable":true,"href":"https:\/\/www.liana.com.co\/en\/wp-json\/wp\/v2\/product_tag?post=16057"}],"curies":[{"name":"wp","href":"https:\/\/api.w.org\/{rel}","templated":true}]}}