{"id":15831,"date":"2022-10-19T12:23:22","date_gmt":"2022-10-19T17:23:22","guid":{"rendered":"https:\/\/amanolab.co\/?post_type=product&#038;p=15831"},"modified":"2025-05-06T17:33:17","modified_gmt":"2025-05-06T22:33:17","slug":"solapa-plata","status":"publish","type":"product","link":"https:\/\/www.liana.com.co\/en\/product\/solapa-plata\/","title":{"rendered":"SILVER FLAP BAG"},"content":{"rendered":"<p><strong>Measurements<\/strong> Base 32x 15 cms \/ Alto 20 cms &#8212;<strong> Material<\/strong>: zuncho pl\u00e1stico reciclado &#8212; <strong>Region<\/strong> Bogot\u00e1 &#8212; <strong>Technique<\/strong> Weaving<\/p>\n<p>Plastic is transformed by creative hands that, with their ancestral knowledge, create new traditions.<\/p>","protected":false},"excerpt":{"rendered":"<p>Elaborada a mano por talentosos artesanos colombianos, esta cartera de solapa est\u00e1 tejida con zuncho pl\u00e1stico reciclado, fusionando tradici\u00f3n y sostenibilidad. Su dise\u00f1o vers\u00e1til, colorido y altamente resistente la convierte en el complemento perfecto para darle un toque especial y \u00fanico a tu look. \u00a1Lleva contigo una pieza artesanal con historia y compromiso ambiental!<\/p>","protected":false},"featured_media":17548,"template":"","meta":{"content-type":""},"product_brand":[],"product_cat":[6727,6643,15,6660],"product_tag":[6703,6661,6582],"class_list":{"0":"post-15831","1":"product","2":"type-product","3":"status-publish","4":"has-post-thumbnail","6":"product_cat-descuentos","7":"product_cat-mochilas","8":"product_cat-todos","9":"product_cat-zuncho","10":"product_tag-cartera","11":"product_tag-plastico","12":"product_tag-zuncho","14":"first","15":"instock","16":"sale","17":"shipping-taxable","18":"purchasable","19":"product-type-simple"},"yoast_head":"<!-- This site is optimized with the Yoast SEO plugin v27.4 - https:\/\/yoast.com\/product\/yoast-seo-wordpress\/ -->\n<title>SOLAPA PLATA | LIANA<\/title>\n<meta name=\"description\" content=\"Una cartera colorida, resistente y muy pr\u00e1ctica tejida en zuncho pl\u00e1stico reciclado por artesanos colombianos.\" \/>\n<meta name=\"robots\" content=\"index, follow, max-snippet:-1, max-image-preview:large, max-video-preview:-1\" \/>\n<link rel=\"canonical\" href=\"https:\/\/www.liana.com.co\/en\/product\/solapa-plata\/\" \/>\n<meta property=\"og:locale\" content=\"en_US\" \/>\n<meta property=\"og:type\" content=\"article\" \/>\n<meta property=\"og:title\" content=\"SOLAPA PLATA | LIANA\" \/>\n<meta property=\"og:description\" content=\"Una cartera colorida, resistente y muy pr\u00e1ctica tejida en zuncho pl\u00e1stico reciclado por artesanos colombianos.\" \/>\n<meta property=\"og:url\" content=\"https:\/\/www.liana.com.co\/en\/product\/solapa-plata\/\" \/>\n<meta property=\"og:site_name\" content=\"LIANA\" \/>\n<meta property=\"article:publisher\" content=\"https:\/\/www.facebook.com\/LIANAcreativa\" \/>\n<meta property=\"article:modified_time\" content=\"2025-05-06T22:33:17+00:00\" \/>\n<meta property=\"og:image\" content=\"https:\/\/www.liana.com.co\/wp-content\/uploads\/2023\/01\/WhatsApp-Image-2023-08-18-at-11.46.08-AM-1.jpeg\" \/>\n\t<meta property=\"og:image:width\" content=\"1600\" \/>\n\t<meta property=\"og:image:height\" content=\"1600\" \/>\n\t<meta property=\"og:image:type\" content=\"image\/jpeg\" \/>\n<meta name=\"twitter:card\" content=\"summary_large_image\" \/>\n<meta name=\"twitter:label1\" content=\"Est. reading time\" \/>\n\t<meta name=\"twitter:data1\" content=\"1 minute\" \/>\n<script type=\"application\/ld+json\" class=\"yoast-schema-graph\">{\"@context\":\"https:\\\/\\\/schema.org\",\"@graph\":[{\"@type\":\"WebPage\",\"@id\":\"https:\\\/\\\/www.liana.com.co\\\/producto\\\/solapa-plata\\\/\",\"url\":\"https:\\\/\\\/www.liana.com.co\\\/producto\\\/solapa-plata\\\/\",\"name\":\"SOLAPA PLATA | LIANA\",\"isPartOf\":{\"@id\":\"https:\\\/\\\/www.liana.com.co\\\/#website\"},\"primaryImageOfPage\":{\"@id\":\"https:\\\/\\\/www.liana.com.co\\\/producto\\\/solapa-plata\\\/#primaryimage\"},\"image\":{\"@id\":\"https:\\\/\\\/www.liana.com.co\\\/producto\\\/solapa-plata\\\/#primaryimage\"},\"thumbnailUrl\":\"https:\\\/\\\/www.liana.com.co\\\/wp-content\\\/uploads\\\/2023\\\/01\\\/WhatsApp-Image-2023-08-18-at-11.46.08-AM-1.jpeg\",\"datePublished\":\"2022-10-19T17:23:22+00:00\",\"dateModified\":\"2025-05-06T22:33:17+00:00\",\"description\":\"Una cartera colorida, resistente y muy pr\u00e1ctica tejida en zuncho pl\u00e1stico reciclado por artesanos colombianos.\",\"breadcrumb\":{\"@id\":\"https:\\\/\\\/www.liana.com.co\\\/producto\\\/solapa-plata\\\/#breadcrumb\"},\"inLanguage\":\"en-US\",\"potentialAction\":[{\"@type\":\"ReadAction\",\"target\":[\"https:\\\/\\\/www.liana.com.co\\\/producto\\\/solapa-plata\\\/\"]}]},{\"@type\":\"ImageObject\",\"inLanguage\":\"en-US\",\"@id\":\"https:\\\/\\\/www.liana.com.co\\\/producto\\\/solapa-plata\\\/#primaryimage\",\"url\":\"https:\\\/\\\/www.liana.com.co\\\/wp-content\\\/uploads\\\/2023\\\/01\\\/WhatsApp-Image-2023-08-18-at-11.46.08-AM-1.jpeg\",\"contentUrl\":\"https:\\\/\\\/www.liana.com.co\\\/wp-content\\\/uploads\\\/2023\\\/01\\\/WhatsApp-Image-2023-08-18-at-11.46.08-AM-1.jpeg\",\"width\":1600,\"height\":1600},{\"@type\":\"BreadcrumbList\",\"@id\":\"https:\\\/\\\/www.liana.com.co\\\/producto\\\/solapa-plata\\\/#breadcrumb\",\"itemListElement\":[{\"@type\":\"ListItem\",\"position\":1,\"name\":\"Portada\",\"item\":\"https:\\\/\\\/www.liana.com.co\\\/\"},{\"@type\":\"ListItem\",\"position\":2,\"name\":\"Shop\",\"item\":\"https:\\\/\\\/www.liana.com.co\\\/shop\\\/\"},{\"@type\":\"ListItem\",\"position\":3,\"name\":\"SOLAPA PLATA\"}]},{\"@type\":\"WebSite\",\"@id\":\"https:\\\/\\\/www.liana.com.co\\\/#website\",\"url\":\"https:\\\/\\\/www.liana.com.co\\\/\",\"name\":\"LIANA\",\"description\":\"Artesanos Contempor\u00e1neos\",\"publisher\":{\"@id\":\"https:\\\/\\\/www.liana.com.co\\\/#organization\"},\"potentialAction\":[{\"@type\":\"SearchAction\",\"target\":{\"@type\":\"EntryPoint\",\"urlTemplate\":\"https:\\\/\\\/www.liana.com.co\\\/?s={search_term_string}\"},\"query-input\":{\"@type\":\"PropertyValueSpecification\",\"valueRequired\":true,\"valueName\":\"search_term_string\"}}],\"inLanguage\":\"en-US\"},{\"@type\":\"Organization\",\"@id\":\"https:\\\/\\\/www.liana.com.co\\\/#organization\",\"name\":\"LIANA\",\"url\":\"https:\\\/\\\/www.liana.com.co\\\/\",\"logo\":{\"@type\":\"ImageObject\",\"inLanguage\":\"en-US\",\"@id\":\"https:\\\/\\\/www.liana.com.co\\\/#\\\/schema\\\/logo\\\/image\\\/\",\"url\":\"https:\\\/\\\/www.liana.com.co\\\/wp-content\\\/uploads\\\/2022\\\/11\\\/LIANA-BLACK.png\",\"contentUrl\":\"https:\\\/\\\/www.liana.com.co\\\/wp-content\\\/uploads\\\/2022\\\/11\\\/LIANA-BLACK.png\",\"width\":339,\"height\":98,\"caption\":\"LIANA\"},\"image\":{\"@id\":\"https:\\\/\\\/www.liana.com.co\\\/#\\\/schema\\\/logo\\\/image\\\/\"},\"sameAs\":[\"https:\\\/\\\/www.facebook.com\\\/LIANAcreativa\",\"https:\\\/\\\/www.instagram.com\\\/LIANA_creativa\"]}]}<\/script>\n<!-- \/ Yoast SEO plugin. -->","yoast_head_json":{"title":"SOLAPA PLATA | LIANA","description":"Una cartera colorida, resistente y muy pr\u00e1ctica tejida en zuncho pl\u00e1stico reciclado por artesanos colombianos.","robots":{"index":"index","follow":"follow","max-snippet":"max-snippet:-1","max-image-preview":"max-image-preview:large","max-video-preview":"max-video-preview:-1"},"canonical":"https:\/\/www.liana.com.co\/en\/product\/solapa-plata\/","og_locale":"en_US","og_type":"article","og_title":"SOLAPA PLATA | LIANA","og_description":"Una cartera colorida, resistente y muy pr\u00e1ctica tejida en zuncho pl\u00e1stico reciclado por artesanos colombianos.","og_url":"https:\/\/www.liana.com.co\/en\/product\/solapa-plata\/","og_site_name":"LIANA","article_publisher":"https:\/\/www.facebook.com\/LIANAcreativa","article_modified_time":"2025-05-06T22:33:17+00:00","og_image":[{"width":1600,"height":1600,"url":"https:\/\/www.liana.com.co\/wp-content\/uploads\/2023\/01\/WhatsApp-Image-2023-08-18-at-11.46.08-AM-1.jpeg","type":"image\/jpeg"}],"twitter_card":"summary_large_image","twitter_misc":{"Est. reading time":"1 minute"},"schema":{"@context":"https:\/\/schema.org","@graph":[{"@type":"WebPage","@id":"https:\/\/www.liana.com.co\/producto\/solapa-plata\/","url":"https:\/\/www.liana.com.co\/producto\/solapa-plata\/","name":"SOLAPA PLATA | LIANA","isPartOf":{"@id":"https:\/\/www.liana.com.co\/#website"},"primaryImageOfPage":{"@id":"https:\/\/www.liana.com.co\/producto\/solapa-plata\/#primaryimage"},"image":{"@id":"https:\/\/www.liana.com.co\/producto\/solapa-plata\/#primaryimage"},"thumbnailUrl":"https:\/\/www.liana.com.co\/wp-content\/uploads\/2023\/01\/WhatsApp-Image-2023-08-18-at-11.46.08-AM-1.jpeg","datePublished":"2022-10-19T17:23:22+00:00","dateModified":"2025-05-06T22:33:17+00:00","description":"Una cartera colorida, resistente y muy pr\u00e1ctica tejida en zuncho pl\u00e1stico reciclado por artesanos colombianos.","breadcrumb":{"@id":"https:\/\/www.liana.com.co\/producto\/solapa-plata\/#breadcrumb"},"inLanguage":"en-US","potentialAction":[{"@type":"ReadAction","target":["https:\/\/www.liana.com.co\/producto\/solapa-plata\/"]}]},{"@type":"ImageObject","inLanguage":"en-US","@id":"https:\/\/www.liana.com.co\/producto\/solapa-plata\/#primaryimage","url":"https:\/\/www.liana.com.co\/wp-content\/uploads\/2023\/01\/WhatsApp-Image-2023-08-18-at-11.46.08-AM-1.jpeg","contentUrl":"https:\/\/www.liana.com.co\/wp-content\/uploads\/2023\/01\/WhatsApp-Image-2023-08-18-at-11.46.08-AM-1.jpeg","width":1600,"height":1600},{"@type":"BreadcrumbList","@id":"https:\/\/www.liana.com.co\/producto\/solapa-plata\/#breadcrumb","itemListElement":[{"@type":"ListItem","position":1,"name":"Portada","item":"https:\/\/www.liana.com.co\/"},{"@type":"ListItem","position":2,"name":"Shop","item":"https:\/\/www.liana.com.co\/shop\/"},{"@type":"ListItem","position":3,"name":"SOLAPA PLATA"}]},{"@type":"WebSite","@id":"https:\/\/www.liana.com.co\/#website","url":"https:\/\/www.liana.com.co\/","name":"LIANA","description":"Contemporary Artisans","publisher":{"@id":"https:\/\/www.liana.com.co\/#organization"},"potentialAction":[{"@type":"SearchAction","target":{"@type":"EntryPoint","urlTemplate":"https:\/\/www.liana.com.co\/?s={search_term_string}"},"query-input":{"@type":"PropertyValueSpecification","valueRequired":true,"valueName":"search_term_string"}}],"inLanguage":"en-US"},{"@type":"Organization","@id":"https:\/\/www.liana.com.co\/#organization","name":"LIANA","url":"https:\/\/www.liana.com.co\/","logo":{"@type":"ImageObject","inLanguage":"en-US","@id":"https:\/\/www.liana.com.co\/#\/schema\/logo\/image\/","url":"https:\/\/www.liana.com.co\/wp-content\/uploads\/2022\/11\/LIANA-BLACK.png","contentUrl":"https:\/\/www.liana.com.co\/wp-content\/uploads\/2022\/11\/LIANA-BLACK.png","width":339,"height":98,"caption":"LIANA"},"image":{"@id":"https:\/\/www.liana.com.co\/#\/schema\/logo\/image\/"},"sameAs":["https:\/\/www.facebook.com\/LIANAcreativa","https:\/\/www.instagram.com\/LIANA_creativa"]}]}},"jetpack_sharing_enabled":true,"_links":{"self":[{"href":"https:\/\/www.liana.com.co\/en\/wp-json\/wp\/v2\/product\/15831","targetHints":{"allow":["GET"]}}],"collection":[{"href":"https:\/\/www.liana.com.co\/en\/wp-json\/wp\/v2\/product"}],"about":[{"href":"https:\/\/www.liana.com.co\/en\/wp-json\/wp\/v2\/types\/product"}],"wp:featuredmedia":[{"embeddable":true,"href":"https:\/\/www.liana.com.co\/en\/wp-json\/wp\/v2\/media\/17548"}],"wp:attachment":[{"href":"https:\/\/www.liana.com.co\/en\/wp-json\/wp\/v2\/media?parent=15831"}],"wp:term":[{"taxonomy":"product_brand","embeddable":true,"href":"https:\/\/www.liana.com.co\/en\/wp-json\/wp\/v2\/product_brand?post=15831"},{"taxonomy":"product_cat","embeddable":true,"href":"https:\/\/www.liana.com.co\/en\/wp-json\/wp\/v2\/product_cat?post=15831"},{"taxonomy":"product_tag","embeddable":true,"href":"https:\/\/www.liana.com.co\/en\/wp-json\/wp\/v2\/product_tag?post=15831"}],"curies":[{"name":"wp","href":"https:\/\/api.w.org\/{rel}","templated":true}]}}