{"id":15601,"date":"2022-10-20T19:00:27","date_gmt":"2022-10-21T00:00:27","guid":{"rendered":"https:\/\/amanolab.co\/?post_type=product&#038;p=15601"},"modified":"2026-02-26T17:24:28","modified_gmt":"2026-02-26T22:24:28","slug":"bolso-zuncho","status":"publish","type":"product","link":"https:\/\/www.liana.com.co\/en\/product\/bolso-zuncho\/","title":{"rendered":"Zuncho \u00fcna"},"content":{"rendered":"<ul>\n<li><b data-path-to-node=\"15,0,1,0\" data-index-in-node=\"0\"><span class=\"citation-24\">Measurements<\/span><\/b><span class=\"citation-24\"> Base 13 cm \/ Alto 24 cm \/ Ancho 35 cm<\/span><\/li>\n<li><b data-path-to-node=\"15,1,1,0\" data-index-in-node=\"0\"><span class=\"citation-23\">Materiales:<\/span><\/b><span class=\"citation-23\"> Cinta de zuncho (pl\u00e1stico reciclado)<\/span><\/li>\n<li><span data-path-to-node=\"15,2,1,0\"><b data-path-to-node=\"15,2,1,0\" data-index-in-node=\"0\"><span class=\"citation-22\">Technique<\/span><\/b><span class=\"citation-22\"> Tejido plano manual <\/span><\/span><\/li>\n<li><b data-path-to-node=\"15,3,1,0\" data-index-in-node=\"0\"><span class=\"citation-21\">Origen:<\/span><\/b><span class=\"citation-21\"> Bogot\u00e1, Colombia <\/span><\/li>\n<\/ul>\n<p><span data-path-to-node=\"12,0\">Este bolso nace de la transformaci\u00f3n consciente de materiales. <\/span><span data-path-to-node=\"12,2\"><span class=\"citation-27\">En manos de talentosos artesanos, el pl\u00e1stico reciclado cobra una nueva vida a trav\u00e9s de t\u00e9cnicas de tejido plano, fusionando innovaci\u00f3n y saberes ancestrales<\/span><\/span><span data-path-to-node=\"12,4\">. <\/span><span data-path-to-node=\"12,6\"><span class=\"citation-26\">Es una pieza que celebra la econom\u00eda circular y el impacto positivo en las comunidades de artesanos colaboradores en Bogot\u00e1<\/span><\/span><span data-path-to-node=\"12,8\">.<\/span><\/p>","protected":false},"excerpt":{"rendered":"<p><span data-path-to-node=\"11,0\">Un dise\u00f1o vibrante y resistente, tejido a mano con zuncho reciclado. <\/span><span data-path-to-node=\"11,2\"><span class=\"citation-28\">La pieza perfecta para quienes buscan equilibrio entre sostenibilidad, estilo y tradici\u00f3n. <\/span><\/span><\/p>","protected":false},"featured_media":21378,"template":"","meta":{"content-type":""},"product_brand":[],"product_cat":[15,6660],"product_tag":[6592,6661,6582],"class_list":{"0":"post-15601","1":"product","2":"type-product","3":"status-publish","4":"has-post-thumbnail","6":"product_cat-todos","7":"product_cat-zuncho","8":"product_tag-canasto","9":"product_tag-plastico","10":"product_tag-zuncho","12":"first","13":"instock","14":"shipping-taxable","15":"purchasable","16":"product-type-simple"},"yoast_head":"<!-- This site is optimized with the Yoast SEO plugin v27.4 - https:\/\/yoast.com\/product\/yoast-seo-wordpress\/ -->\n<title>Zuncho \u00fcna | LIANA<\/title>\n<meta name=\"description\" content=\"Descubre este bolso en zuncho reciclado tejido por artesanos colombianos. Un dise\u00f1o vibrante, resistente y sostenible. \u00a1Lleva el arte contigo!\" \/>\n<meta name=\"robots\" content=\"index, follow, max-snippet:-1, max-image-preview:large, max-video-preview:-1\" \/>\n<link rel=\"canonical\" href=\"https:\/\/www.liana.com.co\/en\/product\/bolso-zuncho\/\" \/>\n<meta property=\"og:locale\" content=\"en_US\" \/>\n<meta property=\"og:type\" content=\"article\" \/>\n<meta property=\"og:title\" content=\"Zuncho \u00fcna | LIANA\" \/>\n<meta property=\"og:description\" content=\"Descubre este bolso en zuncho reciclado tejido por artesanos colombianos. Un dise\u00f1o vibrante, resistente y sostenible. \u00a1Lleva el arte contigo!\" \/>\n<meta property=\"og:url\" content=\"https:\/\/www.liana.com.co\/en\/product\/bolso-zuncho\/\" \/>\n<meta property=\"og:site_name\" content=\"LIANA\" \/>\n<meta property=\"article:publisher\" content=\"https:\/\/www.facebook.com\/LIANAcreativa\" \/>\n<meta property=\"article:modified_time\" content=\"2026-02-26T22:24:28+00:00\" \/>\n<meta property=\"og:image\" content=\"https:\/\/www.liana.com.co\/wp-content\/uploads\/2025\/12\/WhatsApp-Image-2026-02-19-at-3.49.16-PM-1.jpeg\" \/>\n\t<meta property=\"og:image:width\" content=\"1600\" \/>\n\t<meta property=\"og:image:height\" content=\"1600\" \/>\n\t<meta property=\"og:image:type\" content=\"image\/jpeg\" \/>\n<meta name=\"twitter:card\" content=\"summary_large_image\" \/>\n<meta name=\"twitter:label1\" content=\"Est. reading time\" \/>\n\t<meta name=\"twitter:data1\" content=\"1 minute\" \/>\n<script type=\"application\/ld+json\" class=\"yoast-schema-graph\">{\"@context\":\"https:\\\/\\\/schema.org\",\"@graph\":[{\"@type\":\"WebPage\",\"@id\":\"https:\\\/\\\/www.liana.com.co\\\/producto\\\/bolso-zuncho\\\/\",\"url\":\"https:\\\/\\\/www.liana.com.co\\\/producto\\\/bolso-zuncho\\\/\",\"name\":\"Zuncho \u00fcna | LIANA\",\"isPartOf\":{\"@id\":\"https:\\\/\\\/www.liana.com.co\\\/#website\"},\"primaryImageOfPage\":{\"@id\":\"https:\\\/\\\/www.liana.com.co\\\/producto\\\/bolso-zuncho\\\/#primaryimage\"},\"image\":{\"@id\":\"https:\\\/\\\/www.liana.com.co\\\/producto\\\/bolso-zuncho\\\/#primaryimage\"},\"thumbnailUrl\":\"https:\\\/\\\/www.liana.com.co\\\/wp-content\\\/uploads\\\/2025\\\/12\\\/WhatsApp-Image-2026-02-19-at-3.49.16-PM-1.jpeg\",\"datePublished\":\"2022-10-21T00:00:27+00:00\",\"dateModified\":\"2026-02-26T22:24:28+00:00\",\"description\":\"Descubre este bolso en zuncho reciclado tejido por artesanos colombianos. Un dise\u00f1o vibrante, resistente y sostenible. \u00a1Lleva el arte contigo!\",\"breadcrumb\":{\"@id\":\"https:\\\/\\\/www.liana.com.co\\\/producto\\\/bolso-zuncho\\\/#breadcrumb\"},\"inLanguage\":\"en-US\",\"potentialAction\":[{\"@type\":\"ReadAction\",\"target\":[\"https:\\\/\\\/www.liana.com.co\\\/producto\\\/bolso-zuncho\\\/\"]}]},{\"@type\":\"ImageObject\",\"inLanguage\":\"en-US\",\"@id\":\"https:\\\/\\\/www.liana.com.co\\\/producto\\\/bolso-zuncho\\\/#primaryimage\",\"url\":\"https:\\\/\\\/www.liana.com.co\\\/wp-content\\\/uploads\\\/2025\\\/12\\\/WhatsApp-Image-2026-02-19-at-3.49.16-PM-1.jpeg\",\"contentUrl\":\"https:\\\/\\\/www.liana.com.co\\\/wp-content\\\/uploads\\\/2025\\\/12\\\/WhatsApp-Image-2026-02-19-at-3.49.16-PM-1.jpeg\",\"width\":1600,\"height\":1600},{\"@type\":\"BreadcrumbList\",\"@id\":\"https:\\\/\\\/www.liana.com.co\\\/producto\\\/bolso-zuncho\\\/#breadcrumb\",\"itemListElement\":[{\"@type\":\"ListItem\",\"position\":1,\"name\":\"Portada\",\"item\":\"https:\\\/\\\/www.liana.com.co\\\/\"},{\"@type\":\"ListItem\",\"position\":2,\"name\":\"Shop\",\"item\":\"https:\\\/\\\/www.liana.com.co\\\/shop\\\/\"},{\"@type\":\"ListItem\",\"position\":3,\"name\":\"Zuncho \u00fcna\"}]},{\"@type\":\"WebSite\",\"@id\":\"https:\\\/\\\/www.liana.com.co\\\/#website\",\"url\":\"https:\\\/\\\/www.liana.com.co\\\/\",\"name\":\"LIANA\",\"description\":\"Artesanos Contempor\u00e1neos\",\"publisher\":{\"@id\":\"https:\\\/\\\/www.liana.com.co\\\/#organization\"},\"potentialAction\":[{\"@type\":\"SearchAction\",\"target\":{\"@type\":\"EntryPoint\",\"urlTemplate\":\"https:\\\/\\\/www.liana.com.co\\\/?s={search_term_string}\"},\"query-input\":{\"@type\":\"PropertyValueSpecification\",\"valueRequired\":true,\"valueName\":\"search_term_string\"}}],\"inLanguage\":\"en-US\"},{\"@type\":\"Organization\",\"@id\":\"https:\\\/\\\/www.liana.com.co\\\/#organization\",\"name\":\"LIANA\",\"url\":\"https:\\\/\\\/www.liana.com.co\\\/\",\"logo\":{\"@type\":\"ImageObject\",\"inLanguage\":\"en-US\",\"@id\":\"https:\\\/\\\/www.liana.com.co\\\/#\\\/schema\\\/logo\\\/image\\\/\",\"url\":\"https:\\\/\\\/www.liana.com.co\\\/wp-content\\\/uploads\\\/2022\\\/11\\\/LIANA-BLACK.png\",\"contentUrl\":\"https:\\\/\\\/www.liana.com.co\\\/wp-content\\\/uploads\\\/2022\\\/11\\\/LIANA-BLACK.png\",\"width\":339,\"height\":98,\"caption\":\"LIANA\"},\"image\":{\"@id\":\"https:\\\/\\\/www.liana.com.co\\\/#\\\/schema\\\/logo\\\/image\\\/\"},\"sameAs\":[\"https:\\\/\\\/www.facebook.com\\\/LIANAcreativa\",\"https:\\\/\\\/www.instagram.com\\\/LIANA_creativa\"]}]}<\/script>\n<!-- \/ Yoast SEO plugin. -->","yoast_head_json":{"title":"Zuncho \u00fcna | LIANA","description":"Descubre este bolso en zuncho reciclado tejido por artesanos colombianos. Un dise\u00f1o vibrante, resistente y sostenible. \u00a1Lleva el arte contigo!","robots":{"index":"index","follow":"follow","max-snippet":"max-snippet:-1","max-image-preview":"max-image-preview:large","max-video-preview":"max-video-preview:-1"},"canonical":"https:\/\/www.liana.com.co\/en\/product\/bolso-zuncho\/","og_locale":"en_US","og_type":"article","og_title":"Zuncho \u00fcna | LIANA","og_description":"Descubre este bolso en zuncho reciclado tejido por artesanos colombianos. Un dise\u00f1o vibrante, resistente y sostenible. \u00a1Lleva el arte contigo!","og_url":"https:\/\/www.liana.com.co\/en\/product\/bolso-zuncho\/","og_site_name":"LIANA","article_publisher":"https:\/\/www.facebook.com\/LIANAcreativa","article_modified_time":"2026-02-26T22:24:28+00:00","og_image":[{"width":1600,"height":1600,"url":"https:\/\/www.liana.com.co\/wp-content\/uploads\/2025\/12\/WhatsApp-Image-2026-02-19-at-3.49.16-PM-1.jpeg","type":"image\/jpeg"}],"twitter_card":"summary_large_image","twitter_misc":{"Est. reading time":"1 minute"},"schema":{"@context":"https:\/\/schema.org","@graph":[{"@type":"WebPage","@id":"https:\/\/www.liana.com.co\/producto\/bolso-zuncho\/","url":"https:\/\/www.liana.com.co\/producto\/bolso-zuncho\/","name":"Zuncho \u00fcna | LIANA","isPartOf":{"@id":"https:\/\/www.liana.com.co\/#website"},"primaryImageOfPage":{"@id":"https:\/\/www.liana.com.co\/producto\/bolso-zuncho\/#primaryimage"},"image":{"@id":"https:\/\/www.liana.com.co\/producto\/bolso-zuncho\/#primaryimage"},"thumbnailUrl":"https:\/\/www.liana.com.co\/wp-content\/uploads\/2025\/12\/WhatsApp-Image-2026-02-19-at-3.49.16-PM-1.jpeg","datePublished":"2022-10-21T00:00:27+00:00","dateModified":"2026-02-26T22:24:28+00:00","description":"Descubre este bolso en zuncho reciclado tejido por artesanos colombianos. Un dise\u00f1o vibrante, resistente y sostenible. \u00a1Lleva el arte contigo!","breadcrumb":{"@id":"https:\/\/www.liana.com.co\/producto\/bolso-zuncho\/#breadcrumb"},"inLanguage":"en-US","potentialAction":[{"@type":"ReadAction","target":["https:\/\/www.liana.com.co\/producto\/bolso-zuncho\/"]}]},{"@type":"ImageObject","inLanguage":"en-US","@id":"https:\/\/www.liana.com.co\/producto\/bolso-zuncho\/#primaryimage","url":"https:\/\/www.liana.com.co\/wp-content\/uploads\/2025\/12\/WhatsApp-Image-2026-02-19-at-3.49.16-PM-1.jpeg","contentUrl":"https:\/\/www.liana.com.co\/wp-content\/uploads\/2025\/12\/WhatsApp-Image-2026-02-19-at-3.49.16-PM-1.jpeg","width":1600,"height":1600},{"@type":"BreadcrumbList","@id":"https:\/\/www.liana.com.co\/producto\/bolso-zuncho\/#breadcrumb","itemListElement":[{"@type":"ListItem","position":1,"name":"Portada","item":"https:\/\/www.liana.com.co\/"},{"@type":"ListItem","position":2,"name":"Shop","item":"https:\/\/www.liana.com.co\/shop\/"},{"@type":"ListItem","position":3,"name":"Zuncho \u00fcna"}]},{"@type":"WebSite","@id":"https:\/\/www.liana.com.co\/#website","url":"https:\/\/www.liana.com.co\/","name":"LIANA","description":"Contemporary Artisans","publisher":{"@id":"https:\/\/www.liana.com.co\/#organization"},"potentialAction":[{"@type":"SearchAction","target":{"@type":"EntryPoint","urlTemplate":"https:\/\/www.liana.com.co\/?s={search_term_string}"},"query-input":{"@type":"PropertyValueSpecification","valueRequired":true,"valueName":"search_term_string"}}],"inLanguage":"en-US"},{"@type":"Organization","@id":"https:\/\/www.liana.com.co\/#organization","name":"LIANA","url":"https:\/\/www.liana.com.co\/","logo":{"@type":"ImageObject","inLanguage":"en-US","@id":"https:\/\/www.liana.com.co\/#\/schema\/logo\/image\/","url":"https:\/\/www.liana.com.co\/wp-content\/uploads\/2022\/11\/LIANA-BLACK.png","contentUrl":"https:\/\/www.liana.com.co\/wp-content\/uploads\/2022\/11\/LIANA-BLACK.png","width":339,"height":98,"caption":"LIANA"},"image":{"@id":"https:\/\/www.liana.com.co\/#\/schema\/logo\/image\/"},"sameAs":["https:\/\/www.facebook.com\/LIANAcreativa","https:\/\/www.instagram.com\/LIANA_creativa"]}]}},"jetpack_sharing_enabled":true,"_links":{"self":[{"href":"https:\/\/www.liana.com.co\/en\/wp-json\/wp\/v2\/product\/15601","targetHints":{"allow":["GET"]}}],"collection":[{"href":"https:\/\/www.liana.com.co\/en\/wp-json\/wp\/v2\/product"}],"about":[{"href":"https:\/\/www.liana.com.co\/en\/wp-json\/wp\/v2\/types\/product"}],"wp:featuredmedia":[{"embeddable":true,"href":"https:\/\/www.liana.com.co\/en\/wp-json\/wp\/v2\/media\/21378"}],"wp:attachment":[{"href":"https:\/\/www.liana.com.co\/en\/wp-json\/wp\/v2\/media?parent=15601"}],"wp:term":[{"taxonomy":"product_brand","embeddable":true,"href":"https:\/\/www.liana.com.co\/en\/wp-json\/wp\/v2\/product_brand?post=15601"},{"taxonomy":"product_cat","embeddable":true,"href":"https:\/\/www.liana.com.co\/en\/wp-json\/wp\/v2\/product_cat?post=15601"},{"taxonomy":"product_tag","embeddable":true,"href":"https:\/\/www.liana.com.co\/en\/wp-json\/wp\/v2\/product_tag?post=15601"}],"curies":[{"name":"wp","href":"https:\/\/api.w.org\/{rel}","templated":true}]}}