{"id":20375,"date":"2025-02-15T15:20:18","date_gmt":"2025-02-15T20:20:18","guid":{"rendered":"https:\/\/www.liana.com.co\/?page_id=20375"},"modified":"2025-10-22T16:55:24","modified_gmt":"2025-10-22T21:55:24","slug":"somos-liana-2","status":"publish","type":"page","link":"https:\/\/www.liana.com.co\/en\/somos-liana-2\/","title":{"rendered":"We are LIANA"},"content":{"rendered":"<div class=\"wp-block-group is-style-no-spacing is-layout-constrained wp-container-core-group-is-layout-2b8b15b8 wp-block-group-is-layout-constrained\" style=\"padding-top:96px;padding-right:1.5rem;padding-bottom:96px;padding-left:1.5rem\">\n<div class=\"wp-block-group is-layout-flow wp-block-group-is-layout-flow\">\n<div class=\"wp-block-columns are-vertically-aligned-center is-layout-flex wp-container-core-columns-is-layout-d2ca7aa4 wp-block-columns-is-layout-flex\">\n<div class=\"wp-block-column is-vertically-aligned-center is-style-ona-shift-right is-layout-flow wp-block-column-is-layout-flow\">\n<div class=\"wp-block-group has-background-light-background-color has-background is-layout-flow wp-block-group-is-layout-flow\" style=\"padding-top:15%;padding-right:15%;padding-bottom:15%;padding-left:15%\">\n<h3 class=\"wp-block-heading has-text-align-center\" id=\"i-love-working-with-people-who-find-joy-in-the-little-things\" style=\"line-height:1.2\"><br>We connect tradition and design to create unique handmade objects crafted by Colombian artisans.<br>\t\t\t<\/h3>\n\n\n\n<p class=\"has-text-align-center\">We are an artisanal design studio that celebrates Colombia's creative diversity, bringing products full of stories and impact to the market.<\/p>\n\n\n\n<p class=\"has-text-align-center\">Since 2016, we have collaborated with communities and artisans to preserve the artisanal legacy, transform natural fibers into contemporary pieces, and share the richness of our culture with the world.<\/p>\n<\/div>\n<\/div>\n\n\n\n<div class=\"wp-block-column is-vertically-aligned-center is-style-no-spacing is-layout-flow wp-block-column-is-layout-flow\">\n<div class=\"wp-block-cover is-light ona-promo-image\"><img fetchpriority=\"high\" decoding=\"async\" width=\"1537\" height=\"1153\" class=\"wp-block-cover__image-background wp-image-20379\" alt=\"\" src=\"https:\/\/www.liana.com.co\/wp-content\/uploads\/2025\/02\/E6E8B205-6081-4F47-86E8-52912B31A543-edited.jpg\" data-object-fit=\"cover\" srcset=\"https:\/\/www.liana.com.co\/wp-content\/uploads\/2025\/02\/E6E8B205-6081-4F47-86E8-52912B31A543-edited.jpg 1537w, https:\/\/www.liana.com.co\/wp-content\/uploads\/2025\/02\/E6E8B205-6081-4F47-86E8-52912B31A543-edited-300x225.jpg 300w, https:\/\/www.liana.com.co\/wp-content\/uploads\/2025\/02\/E6E8B205-6081-4F47-86E8-52912B31A543-edited-1024x768.jpg 1024w, https:\/\/www.liana.com.co\/wp-content\/uploads\/2025\/02\/E6E8B205-6081-4F47-86E8-52912B31A543-edited-768x576.jpg 768w, https:\/\/www.liana.com.co\/wp-content\/uploads\/2025\/02\/E6E8B205-6081-4F47-86E8-52912B31A543-edited-16x12.jpg 16w, https:\/\/www.liana.com.co\/wp-content\/uploads\/2025\/02\/E6E8B205-6081-4F47-86E8-52912B31A543-edited-1170x878.jpg 1170w, https:\/\/www.liana.com.co\/wp-content\/uploads\/2025\/02\/E6E8B205-6081-4F47-86E8-52912B31A543-edited-200x150.jpg 200w\" sizes=\"(max-width: 1537px) 100vw, 1537px\" \/><span aria-hidden=\"true\" class=\"wp-block-cover__background has-background-dim-0 has-background-dim\" style=\"background-color:#c19985\"><\/span><div class=\"wp-block-cover__inner-container is-layout-flow wp-block-cover-is-layout-flow\">\n<p class=\"has-text-align-center has-large-font-size\"><\/p>\n<\/div><\/div>\n<\/div>\n<\/div>\n<\/div>\n\n\n\n<p><\/p>\n\n\n\n<p><\/p>\n\n\n\n<div class=\"wp-block-group alignfull is-layout-constrained wp-container-core-group-is-layout-c71aaeba wp-block-group-is-layout-constrained\" style=\"padding-top:100px;padding-right:1.5rem;padding-bottom:100px;padding-left:1.5rem\">\n<h2 class=\"wp-block-heading has-text-align-center has-large-font-size\" style=\"margin-bottom:48px\">We design objects filled with stories and impact.<\/h2>\n\n\n\n<div class=\"wp-block-columns is-layout-flex wp-container-core-columns-is-layout-28f84493 wp-block-columns-is-layout-flex\">\n<div class=\"wp-block-column is-layout-flow wp-block-column-is-layout-flow\">\n<div class=\"wp-block-group has-border-color has-stroke-border-color has-background-background-color has-background is-layout-constrained wp-container-core-group-is-layout-ddf4f0c0 wp-block-group-is-layout-constrained\" style=\"border-width:1px;border-radius:5px;padding-top:40px;padding-right:40px;padding-bottom:40px;padding-left:40px\">\n<div class=\"wp-block-group is-nowrap is-layout-flex wp-container-core-group-is-layout-f66f9956 wp-block-group-is-layout-flex\">\n<figure class=\"wp-block-image size-full is-resized no-shrink\"><img decoding=\"async\" width=\"402\" height=\"410\" src=\"https:\/\/www.liana.com.co\/wp-content\/uploads\/2025\/02\/Screenshot-2025-02-15-at-3.18.50\u202fPM.png\" alt=\"\" class=\"wp-image-20385\" style=\"width:57px;height:56px\" srcset=\"https:\/\/www.liana.com.co\/wp-content\/uploads\/2025\/02\/Screenshot-2025-02-15-at-3.18.50\u202fPM.png 402w, https:\/\/www.liana.com.co\/wp-content\/uploads\/2025\/02\/Screenshot-2025-02-15-at-3.18.50\u202fPM-294x300.png 294w, https:\/\/www.liana.com.co\/wp-content\/uploads\/2025\/02\/Screenshot-2025-02-15-at-3.18.50\u202fPM-12x12.png 12w, https:\/\/www.liana.com.co\/wp-content\/uploads\/2025\/02\/Screenshot-2025-02-15-at-3.18.50\u202fPM-200x204.png 200w\" sizes=\"(max-width: 402px) 100vw, 402px\" \/><\/figure>\n\n\n\n<div class=\"wp-block-group is-layout-constrained wp-container-core-group-is-layout-bdcbbb17 wp-block-group-is-layout-constrained\">\n<h3 class=\"wp-block-heading\" style=\"font-size:1.25rem\">Special orders<\/h3>\n\n\n\n<p>We create exclusive products for brands and companies that share our values, as well as architectural finishes that fill spaces with stories, tradition, and a contemporary touch.<\/p>\n\n\n\n<p class=\"has-text-align-right has-primary-color has-text-color has-link-color has-small-font-size wp-elements-b38f05acf297c2e1a65f1768abf92e55\" style=\"font-style:normal;font-weight:700\"><a href=\"https:\/\/www.liana.com.co\/en\/pedidos-especiales\/\">Special Orders<\/a><\/p>\n\n\n\n<p class=\"has-text-align-right has-primary-color has-text-color has-link-color has-small-font-size wp-elements-3ceaf042205be22b84bdea0e75583503\" style=\"font-style:normal;font-weight:700\"><a href=\"https:\/\/www.liana.com.co\/en\/acabados-arquitectonicos-2\/\">Interior Design<\/a><\/p>\n<\/div>\n<\/div>\n<\/div>\n<\/div>\n\n\n\n<div class=\"wp-block-column is-layout-flow wp-block-column-is-layout-flow\">\n<div class=\"wp-block-group has-border-color has-stroke-border-color has-background-background-color has-background is-layout-constrained wp-container-core-group-is-layout-ddf4f0c0 wp-block-group-is-layout-constrained\" style=\"border-width:1px;border-radius:5px;padding-top:40px;padding-right:40px;padding-bottom:40px;padding-left:40px\">\n<div class=\"wp-block-group is-nowrap is-layout-flex wp-container-core-group-is-layout-f66f9956 wp-block-group-is-layout-flex\">\n<figure class=\"wp-block-image size-full is-resized no-shrink\"><img decoding=\"async\" width=\"446\" height=\"446\" src=\"https:\/\/www.liana.com.co\/wp-content\/uploads\/2025\/02\/Screenshot-2025-02-15-at-3.19.00\u202fPM.png\" alt=\"\" class=\"wp-image-20386\" style=\"width:57px;height:56px\" srcset=\"https:\/\/www.liana.com.co\/wp-content\/uploads\/2025\/02\/Screenshot-2025-02-15-at-3.19.00\u202fPM.png 446w, https:\/\/www.liana.com.co\/wp-content\/uploads\/2025\/02\/Screenshot-2025-02-15-at-3.19.00\u202fPM-300x300.png 300w, https:\/\/www.liana.com.co\/wp-content\/uploads\/2025\/02\/Screenshot-2025-02-15-at-3.19.00\u202fPM-150x150.png 150w, https:\/\/www.liana.com.co\/wp-content\/uploads\/2025\/02\/Screenshot-2025-02-15-at-3.19.00\u202fPM-12x12.png 12w, https:\/\/www.liana.com.co\/wp-content\/uploads\/2025\/02\/Screenshot-2025-02-15-at-3.19.00\u202fPM-200x200.png 200w, https:\/\/www.liana.com.co\/wp-content\/uploads\/2025\/02\/Screenshot-2025-02-15-at-3.19.00\u202fPM-100x100.png 100w\" sizes=\"(max-width: 446px) 100vw, 446px\" \/><\/figure>\n\n\n\n<div class=\"wp-block-group is-layout-constrained wp-container-core-group-is-layout-bdcbbb17 wp-block-group-is-layout-constrained\">\n<h3 class=\"wp-block-heading\" style=\"font-size:1.25rem\">Community Projects<\/h3>\n\n\n\n<p>We design and support artisanal strengthening processes with vulnerable communities, promoting their economic autonomy and cultural preservation.<\/p>\n\n\n\n<p class=\"has-text-align-right has-primary-color has-text-color has-link-color has-small-font-size wp-elements-6c8de287cb73d20a2ab5625aa38946ae\" style=\"font-style:normal;font-weight:700\"><a href=\"https:\/\/www.liana.com.co\/en\/tesoro-barulero-tejiendo-identidad\/\" target=\"_blank\" rel=\"noreferrer noopener\">Project Bar\u00fa<\/a><\/p>\n\n\n\n<p class=\"has-text-align-right has-primary-color has-text-color has-link-color has-small-font-size wp-elements-5e5a4733db1758d890b3412bcda0c129\" style=\"font-style:normal;font-weight:700\"><a href=\"https:\/\/www.liana.com.co\/en\/grupos-de-artesanos\/\">Artisans<\/a><\/p>\n<\/div>\n<\/div>\n<\/div>\n<\/div>\n<\/div>\n\n\n\n<div class=\"wp-block-columns is-layout-flex wp-container-core-columns-is-layout-28f84493 wp-block-columns-is-layout-flex\">\n<div class=\"wp-block-column is-layout-flow wp-block-column-is-layout-flow\">\n<div class=\"wp-block-group has-border-color has-stroke-border-color has-background-background-color has-background is-layout-constrained wp-container-core-group-is-layout-ddf4f0c0 wp-block-group-is-layout-constrained\" style=\"border-width:1px;border-radius:5px;padding-top:40px;padding-right:40px;padding-bottom:40px;padding-left:40px\">\n<div class=\"wp-block-group is-nowrap is-layout-flex wp-container-core-group-is-layout-f66f9956 wp-block-group-is-layout-flex\">\n<figure class=\"wp-block-image size-full is-resized no-shrink\"><img loading=\"lazy\" decoding=\"async\" width=\"442\" height=\"448\" src=\"https:\/\/www.liana.com.co\/wp-content\/uploads\/2025\/02\/Screenshot-2025-02-15-at-3.18.57\u202fPM.png\" alt=\"\" class=\"wp-image-20387\" style=\"width:57px;height:56px\" srcset=\"https:\/\/www.liana.com.co\/wp-content\/uploads\/2025\/02\/Screenshot-2025-02-15-at-3.18.57\u202fPM.png 442w, https:\/\/www.liana.com.co\/wp-content\/uploads\/2025\/02\/Screenshot-2025-02-15-at-3.18.57\u202fPM-296x300.png 296w, https:\/\/www.liana.com.co\/wp-content\/uploads\/2025\/02\/Screenshot-2025-02-15-at-3.18.57\u202fPM-12x12.png 12w, https:\/\/www.liana.com.co\/wp-content\/uploads\/2025\/02\/Screenshot-2025-02-15-at-3.18.57\u202fPM-200x203.png 200w, https:\/\/www.liana.com.co\/wp-content\/uploads\/2025\/02\/Screenshot-2025-02-15-at-3.18.57\u202fPM-100x100.png 100w\" sizes=\"(max-width: 442px) 100vw, 442px\" \/><\/figure>\n\n\n\n<div class=\"wp-block-group is-layout-constrained wp-container-core-group-is-layout-bdcbbb17 wp-block-group-is-layout-constrained\">\n<h3 class=\"wp-block-heading\" style=\"font-size:1.25rem\">Home Decor<\/h3>\n\n\n\n<p>Baskets, lamps, and unique objects that illuminate spaces and celebrate our roots.<\/p>\n\n\n\n<p class=\"has-text-align-right has-primary-color has-text-color has-link-color has-small-font-size wp-elements-e0187fa7d6cbd90003f4ea60b73a0390\" style=\"font-style:normal;font-weight:700\"><a href=\"https:\/\/www.liana.com.co\/en\/product-category\/decoracion\/\">View products<\/a><\/p>\n<\/div>\n<\/div>\n<\/div>\n<\/div>\n\n\n\n<div class=\"wp-block-column is-layout-flow wp-block-column-is-layout-flow\">\n<div class=\"wp-block-group has-border-color has-stroke-border-color has-background-background-color has-background is-layout-constrained wp-container-core-group-is-layout-ddf4f0c0 wp-block-group-is-layout-constrained\" style=\"border-width:1px;border-radius:5px;padding-top:40px;padding-right:40px;padding-bottom:40px;padding-left:40px\">\n<div class=\"wp-block-group is-nowrap is-layout-flex wp-container-core-group-is-layout-f66f9956 wp-block-group-is-layout-flex\">\n<figure class=\"wp-block-image size-full is-resized no-shrink\"><img loading=\"lazy\" decoding=\"async\" width=\"410\" height=\"414\" src=\"https:\/\/www.liana.com.co\/wp-content\/uploads\/2025\/02\/Screenshot-2025-02-15-at-3.18.53\u202fPM.png\" alt=\"\" class=\"wp-image-20388\" style=\"width:56px;height:56px\" srcset=\"https:\/\/www.liana.com.co\/wp-content\/uploads\/2025\/02\/Screenshot-2025-02-15-at-3.18.53\u202fPM.png 410w, https:\/\/www.liana.com.co\/wp-content\/uploads\/2025\/02\/Screenshot-2025-02-15-at-3.18.53\u202fPM-297x300.png 297w, https:\/\/www.liana.com.co\/wp-content\/uploads\/2025\/02\/Screenshot-2025-02-15-at-3.18.53\u202fPM-150x150.png 150w, https:\/\/www.liana.com.co\/wp-content\/uploads\/2025\/02\/Screenshot-2025-02-15-at-3.18.53\u202fPM-12x12.png 12w, https:\/\/www.liana.com.co\/wp-content\/uploads\/2025\/02\/Screenshot-2025-02-15-at-3.18.53\u202fPM-200x202.png 200w, https:\/\/www.liana.com.co\/wp-content\/uploads\/2025\/02\/Screenshot-2025-02-15-at-3.18.53\u202fPM-100x100.png 100w\" sizes=\"(max-width: 410px) 100vw, 410px\" \/><\/figure>\n\n\n\n<div class=\"wp-block-group is-layout-constrained wp-container-core-group-is-layout-bdcbbb17 wp-block-group-is-layout-constrained\">\n<h3 class=\"wp-block-heading\" style=\"font-size:1.25rem\">Jewlery and Accesories<\/h3>\n\n\n\n<p>Handmade elegance, crafted with natural materials and ancestral techniques.<\/p>\n\n\n\n<p class=\"has-text-align-right has-primary-color has-text-color has-link-color has-small-font-size wp-elements-219bf02133e7dfbde2850403c83a35df\" style=\"font-style:normal;font-weight:700\"><a href=\"https:\/\/www.liana.com.co\/en\/product-category\/accesorios\/\">View products<\/a><\/p>\n<\/div>\n<\/div>\n<\/div>\n<\/div>\n<\/div>\n\n\n\n<div class=\"wp-block-group has-background-light-background-color has-background is-layout-constrained wp-container-core-group-is-layout-ed30c500 wp-block-group-is-layout-constrained\" style=\"padding-top:100px;padding-bottom:100px\">\n<div class=\"wp-block-columns is-layout-flex wp-container-core-columns-is-layout-04fa3f86 wp-block-columns-is-layout-flex\">\n<div class=\"wp-block-column is-layout-flow wp-block-column-is-layout-flow\">\n<h2 class=\"wp-block-heading has-medium-large-font-size\" id=\"discover-my-latest-video\">What drives us: Creativity that transforms lives.<\/h2>\n\n\n\n<p>Our mission is to empower artisans, especially women, through fair and collaborative work, fostering the development of sustainable businesses and equal opportunities.<\/p>\n<\/div>\n\n\n\n<div class=\"wp-block-column is-layout-flow wp-block-column-is-layout-flow\">\n<figure class=\"wp-block-embed is-type-video is-provider-youtube wp-block-embed-youtube wp-embed-aspect-16-9 wp-has-aspect-ratio\"><div class=\"wp-block-embed__wrapper\">\n<iframe title=\"LIANA CREATIVA\" width=\"1170\" height=\"658\" src=\"https:\/\/www.youtube.com\/embed\/2GjfzFKowC0?start=1&#038;feature=oembed\" frameborder=\"0\" allow=\"accelerometer; autoplay; clipboard-write; encrypted-media; gyroscope; picture-in-picture; web-share\" referrerpolicy=\"strict-origin-when-cross-origin\" allowfullscreen><\/iframe>\n<\/div><\/figure>\n<\/div>\n<\/div>\n<\/div>\n<\/div>\n<\/div>\n\n\n\n<blockquote class=\"wp-block-quote is-layout-flow wp-block-quote-is-layout-flow\">\n<p><\/p>\n<\/blockquote>\n\n\n\n<div class=\"wp-block-columns is-layout-flex wp-container-core-columns-is-layout-28f84493 wp-block-columns-is-layout-flex\">\n<div class=\"wp-block-column is-layout-flow wp-block-column-is-layout-flow\" style=\"flex-basis:33.33%\">\n<p><br><\/p>\n<\/div>\n\n\n\n<div class=\"wp-block-column is-layout-flow wp-block-column-is-layout-flow\" style=\"flex-basis:66.66%\"><\/div>\n<\/div>\n\n\n\n<p><\/p>","protected":false},"excerpt":{"rendered":"<p>Conectamos la tradici\u00f3n y el dise\u00f1o para crear objetos \u00fanicos hechos a mano por artesanos colombianos. Somos un estudio de dise\u00f1o artesanal que celebra la diversidad creativa de Colombia, llevando al mercado productos llenos de historias e impacto. Desde 2016, trabajamos en colaboraci\u00f3n con comunidades y artesanos para preservar el legado artesanal, transformar fibras naturales [&hellip;]<\/p>\n","protected":false},"author":861,"featured_media":0,"parent":0,"menu_order":0,"comment_status":"closed","ping_status":"closed","template":"","meta":{"content-type":"","footnotes":""},"class_list":["post-20375","page","type-page","status-publish","hentry"],"yoast_head":"<!-- This site is optimized with the Yoast SEO plugin v27.4 - https:\/\/yoast.com\/product\/yoast-seo-wordpress\/ -->\n<title>Somos LIANA | LIANA<\/title>\n<meta name=\"description\" content=\"Conectamos la tradici\u00f3n y el dise\u00f1o para crear objetos \u00fanicos hechos a mano por artesanos colombianos.\" \/>\n<meta name=\"robots\" content=\"index, follow, max-snippet:-1, max-image-preview:large, max-video-preview:-1\" \/>\n<link rel=\"canonical\" href=\"https:\/\/www.liana.com.co\/en\/somos-liana-2\/\" \/>\n<meta property=\"og:locale\" content=\"en_US\" \/>\n<meta property=\"og:type\" content=\"article\" \/>\n<meta property=\"og:title\" content=\"Somos LIANA | LIANA\" \/>\n<meta property=\"og:description\" content=\"Conectamos la tradici\u00f3n y el dise\u00f1o para crear objetos \u00fanicos hechos a mano por artesanos colombianos.\" \/>\n<meta property=\"og:url\" content=\"https:\/\/www.liana.com.co\/en\/somos-liana-2\/\" \/>\n<meta property=\"og:site_name\" content=\"LIANA\" \/>\n<meta property=\"article:publisher\" content=\"https:\/\/www.facebook.com\/LIANAcreativa\" \/>\n<meta property=\"article:modified_time\" content=\"2025-10-22T21:55:24+00:00\" \/>\n<meta property=\"og:image\" content=\"https:\/\/www.liana.com.co\/wp-content\/uploads\/2025\/02\/E6E8B205-6081-4F47-86E8-52912B31A543-edited.jpg\" \/>\n<meta name=\"twitter:card\" content=\"summary_large_image\" \/>\n<meta name=\"twitter:label1\" content=\"Est. reading time\" \/>\n\t<meta name=\"twitter:data1\" content=\"2 minutes\" \/>\n<script type=\"application\/ld+json\" class=\"yoast-schema-graph\">{\"@context\":\"https:\\\/\\\/schema.org\",\"@graph\":[{\"@type\":\"WebPage\",\"@id\":\"https:\\\/\\\/www.liana.com.co\\\/somos-liana-2\\\/\",\"url\":\"https:\\\/\\\/www.liana.com.co\\\/somos-liana-2\\\/\",\"name\":\"Somos LIANA | LIANA\",\"isPartOf\":{\"@id\":\"https:\\\/\\\/www.liana.com.co\\\/#website\"},\"primaryImageOfPage\":{\"@id\":\"https:\\\/\\\/www.liana.com.co\\\/somos-liana-2\\\/#primaryimage\"},\"image\":{\"@id\":\"https:\\\/\\\/www.liana.com.co\\\/somos-liana-2\\\/#primaryimage\"},\"thumbnailUrl\":\"http:\\\/\\\/www.liana.com.co\\\/wp-content\\\/uploads\\\/2025\\\/02\\\/E6E8B205-6081-4F47-86E8-52912B31A543-edited.jpg\",\"datePublished\":\"2025-02-15T20:20:18+00:00\",\"dateModified\":\"2025-10-22T21:55:24+00:00\",\"description\":\"Conectamos la tradici\u00f3n y el dise\u00f1o para crear objetos \u00fanicos hechos a mano por artesanos colombianos.\",\"breadcrumb\":{\"@id\":\"https:\\\/\\\/www.liana.com.co\\\/somos-liana-2\\\/#breadcrumb\"},\"inLanguage\":\"en-US\",\"potentialAction\":[{\"@type\":\"ReadAction\",\"target\":[\"https:\\\/\\\/www.liana.com.co\\\/somos-liana-2\\\/\"]}]},{\"@type\":\"ImageObject\",\"inLanguage\":\"en-US\",\"@id\":\"https:\\\/\\\/www.liana.com.co\\\/somos-liana-2\\\/#primaryimage\",\"url\":\"http:\\\/\\\/www.liana.com.co\\\/wp-content\\\/uploads\\\/2025\\\/02\\\/E6E8B205-6081-4F47-86E8-52912B31A543-edited.jpg\",\"contentUrl\":\"http:\\\/\\\/www.liana.com.co\\\/wp-content\\\/uploads\\\/2025\\\/02\\\/E6E8B205-6081-4F47-86E8-52912B31A543-edited.jpg\"},{\"@type\":\"BreadcrumbList\",\"@id\":\"https:\\\/\\\/www.liana.com.co\\\/somos-liana-2\\\/#breadcrumb\",\"itemListElement\":[{\"@type\":\"ListItem\",\"position\":1,\"name\":\"Portada\",\"item\":\"https:\\\/\\\/www.liana.com.co\\\/\"},{\"@type\":\"ListItem\",\"position\":2,\"name\":\"Somos LIANA\"}]},{\"@type\":\"WebSite\",\"@id\":\"https:\\\/\\\/www.liana.com.co\\\/#website\",\"url\":\"https:\\\/\\\/www.liana.com.co\\\/\",\"name\":\"LIANA\",\"description\":\"Artesanos Contempor\u00e1neos\",\"publisher\":{\"@id\":\"https:\\\/\\\/www.liana.com.co\\\/#organization\"},\"potentialAction\":[{\"@type\":\"SearchAction\",\"target\":{\"@type\":\"EntryPoint\",\"urlTemplate\":\"https:\\\/\\\/www.liana.com.co\\\/?s={search_term_string}\"},\"query-input\":{\"@type\":\"PropertyValueSpecification\",\"valueRequired\":true,\"valueName\":\"search_term_string\"}}],\"inLanguage\":\"en-US\"},{\"@type\":\"Organization\",\"@id\":\"https:\\\/\\\/www.liana.com.co\\\/#organization\",\"name\":\"LIANA\",\"url\":\"https:\\\/\\\/www.liana.com.co\\\/\",\"logo\":{\"@type\":\"ImageObject\",\"inLanguage\":\"en-US\",\"@id\":\"https:\\\/\\\/www.liana.com.co\\\/#\\\/schema\\\/logo\\\/image\\\/\",\"url\":\"https:\\\/\\\/www.liana.com.co\\\/wp-content\\\/uploads\\\/2022\\\/11\\\/LIANA-BLACK.png\",\"contentUrl\":\"https:\\\/\\\/www.liana.com.co\\\/wp-content\\\/uploads\\\/2022\\\/11\\\/LIANA-BLACK.png\",\"width\":339,\"height\":98,\"caption\":\"LIANA\"},\"image\":{\"@id\":\"https:\\\/\\\/www.liana.com.co\\\/#\\\/schema\\\/logo\\\/image\\\/\"},\"sameAs\":[\"https:\\\/\\\/www.facebook.com\\\/LIANAcreativa\",\"https:\\\/\\\/www.instagram.com\\\/LIANA_creativa\"]}]}<\/script>\n<!-- \/ Yoast SEO plugin. -->","yoast_head_json":{"title":"Somos LIANA | LIANA","description":"We connect tradition and design to create unique handmade objects crafted by Colombian artisans.","robots":{"index":"index","follow":"follow","max-snippet":"max-snippet:-1","max-image-preview":"max-image-preview:large","max-video-preview":"max-video-preview:-1"},"canonical":"https:\/\/www.liana.com.co\/en\/somos-liana-2\/","og_locale":"en_US","og_type":"article","og_title":"Somos LIANA | LIANA","og_description":"Conectamos la tradici\u00f3n y el dise\u00f1o para crear objetos \u00fanicos hechos a mano por artesanos colombianos.","og_url":"https:\/\/www.liana.com.co\/en\/somos-liana-2\/","og_site_name":"LIANA","article_publisher":"https:\/\/www.facebook.com\/LIANAcreativa","article_modified_time":"2025-10-22T21:55:24+00:00","og_image":[{"url":"https:\/\/www.liana.com.co\/wp-content\/uploads\/2025\/02\/E6E8B205-6081-4F47-86E8-52912B31A543-edited.jpg","type":"","width":"","height":""}],"twitter_card":"summary_large_image","twitter_misc":{"Est. reading time":"2 minutes"},"schema":{"@context":"https:\/\/schema.org","@graph":[{"@type":"WebPage","@id":"https:\/\/www.liana.com.co\/somos-liana-2\/","url":"https:\/\/www.liana.com.co\/somos-liana-2\/","name":"Somos LIANA | LIANA","isPartOf":{"@id":"https:\/\/www.liana.com.co\/#website"},"primaryImageOfPage":{"@id":"https:\/\/www.liana.com.co\/somos-liana-2\/#primaryimage"},"image":{"@id":"https:\/\/www.liana.com.co\/somos-liana-2\/#primaryimage"},"thumbnailUrl":"https:\/\/www.liana.com.co\/wp-content\/uploads\/2025\/02\/E6E8B205-6081-4F47-86E8-52912B31A543-edited.jpg","datePublished":"2025-02-15T20:20:18+00:00","dateModified":"2025-10-22T21:55:24+00:00","description":"We connect tradition and design to create unique handmade objects crafted by Colombian artisans.","breadcrumb":{"@id":"https:\/\/www.liana.com.co\/somos-liana-2\/#breadcrumb"},"inLanguage":"en-US","potentialAction":[{"@type":"ReadAction","target":["https:\/\/www.liana.com.co\/somos-liana-2\/"]}]},{"@type":"ImageObject","inLanguage":"en-US","@id":"https:\/\/www.liana.com.co\/somos-liana-2\/#primaryimage","url":"https:\/\/www.liana.com.co\/wp-content\/uploads\/2025\/02\/E6E8B205-6081-4F47-86E8-52912B31A543-edited.jpg","contentUrl":"https:\/\/www.liana.com.co\/wp-content\/uploads\/2025\/02\/E6E8B205-6081-4F47-86E8-52912B31A543-edited.jpg"},{"@type":"BreadcrumbList","@id":"https:\/\/www.liana.com.co\/somos-liana-2\/#breadcrumb","itemListElement":[{"@type":"ListItem","position":1,"name":"Portada","item":"https:\/\/www.liana.com.co\/"},{"@type":"ListItem","position":2,"name":"Somos LIANA"}]},{"@type":"WebSite","@id":"https:\/\/www.liana.com.co\/#website","url":"https:\/\/www.liana.com.co\/","name":"LIANA","description":"Contemporary Artisans","publisher":{"@id":"https:\/\/www.liana.com.co\/#organization"},"potentialAction":[{"@type":"SearchAction","target":{"@type":"EntryPoint","urlTemplate":"https:\/\/www.liana.com.co\/?s={search_term_string}"},"query-input":{"@type":"PropertyValueSpecification","valueRequired":true,"valueName":"search_term_string"}}],"inLanguage":"en-US"},{"@type":"Organization","@id":"https:\/\/www.liana.com.co\/#organization","name":"LIANA","url":"https:\/\/www.liana.com.co\/","logo":{"@type":"ImageObject","inLanguage":"en-US","@id":"https:\/\/www.liana.com.co\/#\/schema\/logo\/image\/","url":"https:\/\/www.liana.com.co\/wp-content\/uploads\/2022\/11\/LIANA-BLACK.png","contentUrl":"https:\/\/www.liana.com.co\/wp-content\/uploads\/2022\/11\/LIANA-BLACK.png","width":339,"height":98,"caption":"LIANA"},"image":{"@id":"https:\/\/www.liana.com.co\/#\/schema\/logo\/image\/"},"sameAs":["https:\/\/www.facebook.com\/LIANAcreativa","https:\/\/www.instagram.com\/LIANA_creativa"]}]}},"jetpack_sharing_enabled":true,"_links":{"self":[{"href":"https:\/\/www.liana.com.co\/en\/wp-json\/wp\/v2\/pages\/20375","targetHints":{"allow":["GET"]}}],"collection":[{"href":"https:\/\/www.liana.com.co\/en\/wp-json\/wp\/v2\/pages"}],"about":[{"href":"https:\/\/www.liana.com.co\/en\/wp-json\/wp\/v2\/types\/page"}],"author":[{"embeddable":true,"href":"https:\/\/www.liana.com.co\/en\/wp-json\/wp\/v2\/users\/861"}],"replies":[{"embeddable":true,"href":"https:\/\/www.liana.com.co\/en\/wp-json\/wp\/v2\/comments?post=20375"}],"version-history":[{"count":5,"href":"https:\/\/www.liana.com.co\/en\/wp-json\/wp\/v2\/pages\/20375\/revisions"}],"predecessor-version":[{"id":21017,"href":"https:\/\/www.liana.com.co\/en\/wp-json\/wp\/v2\/pages\/20375\/revisions\/21017"}],"wp:attachment":[{"href":"https:\/\/www.liana.com.co\/en\/wp-json\/wp\/v2\/media?parent=20375"}],"curies":[{"name":"wp","href":"https:\/\/api.w.org\/{rel}","templated":true}]}}